{"id":12530,"date":"2026-01-22T23:14:23","date_gmt":"2026-01-22T22:14:23","guid":{"rendered":"https:\/\/www.ngdcare.nl\/product\/senza-categoria\/equilibrio-ormonale-maschio\/"},"modified":"2026-04-12T21:36:07","modified_gmt":"2026-04-12T19:36:07","slug":"equilibrio-ormonale-maschio","status":"publish","type":"product","link":"https:\/\/www.ngdcare.nl\/it\/product\/aromaterapia-it\/equilibrio-ormonale-maschio\/","title":{"rendered":"Equilibrio ormonale \u2013 Maschio"},"content":{"rendered":"<p class=\"p1\">Le fluttuazioni ormonali possono portare a irrequietezza, fissazione, comportamento dominante, marcatura eccessiva o difficolt\u00e0 nel cambiare nei cani maschi. Questo comportamento \u00e8 raramente &#8220;educativo&#8221;, ma spesso \u00e8 il risultato di un <span class=\"s1\"><b>sistema ormonale e di stress iperattivo<\/b><\/span>. <\/p>\n<p class=\"p1\"><span class=\"s1\"><b>Hormonal Balance \u2013 Male<\/b><\/span> \u00e8 un rullo aromaterapico formulato con cura che supporta il corpo durante queste fasi ormonali. La miscela ha un effetto pi\u00f9 profondo sul <span class=\"s1\"><b>sistema nervoso e sulla risposta allo stress ormonale<\/b><\/span>, e aiuta i cani maschi a sperimentare pace, concentrazione e limitazioni nuovamente. <\/p>\n<p class=\"p1\">La composizione \u00e8 volutamente <span class=\"s1\"><b>non attivante<\/b><\/span> e priva di oli agrumici stimolanti. Questo rende il rullo adatto all&#8217;uso quotidiano in caso di disagio ormonale, senza attenuare o cambiare l&#8217;animale. <\/p>\n<ul>\n<li class=\"p1\"><b>Cedro <\/b><span class=\"s1\"> \u2013 Confine, Stabilit\u00e0<\/span><\/li>\n<li class=\"p1\"><span class=\"s1\"><b>Vetiver <\/b><\/span> \u2013 attivazione parasimpatica profonda<\/li>\n<li class=\"p1\"><span class=\"s1\"><b>Maggiorana <\/b><\/span> \u2013 rilassamento, iperattivazione inibitoria<\/li>\n<li class=\"p1\"><b>Lavanda <\/b><span class=\"s1\"> \u2013 riposo, rilassamento<\/span><\/li>\n<li class=\"p1\"><b>Incenso <\/b><span class=\"s1\">\u2013 regolazione neuroormonale<\/span><\/li>\n<\/ul>\n<h4><b>Supporti in<\/b><\/h4>\n<ul>\n<li class=\"p1\">Ipersessualit\u00e0<\/li>\n<li class=\"p1\">Comportamento dominante o impulsivo<\/li>\n<li class=\"p1\">Turbamento ormonale<\/li>\n<li class=\"p1\">Scarso cambio di marcia<\/li>\n<li class=\"p1\">Inquietudine per la presenza di ragazze in calore<\/li>\n<\/ul>\n","protected":false},"excerpt":{"rendered":"<p class=\"p1\">Supporta i cani maschi con turbolenze ormonali, comportamenti ipersessuali e reazioni di cambio dominante o scarse. <span class=\"s1\"><b>Equilibrio ormonale \u2013 Il maschio<\/b><\/span> aiuta a calmare il sistema nervoso nei cani maschi e supporta il confinamento naturale, senza intorpidire o sopprimere.<\/p>\n","protected":false},"featured_media":12531,"comment_status":"open","ping_status":"closed","template":"","meta":{"wds_primary_product_brand":0,"wds_primary_product_cat":0,"wds_primary_merken":0},"product_brand":[],"product_cat":[3082],"product_tag":[6679,6680,6678,6677,7842,6681],"merken":[],"class_list":{"0":"post-12530","1":"product","2":"type-product","3":"status-publish","4":"has-post-thumbnail","6":"product_cat-aromaterapia-it","7":"product_tag-cane-dellipersessualita","8":"product_tag-cane-di-aromaterapia","9":"product_tag-cane-dominante","10":"product_tag-equilibrio-ormonale-maschile","11":"product_tag-stress-e-comportamento","12":"product_tag-supporto-comportamentale","13":"infinite-scroll-item","14":"sales-flash-overlay","15":"woocommerce-text-align-center","16":"woocommerce-image-align-center","17":"do-quantity-buttons","19":"first","20":"instock","21":"taxable","22":"shipping-taxable","23":"purchasable","24":"product-type-simple"},"_links":{"self":[{"href":"https:\/\/www.ngdcare.nl\/it\/wp-json\/wp\/v2\/product\/12530","targetHints":{"allow":["GET"]}}],"collection":[{"href":"https:\/\/www.ngdcare.nl\/it\/wp-json\/wp\/v2\/product"}],"about":[{"href":"https:\/\/www.ngdcare.nl\/it\/wp-json\/wp\/v2\/types\/product"}],"replies":[{"embeddable":true,"href":"https:\/\/www.ngdcare.nl\/it\/wp-json\/wp\/v2\/comments?post=12530"}],"wp:featuredmedia":[{"embeddable":true,"href":"https:\/\/www.ngdcare.nl\/it\/wp-json\/wp\/v2\/media\/12531"}],"wp:attachment":[{"href":"https:\/\/www.ngdcare.nl\/it\/wp-json\/wp\/v2\/media?parent=12530"}],"wp:term":[{"taxonomy":"product_brand","embeddable":true,"href":"https:\/\/www.ngdcare.nl\/it\/wp-json\/wp\/v2\/product_brand?post=12530"},{"taxonomy":"product_cat","embeddable":true,"href":"https:\/\/www.ngdcare.nl\/it\/wp-json\/wp\/v2\/product_cat?post=12530"},{"taxonomy":"product_tag","embeddable":true,"href":"https:\/\/www.ngdcare.nl\/it\/wp-json\/wp\/v2\/product_tag?post=12530"},{"taxonomy":"merken","embeddable":true,"href":"https:\/\/www.ngdcare.nl\/it\/wp-json\/wp\/v2\/merken?post=12530"}],"curies":[{"name":"wp","href":"https:\/\/api.w.org\/{rel}","templated":true}]}}