{"id":15017,"date":"2026-02-10T14:18:57","date_gmt":"2026-02-10T13:18:57","guid":{"rendered":"https:\/\/www.ngdcare.nl\/product\/senza-categoria\/protocollo-per-microbi-intracellulari\/"},"modified":"2026-05-02T15:49:02","modified_gmt":"2026-05-02T13:49:02","slug":"protocollo-per-microbi-intracellulari","status":"publish","type":"product","link":"https:\/\/www.ngdcare.nl\/it\/product\/veterinary-health\/protocolli\/protocollo-per-microbi-intracellulari\/","title":{"rendered":"Protocollo per Microbi Intracellulari"},"content":{"rendered":"<p data-start=\"379\" data-end=\"631\"><strong data-start=\"637\" data-end=\"672\">Il Protocollo per Microbi Intracellulari<\/strong> \u00e8 stato sviluppato per cani e gatti che non si riprendono sufficientemente dopo infezioni o continuano a soffrire di disturbi cronici, variabili o inspiegabili. Alcuni microrganismi possono nascondersi all&#8217;interno delle cellule del corpo, rendendoli difficili da raggiungere per il sistema immunitario. Questo pu\u00f2 portare a sintomi a lungo termine o ricorrenti, anche dopo che un&#8217;infezione \u00e8 apparentemente stata trattata. Il protocollo si concentra non solo sul microbio, ma soprattutto sul corpo che \u00e8 stato sotto pressione per molto tempo.   <\/p>\n<p data-start=\"985\" data-end=\"1264\">I microbi intracellulari sono microrganismi che si alloggiano (temporaneamente o a lungo termine) nelle cellule del corpo. Esempi includono Borrelia, Ehrlichia, Anaplasma, Bartonella, Leishmania, Babesia, Toxoplasma e il carico residuo post-infettivo dopo infezioni virali. <\/p>\n<p data-start=\"1266\" data-end=\"1391\">Questo peso pu\u00f2 portare all&#8217;attivazione immunitaria cronica, a infiammazioni di basso grado e a un alteramento della gestione dell&#8217;energia.<\/p>\n<h4 data-start=\"1398\" data-end=\"1431\">Perch\u00e9 un approccio a fasi?<\/h4>\n<p data-start=\"1432\" data-end=\"1617\">Con un carico intracellulare prolungato, il corpo \u00e8 spesso continuamente \u201cacceso&#8221;. Senza prima creare pace e stabilit\u00e0, un ulteriore supporto pu\u00f2 portare a disregolazione o ricaduta. <\/p>\n<p data-start=\"1619\" data-end=\"1789\">Ecco perch\u00e9 il Protocollo NGD Care Intracellular Microbe Protocol utilizza un <strong data-start=\"1689\" data-end=\"1733\">approccio accuratamente costruito e a fasi <\/strong>che supporta il corpo passo dopo passo nel recupero. In totale, questo protocollo dura 20 settimane. <\/p>\n<h4 data-start=\"1796\" data-end=\"1845\">Struttura del Protocollo per Microbi Intracellulari<\/h4>\n<p><strong>Fase 1 \u2013 Stabilizzazione Immunitaria e Infiammazione<\/strong> (4 settimane)<\/p>\n<ul>\n<li>In questa fase, il corpo si calma e si prepara per i passi successivi.<\/li>\n<li>Supporto con:\n<ul>\n<li><strong data-start=\"2017\" data-end=\"2033\">Lattoferrina<\/strong> \u2013 Sostiene l&#8217;equilibrio immunitario e la funzione dei macrofagi e aiuta a regolare risposte infiammatorie eccessive.<\/li>\n<li><strong data-start=\"2085\" data-end=\"2129\">Myco Immune Complex (Mushroom Mix 1)<\/strong> \u2013 Agisce in modo immunomodulatore e aiuta a bilanciare il sistema immunitario senza sovrastimolare.<\/li>\n<li><strong data-start=\"2153\" data-end=\"2172\">Complesso PEA (PEA &amp; Boswellia)<\/strong> \u2013 Supporta il sistema nervoso e ha un effetto antinfiammatorio sul carico immunitario cronico e dello stress.<\/li>\n<\/ul>\n<\/li>\n<\/ul>\n<p><span style=\"font-size: inherit;\"><strong>Fase 2 \u2013 Supporto controllato del carico microbico<\/strong> (8 settimane)<\/span><\/p>\n<ul>\n<li data-start=\"2323\" data-end=\"2441\">Quando il corpo \u00e8 stabile, viene supportato in modo controllato nella riduzione dello stress intracellulare.<\/li>\n<li>Supporto con:\n<ul>\n<li data-start=\"2468\" data-end=\"2545\"><strong data-start=\"2468\" data-end=\"2487\">Para Reset (NAC &amp; Berberina)<\/strong> \u2013 Supporta la produzione di glutatione e aiuta a disturbare le strutture protettive intorno ai microbi.<\/li>\n<li data-start=\"2468\" data-end=\"2545\"><strong style=\"font-size: inherit;\" data-start=\"2548\" data-end=\"2584\">Oli essenziali Microbe Guard<\/strong>\n<ul>\n<li data-start=\"2468\" data-end=\"2545\">Sostenere l&#8217;equilibrio microbico del corpo attraverso due diversi meccanismi d&#8217;azione:\n<ul>\n<li data-start=\"2591\" data-end=\"2627\">Orale: <span class=\"s1\">supporto sistemico per lo squilibrio microbico.<\/span><\/li>\n<li data-start=\"2591\" data-end=\"2627\">Diffusore: per supporto cutaneo e respiratorio, senza affaticare fegato e sistema digestivo.<\/li>\n<\/ul>\n<\/li>\n<\/ul>\n<\/li>\n<li><strong data-start=\"2768\" data-end=\"2821\">Lattoferrina <\/strong>\u2013 Continua a supportare la regolazione immunitaria e aiuta a controllare le risposte infiammatorie.<\/li>\n<li><strong data-start=\"2768\" data-end=\"2821\">Supporto Immunitario Myco \u2013 <\/strong>Continua a contribuire a una risposta immunitaria equilibrata durante questa fase.<\/li>\n<li><strong data-start=\"2768\" data-end=\"2821\">Complesso PEA <\/strong>\u2013 Continua a supportare l&#8217;inibizione dell&#8217;infiammazione e la regolazione dello stress per prevenire la ricaduta.<\/li>\n<li>Opzionale: <a href=\"https:\/\/www.natuurlijkgezondedieren.nl\/ozontherapie\/\"><strong>terapia con ozono<\/strong><\/a> o (in consultazione con il veterinario) farmaci convenzionali, sempre integrati nel protocollo.<\/li>\n<\/ul>\n<\/li>\n<\/ul>\n<p><strong>Fase 3 \u2013 Recupero e resilienza<\/strong> (8 settimane)<\/p>\n<ul>\n<li data-start=\"3012\" data-end=\"3092\">La fase finale si concentra sul ripristino di energia, resilienza e vitalit\u00e0.<\/li>\n<li data-start=\"3012\" data-end=\"3092\">Supporto con:\n<ul>\n<li data-start=\"3119\" data-end=\"3159\"><strong data-start=\"3119\" data-end=\"3157\">Supporto alla longevit\u00e0 <\/strong>(NAD\u207a \/ Resveratrolo \/ Ergotionina) \u2013 Supporta la funzione mitocondriale e la produzione di energia cellulare sotto carico prolungato.<\/li>\n<li data-start=\"3162\" data-end=\"3178\"><strong data-start=\"3162\" data-end=\"3176\">Glutatione <\/strong>\u2013 Un importante antiossidante per il corpo che aiuta a ridurre lo stress ossidativo e a pulire i residui.<\/li>\n<li data-start=\"3181\" data-end=\"3197\"><strong data-start=\"3181\" data-end=\"3197\">Coenzima Q10 <\/strong>\u2013 Supporta la produzione di energia in muscoli e organi e contribuisce al recupero di vitalit\u00e0 e resilienza.<\/li>\n<\/ul>\n<\/li>\n<\/ul>\n<h4>Per chi \u00e8 adatto questo protocollo?<\/h4>\n<ul>\n<li>Animali con disturbi cronici o vari<\/li>\n<li>Animali che non si riprendono sufficientemente dopo infezioni<\/li>\n<li>Cani importati con sintomi inspiegabili<\/li>\n<li>Animali con diagnosi di batteri intracellulari o protozoi<\/li>\n<li>Animali con diagnosi di infezione virale cronica<\/li>\n<\/ul>\n<p><strong>La confezione contiene integratori sufficienti per 20 settimane per cani di 10-30 kg. In totale ottieni 3 volte la lattoferrina, 3 volte il supporto immunitario mico, 3 volte il complesso PEA, 2 volte il reset para, 1 coppe la protezione del microbe interna, 1 diffusore della protezione del microbo, 2 volte il supporto alla longevit\u00e0, 2 volte il glutatione, 2 volte il coenzima Q10.   <\/strong><\/p>\n","protected":false},"excerpt":{"rendered":"<p data-start=\"540\" data-end=\"879\">Il <strong data-start=\"544\" data-end=\"588\">protocollo NGD Care Intracellular Microbe<\/strong> \u00e8 un protocollo integrativo di recupero per cani e gatti con infezioni microbiche intracellulari croniche. Il protocollo supporta il sistema immunitario, riduce l&#8217;infiammazione di basso grado e aiuta il corpo a recuperare a livello cellulare e mitocondriale. <\/p>\n","protected":false},"featured_media":19118,"comment_status":"open","ping_status":"closed","template":"","meta":{"wds_primary_product_brand":0,"wds_primary_product_cat":0,"wds_primary_merken":0},"product_brand":[],"product_cat":[2979],"product_tag":[7377,7380,7378,7375,7385,7376,7374,7379,3034,7382,7381,7383,7384],"merken":[],"class_list":{"0":"post-15017","1":"product","2":"type-product","3":"status-publish","4":"has-post-thumbnail","6":"product_cat-protocolli","7":"product_tag-anaplasma","8":"product_tag-babesia","9":"product_tag-bartonella","10":"product_tag-borrelia","11":"product_tag-cane-per-lamentarsi-cronici","12":"product_tag-ehrlichia","13":"product_tag-infezioni-intracellulari","14":"product_tag-leishmania","15":"product_tag-parassiti","16":"product_tag-protocollo-di-recupero","17":"product_tag-protocollo-immunitario","18":"product_tag-recupero-mitocondriale","19":"product_tag-terapia-con-ozono","20":"infinite-scroll-item","21":"sales-flash-overlay","22":"woocommerce-text-align-center","23":"woocommerce-image-align-center","24":"do-quantity-buttons","26":"first","27":"instock","28":"sale","29":"taxable","30":"shipping-taxable","31":"purchasable","32":"product-type-simple"},"_links":{"self":[{"href":"https:\/\/www.ngdcare.nl\/it\/wp-json\/wp\/v2\/product\/15017","targetHints":{"allow":["GET"]}}],"collection":[{"href":"https:\/\/www.ngdcare.nl\/it\/wp-json\/wp\/v2\/product"}],"about":[{"href":"https:\/\/www.ngdcare.nl\/it\/wp-json\/wp\/v2\/types\/product"}],"replies":[{"embeddable":true,"href":"https:\/\/www.ngdcare.nl\/it\/wp-json\/wp\/v2\/comments?post=15017"}],"wp:featuredmedia":[{"embeddable":true,"href":"https:\/\/www.ngdcare.nl\/it\/wp-json\/wp\/v2\/media\/19118"}],"wp:attachment":[{"href":"https:\/\/www.ngdcare.nl\/it\/wp-json\/wp\/v2\/media?parent=15017"}],"wp:term":[{"taxonomy":"product_brand","embeddable":true,"href":"https:\/\/www.ngdcare.nl\/it\/wp-json\/wp\/v2\/product_brand?post=15017"},{"taxonomy":"product_cat","embeddable":true,"href":"https:\/\/www.ngdcare.nl\/it\/wp-json\/wp\/v2\/product_cat?post=15017"},{"taxonomy":"product_tag","embeddable":true,"href":"https:\/\/www.ngdcare.nl\/it\/wp-json\/wp\/v2\/product_tag?post=15017"},{"taxonomy":"merken","embeddable":true,"href":"https:\/\/www.ngdcare.nl\/it\/wp-json\/wp\/v2\/merken?post=15017"}],"curies":[{"name":"wp","href":"https:\/\/api.w.org\/{rel}","templated":true}]}}