{"id":19390,"date":"2026-05-07T22:23:44","date_gmt":"2026-05-07T20:23:44","guid":{"rendered":"https:\/\/www.ngdcare.nl\/product\/senza-categoria\/l-glutammina\/"},"modified":"2026-05-07T22:23:44","modified_gmt":"2026-05-07T20:23:44","slug":"l-glutammina","status":"publish","type":"product","link":"https:\/\/www.ngdcare.nl\/it\/product\/veterinary-health\/integratori-ortomolecolari\/l-glutammina\/","title":{"rendered":"L-Glutammina"},"content":{"rendered":"<div>\n<div class=\"standard-markdown grid-cols-1 grid [&amp;_&gt;_*]:min-w-0 gap-3\">\n<p class=\"font-claude-response-body break-words whitespace-normal leading-[1.7]\">La L-glutammina \u00e8 l&#8217;amminoacido libero pi\u00f9 abbondante nel corpo. Viene prodotto nel tessuto muscolare ed \u00e8 normalmente disponibile in quantit\u00e0 sufficienti. Tuttavia, in caso di malattia, disturbi intestinali cronici, interventi chirurgici, chemioterapia o stress a lungo termine, la concentrazione plasmanica di glutammina diminuisce mentre la richiesta da intestino, fegato e sistema immunitario aumenta bruscamente. A quel punto, la glutammina \u00e8 condizionalmente essenziale e la nutrizione da sola \u00e8 inferiore.   <\/p>\n<\/div>\n<\/div>\n<div>\n<div class=\"standard-markdown grid-cols-1 grid [&amp;_&gt;_*]:min-w-0 gap-3\">\n<p class=\"font-claude-response-body break-words whitespace-normal leading-[1.7]\">La parete intestinale \u00e8 il maggior consumatore di glutammina nel corpo. Gli enterociti, le cellule che rivestono la parete intestinale, si rinnovano completamente ogni tre-cinque giorni. La glutammina \u00e8 il loro principale combustibile e materiale da costruzione. Nella carenza di glutamina, l&#8217;espressione delle proteine della giunzione stretta (claudina, occludina, SO-1) si indebole, aumentando la permeabilit\u00e0 intestinale e rilasciando tossine batteriche nel flusso sanguigno. Studi clinici dimostrano che l&#8217;integrazione con glutammina nei disturbi intestinali post-infettivi ha dimostrato di migliorare la funzione della barriera.    <\/p>\n<\/div>\n<\/div>\n<div>\n<div class=\"standard-markdown grid-cols-1 grid [&amp;_&gt;_*]:min-w-0 gap-3\">\n<p class=\"font-claude-response-body break-words whitespace-normal leading-[1.7]\">Per il sistema immunitario, la glutammina \u00e8 altrettanto cruciale: linfociti e macrofagi quadruplicano il consumo di glutammina all&#8217;attivazione. La glutamine \u00e8 anche il precursore del glutatione, l&#8217;antiossidante endogeno pi\u00f9 potente, e quindi supporta indirettamente la disintossicazione epatica. Nella cachesia dovuta a cancro o malattie croniche, la glutammina limita la degradazione muscolare e protegge la parete intestinale sotto il doppio carico di malattia e trattamento.  <\/p>\n<\/div>\n<\/div>\n<div>\n<div class=\"standard-markdown grid-cols-1 grid [&amp;_&gt;_*]:min-w-0 gap-3\">\n<p class=\"font-claude-response-body break-words whitespace-normal leading-[1.7]\">La L-Glutamine \u00e8 il fulcro della fase 2 del Protocollo NGD Care Gut (settimane 8-16), combinata con shilajit o supporto della barriera intestinale e complesso vitaminico B liposomale. Solo quando l&#8217;intestino viene rimediato nella fase 1 la glutammina pu\u00f2 raggiungere il suo pieno potenziale. Ulteriori rilievi nel <a href=\"https:\/\/www.ngdcare.nl\/it\/product\/ngd-care-salute-veterinaria\/protocolli\/protocollo-giardia\/\">Protocollo Giardia<\/a>, <a href=\"https:\/\/www.ngdcare.nl\/it\/product\/ngd-care-salute-veterinaria\/protocolli\/operatie-herstelpakket-kit-di-recupero-chirurgico\/\">nel Pacchetto di Recupero Operatorio<\/a>, <a href=\"https:\/\/www.ngdcare.nl\/it\/product\/ngd-care-salute-veterinaria\/protocolli\/protocollo-cutaneo\/\">nel Protocollo Cutaneo<\/a> e nel supporto oncologico.  <\/p>\n<\/div>\n<\/div>\n<div>\n<div class=\"standard-markdown grid-cols-1 grid [&amp;_&gt;_*]:min-w-0 gap-3\">\n<p class=\"font-claude-response-body break-words whitespace-normal leading-[1.7]\">Vuoi saperne di pi\u00f9 sulla scienza dietro la L-Glutamina? Leggi il <a href=\"https:\/\/www.ngdcare.nl\/it\/blog-it\/l-glutammina\/\">dettagliato articolo di background<\/a> sulla pagina del blog. <\/p>\n<\/div>\n<\/div>\n","protected":false},"excerpt":{"rendered":"<p>La L-Glutammina \u00e8 l&#8217;amminoacido pi\u00f9 abbondante nel corpo umano e il principale carburante per le cellule della parete intestinale e le cellule immunitarie. Le nostre capsule da 450 mg contengono L-Glutammina pura in forma libera per un assorbimento ottimale. Supporta la riparazione intestinale, la resistenza e il mantenimento muscolare \u2014 sia per esseri umani che per animali.  <\/p>\n","protected":false},"featured_media":0,"comment_status":"closed","ping_status":"closed","template":"","meta":{"wds_primary_product_brand":0,"wds_primary_product_cat":0,"wds_primary_merken":0},"product_brand":[],"product_cat":[1850,8569],"product_tag":[8576,3030,2046,8577,2066,8574,2984,8572],"merken":[],"class_list":{"0":"post-19390","1":"product","2":"type-product","3":"status-publish","5":"product_cat-integratori-ortomolecolari","6":"product_cat-veterinary-health","7":"product_tag-funzionamento","8":"product_tag-giardia-it","9":"product_tag-intestino","10":"product_tag-intestino-iperpermeabile","11":"product_tag-intestino-permeabile","12":"product_tag-oncologia","13":"product_tag-pelle","14":"product_tag-vecchiaia","15":"infinite-scroll-item","16":"sales-flash-overlay","17":"woocommerce-text-align-center","18":"woocommerce-image-align-center","19":"do-quantity-buttons","21":"first","22":"instock","23":"taxable","24":"shipping-taxable","25":"purchasable","26":"product-type-simple"},"_links":{"self":[{"href":"https:\/\/www.ngdcare.nl\/it\/wp-json\/wp\/v2\/product\/19390","targetHints":{"allow":["GET"]}}],"collection":[{"href":"https:\/\/www.ngdcare.nl\/it\/wp-json\/wp\/v2\/product"}],"about":[{"href":"https:\/\/www.ngdcare.nl\/it\/wp-json\/wp\/v2\/types\/product"}],"replies":[{"embeddable":true,"href":"https:\/\/www.ngdcare.nl\/it\/wp-json\/wp\/v2\/comments?post=19390"}],"wp:attachment":[{"href":"https:\/\/www.ngdcare.nl\/it\/wp-json\/wp\/v2\/media?parent=19390"}],"wp:term":[{"taxonomy":"product_brand","embeddable":true,"href":"https:\/\/www.ngdcare.nl\/it\/wp-json\/wp\/v2\/product_brand?post=19390"},{"taxonomy":"product_cat","embeddable":true,"href":"https:\/\/www.ngdcare.nl\/it\/wp-json\/wp\/v2\/product_cat?post=19390"},{"taxonomy":"product_tag","embeddable":true,"href":"https:\/\/www.ngdcare.nl\/it\/wp-json\/wp\/v2\/product_tag?post=19390"},{"taxonomy":"merken","embeddable":true,"href":"https:\/\/www.ngdcare.nl\/it\/wp-json\/wp\/v2\/merken?post=19390"}],"curies":[{"name":"wp","href":"https:\/\/api.w.org\/{rel}","templated":true}]}}