{"id":6959,"date":"2024-10-01T23:53:00","date_gmt":"2024-10-01T21:53:00","guid":{"rendered":"https:\/\/www.ngdcare.nl\/product\/senza-categoria\/protocollo-per-la-vecchiaia\/"},"modified":"2026-01-30T00:14:16","modified_gmt":"2026-01-29T23:14:16","slug":"protocollo-per-la-vecchiaia","status":"publish","type":"product","link":"https:\/\/www.ngdcare.nl\/it\/product\/veterinary-health\/protocolli\/protocollo-per-la-vecchiaia\/","title":{"rendered":"Protocollo per la vecchiaia"},"content":{"rendered":"<p data-start=\"484\" data-end=\"832\">Il Protocollo NGD Care Aging \u00e8 stato sviluppato appositamente per supportare i processi di invecchiamento in cani e <strong data-start=\"584\" data-end=\"601\">gatti dall&#8217;interno verso l&#8217;esterno <\/strong>.<br data-start=\"618\" data-end=\"621\">L&#8217;invecchiamento \u00e8 accompagnato da cambiamenti a livello cellulare e tissutale<\/p>\n<ul>\n<li data-start=\"1150\" data-end=\"1194\">Diminuzione della produzione di energia mitocondriale<\/li>\n<li data-start=\"1197\" data-end=\"1241\">Aumento dello stress ossidativo e danni cellulari<\/li>\n<li data-start=\"1244\" data-end=\"1297\">Infiammazione cronica e di basso grado (\u201cinflammaging&#8221;)<\/li>\n<li data-start=\"1300\" data-end=\"1341\">Riduzione dell&#8217;accumulo di collagene e tessuto<\/li>\n<li data-start=\"1344\" data-end=\"1391\">Diminuzione della diversit\u00e0 del microbioma e della digestione<\/li>\n<\/ul>\n<p data-start=\"834\" data-end=\"1046\">Vediamo l&#8217;invecchiamento come un&#8217;interazione di sistemi biologici che si influenzano continuamente a vicenda. Questo protocollo non si concentra sul controllo dei sintomi, ma sul <strong data-start=\"899\" data-end=\"970\">rallentare il deterioramento e supportare la capacit\u00e0 di recupero<\/strong>, affinch\u00e9 gli animali rimangano vitali, confortevoli e pieni di vita il pi\u00f9 a lungo possibile. <\/p>\n<p data-start=\"834\" data-end=\"1046\">Il Protocollo NGD Care Old Age supporta questi sistemi simultaneamente e in congiunta, affinch\u00e9 il corpo possa continuare ad adattarsi, recuperare e invecchiare in equilibrio nel miglior modo possibile.<\/p>\n<h2 data-start=\"1434\" data-end=\"1469\">Contenuto del Protocollo sulla Vecchiaia<\/h2>\n<ul>\n<li data-start=\"1471\" data-end=\"1508\"><strong>Complesso di Longevit\u00e0 Liposomale<\/strong>\n<ul>\n<li data-start=\"1509\" data-end=\"1645\">Supporta il metabolismo energetico cellulare, la riparazione del DNA e la protezione antiossidante. Contribuisce a un invecchiamento sano a livello cellulare. <\/li>\n<\/ul>\n<\/li>\n<li data-start=\"1647\" data-end=\"1679\"><strong>Coenzima liposomale Q10<\/strong>\n<ul>\n<li data-start=\"1680\" data-end=\"1830\">Essenziale per la produzione di energia mitocondriale. Sostiene cuore, muscoli e resistenza e aiuta a ridurre la fatica negli animali anziani. <\/li>\n<\/ul>\n<\/li>\n<li data-start=\"1832\" data-end=\"1862\"><strong>Glutatione liposomale<\/strong>\n<ul>\n<li data-start=\"1863\" data-end=\"1986\">Un potente antiossidante del corpo che protegge le cellule dai danni ossidanti e supporta il sistema di disintossicazione.<\/li>\n<\/ul>\n<\/li>\n<li data-start=\"1988\" data-end=\"2024\"><strong>Equilibrio dell&#8217;istamina liposomale<\/strong>\n<ul>\n<li data-start=\"2025\" data-end=\"2201\">L&#8217;MSM fornisce zolfo biodisponibile per la costruzione di collagene e tessuto connettivo.<\/li>\n<li data-start=\"2025\" data-end=\"2201\">La quercetina protegge le cellule dai radicali liberi e supporta l&#8217;invecchiamento di tessuti e organi.<\/li>\n<\/ul>\n<\/li>\n<li><strong>Estratto di curcumina liposomale  <\/strong>\n<ul>\n<li data-start=\"2025\" data-end=\"2201\">Potente antiinfiammatorio naturale e antiossidante. La curcumina sostiene la regolazione dell&#8217;infiammazione di basso grado. <\/li>\n<\/ul>\n<\/li>\n<li data-start=\"2203\" data-end=\"2232\"><strong data-start=\"2210\" data-end=\"2230\">Supporto alla mobilit\u00e0<\/strong>\n<ul>\n<li data-start=\"2233\" data-end=\"2413\">Mira a mantenere un movimento fluido, il comfort articolare e la funzione muscolare. Sostiene il sistema muscoloscheletrico in caso di rigidit\u00e0 legata all&#8217;et\u00e0 e riduzione della capacit\u00e0 di carico. <\/li>\n<\/ul>\n<\/li>\n<li data-start=\"2415\" data-end=\"2479\"><strong data-start=\"2422\" data-end=\"2477\">Complesso Immunitario Micosomale Liposomale<\/strong>\n<ul>\n<li data-start=\"2480\" data-end=\"2643\">Contiene quattro funghi medicinali per supportare il sistema immunitario, la soppressione dei tumori e la salute intestinale. I beta-glucani agiscono anche come prebiotici. <\/li>\n<\/ul>\n<\/li>\n<li data-start=\"2645\" data-end=\"2712\"><strong data-start=\"2652\" data-end=\"2710\">Complesso Liposomale Micoadattogeno<\/strong>\n<ul>\n<li data-start=\"2713\" data-end=\"2837\">Funghi adattogeni per supportare la regolazione dello stress, la resilienza, l&#8217;energia e il comportamento negli animali anziani.<\/li>\n<\/ul>\n<\/li>\n<li data-start=\"2878\" data-end=\"3014\"><strong>. Miscela Omega<\/strong>\n<ul>\n<li data-start=\"3037\" data-end=\"3214\">Fonte di omega-3 molto pura con propriet\u00e0 antinfiammatorie. Sostiene articolazioni, cervello e sistema immunitario. Nella nutrizione cinese associata allo Yin renale.  <\/li>\n<\/ul>\n<\/li>\n<li data-start=\"3216\" data-end=\"3235\"><strong>Fibra prebiotica<\/strong>\n<ul>\n<li data-start=\"3236\" data-end=\"3373\">Supporta il microbioma, aiuta a prevenire la disbiosi e contribuisce a un migliore assorbimento dei nutrienti \u2014 essenziale nella vecchiaia.<\/li>\n<\/ul>\n<\/li>\n<\/ul>\n<h4 data-start=\"3306\" data-end=\"3342\">Quando \u00e8 adatto questo protocollo?<\/h4>\n<ul>\n<li data-start=\"3343\" data-end=\"3570\">Per cani e gatti anziani<\/li>\n<li data-start=\"3343\" data-end=\"3570\">Per supportare il sistema immunitario e la salute cellulare<\/li>\n<li data-start=\"3343\" data-end=\"3570\">Preventivo dalla mezza et\u00e0<\/li>\n<\/ul>\n","protected":false},"excerpt":{"rendered":"<p class=\"p1\">Supporto all&#8217;invecchiamento con NAD, membrana del guscio d&#8217;uovo, funghi e omega 3. Per articolazioni flessibili, un sistema immunitario forte e una vita lunga e sana. <\/p>\n","protected":false},"featured_media":13275,"comment_status":"open","ping_status":"closed","template":"","meta":{"wds_primary_product_brand":0,"wds_primary_product_cat":15,"wds_primary_merken":0},"product_brand":[],"product_cat":[2979],"product_tag":[1851,3524,2049,1853,3526,2117,3523,2988,3525,2116],"merken":[],"class_list":{"0":"post-6959","1":"product","2":"type-product","3":"status-publish","4":"has-post-thumbnail","6":"product_cat-protocolli","7":"product_tag-cane","8":"product_tag-capo","9":"product_tag-energia","10":"product_tag-gatto","11":"product_tag-invecchiamento","12":"product_tag-longevita","13":"product_tag-protocollo-di-invecchiamento","14":"product_tag-protocollo-ngd-care","15":"product_tag-ringiovanimento","16":"product_tag-vitalita","17":"infinite-scroll-item","18":"sales-flash-overlay","19":"woocommerce-text-align-center","20":"woocommerce-image-align-center","21":"do-quantity-buttons","23":"first","24":"instock","25":"sale","26":"taxable","27":"shipping-taxable","28":"purchasable","29":"product-type-simple"},"_links":{"self":[{"href":"https:\/\/www.ngdcare.nl\/it\/wp-json\/wp\/v2\/product\/6959","targetHints":{"allow":["GET"]}}],"collection":[{"href":"https:\/\/www.ngdcare.nl\/it\/wp-json\/wp\/v2\/product"}],"about":[{"href":"https:\/\/www.ngdcare.nl\/it\/wp-json\/wp\/v2\/types\/product"}],"replies":[{"embeddable":true,"href":"https:\/\/www.ngdcare.nl\/it\/wp-json\/wp\/v2\/comments?post=6959"}],"wp:featuredmedia":[{"embeddable":true,"href":"https:\/\/www.ngdcare.nl\/it\/wp-json\/wp\/v2\/media\/13275"}],"wp:attachment":[{"href":"https:\/\/www.ngdcare.nl\/it\/wp-json\/wp\/v2\/media?parent=6959"}],"wp:term":[{"taxonomy":"product_brand","embeddable":true,"href":"https:\/\/www.ngdcare.nl\/it\/wp-json\/wp\/v2\/product_brand?post=6959"},{"taxonomy":"product_cat","embeddable":true,"href":"https:\/\/www.ngdcare.nl\/it\/wp-json\/wp\/v2\/product_cat?post=6959"},{"taxonomy":"product_tag","embeddable":true,"href":"https:\/\/www.ngdcare.nl\/it\/wp-json\/wp\/v2\/product_tag?post=6959"},{"taxonomy":"merken","embeddable":true,"href":"https:\/\/www.ngdcare.nl\/it\/wp-json\/wp\/v2\/merken?post=6959"}],"curies":[{"name":"wp","href":"https:\/\/api.w.org\/{rel}","templated":true}]}}