{"id":6973,"date":"2025-09-27T23:00:00","date_gmt":"2025-09-27T21:00:00","guid":{"rendered":"https:\/\/www.ngdcare.nl\/product\/senza-categoria\/essenza-di-espressione-chakra-2-e-5\/"},"modified":"2026-03-29T14:35:09","modified_gmt":"2026-03-29T12:35:09","slug":"essenza-di-espressione-chakra-2-e-5","status":"publish","type":"product","link":"https:\/\/www.ngdcare.nl\/it\/product\/rimedi-floreali\/essenza-di-espressione-chakra-2-e-5\/","title":{"rendered":"Essenza di espressione \u2013 Chakra 2 e 5"},"content":{"rendered":"<p style=\"font-weight: 400;\">Questa essenza floreale accuratamente composta <strong>Espressione \u2013 Chakra 2 e 5<\/strong> supporta la connessione tra il secondo chakra (sacro) e il quinto chakra (della gola). Ti aiuta a connetterti con il tuo flusso interiore, la tua energia vitale creativa e la tua capacit\u00e0 di esprimerti con dolcezza e verit\u00e0. <\/p>\n<p style=\"font-weight: 400;\" data-start=\"1135\" data-end=\"1379\">Molte persone \u2013 e animali \u2013 sperimentano blocchi su questo asse: difficolt\u00e0 a esprimere i sentimenti, stagnazione creativa, paura di mostrarsi o eccessiva sensibilit\u00e0 emotiva. Questa essenza floreale porta lenimento, protezione e spazio. <\/p>\n<p style=\"font-weight: 400;\" data-start=\"1381\" data-end=\"1399\"><strong data-start=\"1381\" data-end=\"1397\">Applicazioni<\/strong><\/p>\n<ul>\n<li data-start=\"1402\" data-end=\"1460\">In caso di blocchi emotivi (ad es. tristezza, vergogna, senso di colpa)<\/li>\n<li data-start=\"1463\" data-end=\"1503\">Difficolt\u00e0 con l&#8217;espressione di s\u00e9 o la comunicazione<\/li>\n<li data-start=\"1506\" data-end=\"1563\">Problemi di creativit\u00e0, sensualit\u00e0 o intimit\u00e0<\/li>\n<li data-start=\"1566\" data-end=\"1619\">Elevata sensibilit\u00e0 o sovrastimolazione della zona della gola<\/li>\n<li data-start=\"1622\" data-end=\"1679\">Supporta lo squilibrio ormonale o i disturbi della gola<\/li>\n<\/ul>\n<p style=\"font-weight: 400;\" data-start=\"1681\" data-end=\"1725\"><strong data-start=\"1681\" data-end=\"1723\">Composizione<\/strong><\/p>\n<ul>\n<li data-start=\"1728\" data-end=\"1787\"><strong data-start=\"1728\" data-end=\"1741\">Il perdono<\/strong> \u2013 fiore centrale per lasciar andare, apre il cuore<\/li>\n<li data-start=\"1790\" data-end=\"1853\"><strong data-start=\"1790\" data-end=\"1806\">Prezzemolo di mucca<\/strong> \u2013 per giocosit\u00e0, creativit\u00e0 e leggerezza<\/li>\n<li data-start=\"1856\" data-end=\"1916\"><strong data-start=\"1856\" data-end=\"1872\">Cactus corallo<\/strong>: morbido flusso femminile, sensualit\u00e0<\/li>\n<li data-start=\"1919\" data-end=\"1971\"><strong data-start=\"1919\" data-end=\"1939\">Giorno fiore del cuculo<\/strong> \u2013 osare essere se stessi ed esprimersi<\/li>\n<li data-start=\"1974\" data-end=\"2036\"><strong data-start=\"1974\" data-end=\"1995\">Star of Bethlehem<\/strong> \u2013 guarigione di profondi traumi emotivi<\/li>\n<li data-start=\"2039\" data-end=\"2092\"><strong data-start=\"2039\" data-end=\"2059\">Mandorla indiana<\/strong> \u2013 protezione in caso di sensibilit\u00e0<\/li>\n<li data-start=\"2095\" data-end=\"2161\"><strong data-start=\"2095\" data-end=\"2112\">Love &amp; Hope<\/strong> \u2013 ammorbidimento emotivo e biancheria da letto interna<\/li>\n<li data-start=\"2164\" data-end=\"2211\"><strong data-start=\"2164\" data-end=\"2172\">Rosa<\/strong> \u2013 energia del cuore tenero nella comunicazione<\/li>\n<li data-start=\"2214\" data-end=\"2269\"><strong data-start=\"2214\" data-end=\"2227\">3-Unit\u00e0<\/strong> \u2013 allineamento di corpo, anima e spirito<\/li>\n<li data-start=\"2272\" data-end=\"2338\"><strong data-start=\"2272\" data-end=\"2289\">Butterfly Bush<\/strong> \u2013 Trasformazione e fiducia nell&#8217;espressione<\/li>\n<li data-start=\"2341\" data-end=\"2403\"><strong data-start=\"2341\" data-end=\"2353\">Turchese<\/strong> \u2013 rafforza la connessione tra sentimento ed espressione<\/li>\n<\/ul>\n<p style=\"font-weight: 400;\" data-start=\"2405\" data-end=\"2585\">Usa questa essenza nelle fasi di transizione, come supporto nei processi creativi o relazionali, o quando parlare e sentire possono (ri)allinearsi con chi sei veramente.<\/p>\n","protected":false},"excerpt":{"rendered":"<div>\n<p>Essenza floreale per il flusso emotivo e l&#8217;espressione di s\u00e9. L&#8217;espressione aiuta ad aprire il secondo e il quinto chakra, sostiene i blocchi nel campo della creativit\u00e0, della sensualit\u00e0, della verit\u00e0 e della comunicazione. <\/p>\n<\/div>\n","protected":false},"featured_media":17446,"comment_status":"open","ping_status":"closed","template":"","meta":{"wds_primary_product_brand":0,"wds_primary_product_cat":0,"wds_primary_merken":0},"product_brand":[],"product_cat":[3257],"product_tag":[3611,3621,3612,3613,3615,3617,3258,3618,3259,3260],"merken":[],"class_list":{"0":"post-6973","1":"product","2":"type-product","3":"status-publish","4":"has-post-thumbnail","6":"product_cat-rimedi-floreali","7":"product_tag-alta-sensibilita","8":"product_tag-animali-sensibili","9":"product_tag-chakra-2-it","10":"product_tag-chakra-5-it","11":"product_tag-creativita","12":"product_tag-espressione","13":"product_tag-essenza-floreale","14":"product_tag-guarigione-emotiva","15":"product_tag-ngd-cura-fiori","16":"product_tag-protezione-energetica","17":"infinite-scroll-item","18":"sales-flash-overlay","19":"woocommerce-text-align-center","20":"woocommerce-image-align-center","21":"do-quantity-buttons","23":"first","24":"instock","25":"taxable","26":"shipping-taxable","27":"purchasable","28":"product-type-simple"},"_links":{"self":[{"href":"https:\/\/www.ngdcare.nl\/it\/wp-json\/wp\/v2\/product\/6973","targetHints":{"allow":["GET"]}}],"collection":[{"href":"https:\/\/www.ngdcare.nl\/it\/wp-json\/wp\/v2\/product"}],"about":[{"href":"https:\/\/www.ngdcare.nl\/it\/wp-json\/wp\/v2\/types\/product"}],"replies":[{"embeddable":true,"href":"https:\/\/www.ngdcare.nl\/it\/wp-json\/wp\/v2\/comments?post=6973"}],"wp:featuredmedia":[{"embeddable":true,"href":"https:\/\/www.ngdcare.nl\/it\/wp-json\/wp\/v2\/media\/17446"}],"wp:attachment":[{"href":"https:\/\/www.ngdcare.nl\/it\/wp-json\/wp\/v2\/media?parent=6973"}],"wp:term":[{"taxonomy":"product_brand","embeddable":true,"href":"https:\/\/www.ngdcare.nl\/it\/wp-json\/wp\/v2\/product_brand?post=6973"},{"taxonomy":"product_cat","embeddable":true,"href":"https:\/\/www.ngdcare.nl\/it\/wp-json\/wp\/v2\/product_cat?post=6973"},{"taxonomy":"product_tag","embeddable":true,"href":"https:\/\/www.ngdcare.nl\/it\/wp-json\/wp\/v2\/product_tag?post=6973"},{"taxonomy":"merken","embeddable":true,"href":"https:\/\/www.ngdcare.nl\/it\/wp-json\/wp\/v2\/merken?post=6973"}],"curies":[{"name":"wp","href":"https:\/\/api.w.org\/{rel}","templated":true}]}}