{"id":7317,"date":"2024-02-27T22:17:45","date_gmt":"2024-02-27T22:17:45","guid":{"rendered":"https:\/\/www.ngdcare.nl\/product\/senza-categoria\/supporto-per-la-messa-a-terra-dellaroma\/"},"modified":"2026-01-25T21:55:22","modified_gmt":"2026-01-25T20:55:22","slug":"supporto-per-la-messa-a-terra-dellaroma","status":"publish","type":"product","link":"https:\/\/www.ngdcare.nl\/it\/product\/aromaterapia-it\/supporto-per-la-messa-a-terra-dellaroma\/","title":{"rendered":"Supporto di Messa a Terra"},"content":{"rendered":"<p data-start=\"762\" data-end=\"1068\">Alcuni animali sono facilmente irrequieti, nervosi o sembrano &#8220;non stare bene nel loro corpo&#8221;. Questo pu\u00f2 manifestarsi in comportamenti di allerta, movimenti irrequieti, scarso rilassamento o difficolt\u00e0 nel recuperare dopo stimoli. <span class=\"s1\"><b>NGD Care Grounding Support<\/b><\/span> \u00e8 una miscela accuratamente composta che aiuta l&#8217;animale a radicarsi e rilassarsi.<br data-start=\"971\" data-end=\"974\">Il supporto per il grounding \u00e8 <strong data-start=\"1018\" data-end=\"1038\">pensato per aiutare<\/strong> l&#8217;animale ad atterrare, sia fisicamente che emotivamente. <\/p>\n<p data-start=\"1070\" data-end=\"1227\">La combinazione di oli essenziali radicanti e lenitivi favorisce la <strong data-start=\"1146\" data-end=\"1193\">sensazione di sicurezza e consapevolezza corporea<\/strong>, senza opprimere l&#8217;animale.<\/p>\n<h4><strong data-start=\"688\" data-end=\"705\">Composizione<\/strong><\/h4>\n<ul>\n<li data-start=\"797\" data-end=\"872\"><strong data-start=\"797\" data-end=\"811\">Sandalo<\/strong> \u2013 approfondimento e stabilizzazione, favorisce la pace interiore<\/li>\n<li data-start=\"875\" data-end=\"951\"><strong data-start=\"875\" data-end=\"888\">Cedro<\/strong> \u2013 radicante e protettivo, promuove sicurezza e robustezza<\/li>\n<li data-start=\"954\" data-end=\"1032\"><strong data-start=\"954\" data-end=\"967\">Patchouli<\/strong> \u2013 solida radicazione, aiuta con l&#8217;irrequietezza e la frammentazione emotiva<\/li>\n<li data-start=\"1035\" data-end=\"1108\"><strong data-start=\"1035\" data-end=\"1046\">Vetiver<\/strong> \u2013 radicamento profondo, supporta la regolazione del sistema nervoso<\/li>\n<li data-start=\"1111\" data-end=\"1176\"><strong data-start=\"1111\" data-end=\"1122\">Cipresso<\/strong> \u2013 aiuta a rilassare la tensione e favorisce il flusso<\/li>\n<li data-start=\"1179\" data-end=\"1257\"><strong data-start=\"1179\" data-end=\"1188\">Mirra<\/strong> \u2013 lenitiva e rigenerante, supporta la tensione emotiva<\/li>\n<li data-start=\"1260\" data-end=\"1337\"><strong data-start=\"1260\" data-end=\"1276\">Incenso<\/strong> \u2013 regolare e armonizzare, supporta la concentrazione e l&#8217;equilibrio<\/li>\n<\/ul>\n<h4><strong data-start=\"1990\" data-end=\"2015\">Varianti disponibili<\/strong><\/h4>\n<ul>\n<li><strong>Rullo<\/strong>\n<ul>\n<li data-start=\"2032\" data-end=\"2069\">Per l&#8217;applicazione diretta sull&#8217;animale<\/li>\n<li data-start=\"2072\" data-end=\"2114\">Ideale per irrequietezza o instabilit\u00e0 acuta<\/li>\n<li data-start=\"2117\" data-end=\"2150\">Adatto all&#8217;uso quotidiano<\/li>\n<\/ul>\n<\/li>\n<li data-start=\"2117\" data-end=\"2150\"><strong>Olio puro<\/strong>\n<ul>\n<li data-start=\"2171\" data-end=\"2201\">Per l&#8217;uso in un diffusore<\/li>\n<li data-start=\"2204\" data-end=\"2242\">Pu\u00f2 essere diluito con un olio vettore<\/li>\n<li data-start=\"2245\" data-end=\"2282\">Favorisce la pace nell&#8217;ambiente di vita<\/li>\n<\/ul>\n<\/li>\n<\/ul>\n","protected":false},"excerpt":{"rendered":"<p class=\"p1\">NGD Care \u2013 Grounding Support \u00e8 una miscela naturale di aromaterapia per cani e gatti che hanno difficolt\u00e0 a radicarsi, si sentono insicuri o perdono facilmente l&#8217;equilibrio. Questa fusione favorisce un senso di stabilit\u00e0, calma e presenza fisica. <\/p>\n","protected":false},"featured_media":12768,"comment_status":"open","ping_status":"closed","template":"","meta":[],"product_brand":[],"product_cat":[3082],"product_tag":[7131,7036,7128,7130,7129,7132,7037,3263],"merken":[],"class_list":{"0":"post-7317","1":"product","2":"type-product","3":"status-publish","4":"has-post-thumbnail","6":"product_cat-aromaterapia-it","7":"product_tag-animale-sensibile-agli-stimoli","8":"product_tag-animali-aromaterapici","9":"product_tag-cane-di-messa-a-terra","10":"product_tag-cane-irrequieto","11":"product_tag-gatto-di-messa-a-terra","12":"product_tag-olio-essenziale-ngd-care","13":"product_tag-olio-essenziale-per-cani-2","14":"product_tag-tranquillita-naturale","15":"infinite-scroll-item","16":"sales-flash-overlay","17":"woocommerce-text-align-center","18":"woocommerce-image-align-center","19":"do-quantity-buttons","21":"first","22":"instock","23":"taxable","24":"shipping-taxable","25":"purchasable","26":"product-type-variable"},"_links":{"self":[{"href":"https:\/\/www.ngdcare.nl\/it\/wp-json\/wp\/v2\/product\/7317","targetHints":{"allow":["GET"]}}],"collection":[{"href":"https:\/\/www.ngdcare.nl\/it\/wp-json\/wp\/v2\/product"}],"about":[{"href":"https:\/\/www.ngdcare.nl\/it\/wp-json\/wp\/v2\/types\/product"}],"replies":[{"embeddable":true,"href":"https:\/\/www.ngdcare.nl\/it\/wp-json\/wp\/v2\/comments?post=7317"}],"wp:featuredmedia":[{"embeddable":true,"href":"https:\/\/www.ngdcare.nl\/it\/wp-json\/wp\/v2\/media\/12768"}],"wp:attachment":[{"href":"https:\/\/www.ngdcare.nl\/it\/wp-json\/wp\/v2\/media?parent=7317"}],"wp:term":[{"taxonomy":"product_brand","embeddable":true,"href":"https:\/\/www.ngdcare.nl\/it\/wp-json\/wp\/v2\/product_brand?post=7317"},{"taxonomy":"product_cat","embeddable":true,"href":"https:\/\/www.ngdcare.nl\/it\/wp-json\/wp\/v2\/product_cat?post=7317"},{"taxonomy":"product_tag","embeddable":true,"href":"https:\/\/www.ngdcare.nl\/it\/wp-json\/wp\/v2\/product_tag?post=7317"},{"taxonomy":"merken","embeddable":true,"href":"https:\/\/www.ngdcare.nl\/it\/wp-json\/wp\/v2\/merken?post=7317"}],"curies":[{"name":"wp","href":"https:\/\/api.w.org\/{rel}","templated":true}]}}