{"id":7569,"date":"2024-01-22T22:38:34","date_gmt":"2024-01-22T22:38:34","guid":{"rendered":"https:\/\/www.ngdcare.nl\/product\/senza-categoria\/nad-resveratrolo-ed-ergotioneina-supporto-liposomiale-per-la-longevita\/"},"modified":"2026-04-07T16:02:34","modified_gmt":"2026-04-07T14:02:34","slug":"nad-resveratrolo-ed-ergotioneina-supporto-liposomiale-per-la-longevita","status":"publish","type":"product","link":"https:\/\/www.ngdcare.nl\/it\/product\/farmacia-per-animali-naturali\/liposomiale\/nad-resveratrolo-ed-ergotioneina-supporto-liposomiale-per-la-longevita\/","title":{"rendered":"NAD liposomiale, resveratrolo ed ergotioneina \u2013 supporto alla longevit\u00e0"},"content":{"rendered":"<p style=\"font-weight: 400;\"><strong>NGD Care \u2013 Longevity Support<\/strong> \u00e8 una formula avanzata che aiuta a rallentare l&#8217;invecchiamento cellulare negli animali supportando la produzione di energia, la riparazione del DNA, l&#8217;inibizione dell&#8217;infiammazione e la neuroprotezione. La combinazione di NAD, resveratrolo ed ergotionina \u00e8 stata sviluppata appositamente per cani e gatti e fornisce un effetto sinergico a livello cellulare. Grazie alla forma liposomale, le sostanze vengono assorbite in modo ottimale, protette dall&#8217;acido gastrico e rilasciate in modo uniforme.  <\/p>\n<p style=\"font-weight: 400;\"><strong>NAD <\/strong>(nicotinamide adenina dinucleotide) \u00e8 un coenzima coinvolto in oltre 400 processi biochimici, tra cui metabolismo energetico, riparazione del DNA, divisione cellulare e attivazione della sirtuina. La produzione naturale di NAD diminuisce drasticamente dalla giovane et\u00e0 adulta (gi\u00e0 a 3-4 anni di et\u00e0 nei cani), contribuendo a un invecchiamento cellulare accelerato. <\/p>\n<p style=\"font-weight: 400;\"><strong>Il resveratrolo<\/strong> agisce come catalizzatore del NAD e attiva l&#8217;enzima <strong>sirtuina-1<\/strong>, che \u00e8 coinvolto nella salute mitocondriale, nel ricambio cellulare e nell&#8217;estensione della durata della vita. Il resveratrolo \u00e8 un potente antiossidante con propriet\u00e0 antivirali, antibatteriche e antinfiammatorie. <\/p>\n<p style=\"font-weight: 400;\"><strong>L&#8217;ergotioneina<\/strong>, un aminoacido contenente zolfo proveniente dai funghi (tra cui il Maitake e i funghi ostrica), attraversa la barriera emato-encefalica e protegge le cellule dal danno ossidativo. \u00c8 in fase di studio in relazione a disturbi neurodegenerativi come l&#8217;Alzheimer e il Parkinson nell&#8217;uomo, oltre ad avere comprovati benefici cardiovascolari e metabolici. <\/p>\n<p style=\"font-weight: 400;\">Questa combinazione sostiene il corpo su pi\u00f9 livelli \u2014 dal cervello al cuore e all&#8217;intestino \u2014 e contribuisce a un processo di invecchiamento pi\u00f9 lento, a un aumento della vitalit\u00e0 e a un miglioramento della salute a lungo termine.<\/p>\n","protected":false},"excerpt":{"rendered":"<p style=\"font-weight: 400;\">Combinazione liposomiale di NAD, resveratrolo ed ergotioneina. Supporta i processi energetici, di rinnovamento cellulare e di invecchiamento nel cane e nel gatto. Anti-age a livello cellulare.  <\/p>\n<p style=\"font-weight: 400;\">\n","protected":false},"featured_media":17789,"comment_status":"open","ping_status":"closed","template":"","meta":[],"product_brand":[],"product_cat":[2102,1850,2035,1849,2101],"product_tag":[1857,2282,1859,4432,1861,1881,2036,2117,4430,4431,4434,3525,4433,4435,1865,4429],"merken":[],"class_list":{"0":"post-7569","1":"product","2":"type-product","3":"status-publish","4":"has-post-thumbnail","6":"product_cat-antinfiammatorio","7":"product_cat-integratori-ortomolecolari","8":"product_cat-liposomiale","9":"product_cat-sistema-immunitario","10":"product_cat-vitalita-generale","11":"product_tag-animali","12":"product_tag-antiossidante","13":"product_tag-cani","14":"product_tag-ergotioneine-it","15":"product_tag-gatti","16":"product_tag-integratori-per-la-cura-ngd","17":"product_tag-liposomiale","18":"product_tag-longevita","19":"product_tag-nad-it","20":"product_tag-resveratrolo","21":"product_tag-rigenerazione-cellulare","22":"product_tag-ringiovanimento","23":"product_tag-riparazione-del-dna","24":"product_tag-salute-delle-cellule","25":"product_tag-sistema-immunitario","26":"product_tag-vitalita-generale","27":"infinite-scroll-item","28":"sales-flash-overlay","29":"woocommerce-text-align-center","30":"woocommerce-image-align-center","31":"do-quantity-buttons","33":"first","34":"instock","35":"taxable","36":"shipping-taxable","37":"purchasable","38":"product-type-simple"},"_links":{"self":[{"href":"https:\/\/www.ngdcare.nl\/it\/wp-json\/wp\/v2\/product\/7569","targetHints":{"allow":["GET"]}}],"collection":[{"href":"https:\/\/www.ngdcare.nl\/it\/wp-json\/wp\/v2\/product"}],"about":[{"href":"https:\/\/www.ngdcare.nl\/it\/wp-json\/wp\/v2\/types\/product"}],"replies":[{"embeddable":true,"href":"https:\/\/www.ngdcare.nl\/it\/wp-json\/wp\/v2\/comments?post=7569"}],"wp:featuredmedia":[{"embeddable":true,"href":"https:\/\/www.ngdcare.nl\/it\/wp-json\/wp\/v2\/media\/17789"}],"wp:attachment":[{"href":"https:\/\/www.ngdcare.nl\/it\/wp-json\/wp\/v2\/media?parent=7569"}],"wp:term":[{"taxonomy":"product_brand","embeddable":true,"href":"https:\/\/www.ngdcare.nl\/it\/wp-json\/wp\/v2\/product_brand?post=7569"},{"taxonomy":"product_cat","embeddable":true,"href":"https:\/\/www.ngdcare.nl\/it\/wp-json\/wp\/v2\/product_cat?post=7569"},{"taxonomy":"product_tag","embeddable":true,"href":"https:\/\/www.ngdcare.nl\/it\/wp-json\/wp\/v2\/product_tag?post=7569"},{"taxonomy":"merken","embeddable":true,"href":"https:\/\/www.ngdcare.nl\/it\/wp-json\/wp\/v2\/merken?post=7569"}],"curies":[{"name":"wp","href":"https:\/\/api.w.org\/{rel}","templated":true}]}}