{"id":8810,"date":"2025-10-02T22:06:35","date_gmt":"2025-10-02T20:06:35","guid":{"rendered":"https:\/\/www.ngdcare.nl\/?post_type=product&#038;p=8810"},"modified":"2025-10-02T22:14:38","modified_gmt":"2025-10-02T20:14:38","slug":"essenza-di-espressione-chakra-2-e-5-kopie","status":"publish","type":"product","link":"https:\/\/www.ngdcare.nl\/it\/product\/rimedi-floreali-it\/essenza-di-espressione-chakra-2-e-5-kopie\/","title":{"rendered":"Essenza di espressione \u2013 Chakra 2 e 5"},"content":{"rendered":"<p data-start=\"507\" data-end=\"767\"><strong data-start=\"507\" data-end=\"536\">Espressione \u2013 I chakra 2 e 5<\/strong> sono un&#8217;essenza floreale accuratamente composta che supporta la connessione tra il <strong data-start=\"625\" data-end=\"696\">secondo chakra (sacrale \u2013 energia vitale, creativit\u00e0, sensualit\u00e0)<\/strong> e il <strong data-start=\"704\" data-end=\"764\">quinto chakra (gola \u2013 comunicazione, espressione, verit\u00e0).<\/strong><\/p>\n<p data-start=\"769\" data-end=\"1072\">Questa combinazione ti aiuta a connetterti con il tuo flusso interiore, l&#8217;energia creativa e la tua capacit\u00e0 di esprimerti in modo delicato e autentico. Molte persone sperimentano blocchi su questo asse: difficolt\u00e0 a esprimere i sentimenti, stagnazione creativa, paura di essere visibili o eccessiva sensibilit\u00e0 emotiva. <\/p>\n<p data-start=\"1074\" data-end=\"1204\">L&#8217;espressione porta ammorbidimento, protezione e spazio, in modo che i sentimenti e le parole tornino in equilibrio con chi sei veramente.<\/p>\n<p data-start=\"1206\" data-end=\"1451\"><strong data-start=\"1206\" data-end=\"1223\">Per i bambini<\/strong><br data-start=\"1223\" data-end=\"1226\">I bambini che hanno difficolt\u00e0 ad esprimersi o spesso bloccano le emozioni possono trarre beneficio da questo rimedio. Li aiuta a comunicare in modo pi\u00f9 dolce, a essere creativi in modo giocoso e a mostrare le proprie emozioni in modo sicuro. <\/p>\n<p data-start=\"1453\" data-end=\"1498\"><strong data-start=\"1453\" data-end=\"1496\">Applicazione negli adulti e nei bambini:<\/strong><\/p>\n<ul data-start=\"1499\" data-end=\"1845\">\n<li data-start=\"1499\" data-end=\"1562\">\n<p data-start=\"1501\" data-end=\"1562\">Per blocchi emotivi come tristezza, vergogna o senso di colpa<\/p>\n<\/li>\n<li data-start=\"1563\" data-end=\"1611\">\n<p data-start=\"1565\" data-end=\"1611\">Quando \u00e8 difficile esprimersi o comunicare<\/p>\n<\/li>\n<li data-start=\"1612\" data-end=\"1665\">\n<p data-start=\"1614\" data-end=\"1665\">In caso di stagnazione creativa o tensioni relazionali<\/p>\n<\/li>\n<li data-start=\"1666\" data-end=\"1730\">\n<p data-start=\"1668\" data-end=\"1730\">In caso di elevata sensibilit\u00e0 o sensibilit\u00e0 agli stimoli intorno alla gola\/linguaggio<\/p>\n<\/li>\n<li data-start=\"1731\" data-end=\"1792\">\n<p data-start=\"1733\" data-end=\"1792\">Supporta lo squilibrio ormonale o i disturbi della gola<\/p>\n<\/li>\n<li data-start=\"1793\" data-end=\"1845\">\n<p data-start=\"1795\" data-end=\"1845\">In periodi di transizione o di processi creativi<\/p>\n<\/li>\n<\/ul>\n<p data-start=\"1847\" data-end=\"1880\"><strong data-start=\"1847\" data-end=\"1878\">Contiene i seguenti fiori:<\/strong><\/p>\n<ul data-start=\"1881\" data-end=\"2529\">\n<li data-start=\"1881\" data-end=\"1943\">\n<p data-start=\"1883\" data-end=\"1943\"><strong data-start=\"1883\" data-end=\"1896\">Perdono<\/strong> \u2013 lasciar andare, apre il cuore e il letto emotivo<\/p>\n<\/li>\n<li data-start=\"1944\" data-end=\"2004\">\n<p data-start=\"1946\" data-end=\"2004\"><strong data-start=\"1946\" data-end=\"1962\">Prezzemolo di mucca<\/strong> \u2013 giocosit\u00e0, creativit\u00e0 e leggerezza<\/p>\n<\/li>\n<li data-start=\"2005\" data-end=\"2067\">\n<p data-start=\"2007\" data-end=\"2067\"><strong data-start=\"2007\" data-end=\"2023\">Cactus corallo<\/strong> : morbido flusso femminile, sensualit\u00e0<\/p>\n<\/li>\n<li data-start=\"2068\" data-end=\"2122\">\n<p data-start=\"2070\" data-end=\"2122\"><strong data-start=\"2070\" data-end=\"2090\">Giorno fiore del cuculo<\/strong> \u2013 osare essere se stessi ed esprimersi<\/p>\n<\/li>\n<li data-start=\"2123\" data-end=\"2179\">\n<p data-start=\"2125\" data-end=\"2179\"><strong data-start=\"2125\" data-end=\"2146\">Star of Bethlehem<\/strong> \u2013 guarire il trauma emotivo<\/p>\n<\/li>\n<li data-start=\"2180\" data-end=\"2235\">\n<p data-start=\"2182\" data-end=\"2235\"><strong data-start=\"2182\" data-end=\"2202\">Mandorla indiana<\/strong> \u2013 protezione contro la sensibilit\u00e0<\/p>\n<\/li>\n<li data-start=\"2236\" data-end=\"2292\">\n<p data-start=\"2238\" data-end=\"2292\"><strong data-start=\"2238\" data-end=\"2255\">Amore &amp; Speranza<\/strong> \u2013 ammorbidimento e forza interiore<\/p>\n<\/li>\n<li data-start=\"2293\" data-end=\"2342\">\n<p data-start=\"2295\" data-end=\"2342\"><strong data-start=\"2295\" data-end=\"2303\">Rosa<\/strong> \u2013 energia del cuore tenero nella comunicazione<\/p>\n<\/li>\n<li data-start=\"2343\" data-end=\"2396\">\n<p data-start=\"2345\" data-end=\"2396\"><strong data-start=\"2345\" data-end=\"2358\">3-Unit\u00e0<\/strong> \u2013 allineamento corpo, anima e spirito<\/p>\n<\/li>\n<li data-start=\"2397\" data-end=\"2465\">\n<p data-start=\"2399\" data-end=\"2465\"><strong data-start=\"2399\" data-end=\"2416\">Cespuglio di farfalle<\/strong> : trasformazione e fiducia in se stessi nell&#8217;espressione<\/p>\n<\/li>\n<li data-start=\"2466\" data-end=\"2529\">\n<p data-start=\"2468\" data-end=\"2529\"><strong data-start=\"2468\" data-end=\"2480\">Turchese<\/strong> \u2013 rafforza la connessione tra sentimento ed espressione<\/p>\n<\/li>\n<\/ul>\n","protected":false},"excerpt":{"rendered":"<p>Essenza floreale che supporta la creativit\u00e0 e l&#8217;espressione di s\u00e9. Per adulti e bambini con blocchi emotivi, alta sensibilit\u00e0 e problemi di comunicazione. <\/p>\n","protected":false},"featured_media":5493,"comment_status":"open","ping_status":"closed","template":"","meta":[],"product_brand":[],"product_cat":[4711],"product_tag":[3611,3621,3612,3613,3615,3617,3258,3618,3259,3260],"merken":[],"class_list":{"0":"post-8810","1":"product","2":"type-product","3":"status-publish","4":"has-post-thumbnail","6":"product_cat-rimedi-floreali-it","7":"product_tag-alta-sensibilita","8":"product_tag-animali-sensibili","9":"product_tag-chakra-2-it","10":"product_tag-chakra-5-it","11":"product_tag-creativita","12":"product_tag-espressione","13":"product_tag-essenza-floreale","14":"product_tag-guarigione-emotiva","15":"product_tag-ngd-cura-fiori","16":"product_tag-protezione-energetica","17":"infinite-scroll-item","18":"sales-flash-overlay","19":"woocommerce-text-align-center","20":"woocommerce-image-align-center","21":"do-quantity-buttons","23":"first","24":"instock","25":"taxable","26":"shipping-taxable","27":"purchasable","28":"product-type-simple"},"_links":{"self":[{"href":"https:\/\/www.ngdcare.nl\/it\/wp-json\/wp\/v2\/product\/8810","targetHints":{"allow":["GET"]}}],"collection":[{"href":"https:\/\/www.ngdcare.nl\/it\/wp-json\/wp\/v2\/product"}],"about":[{"href":"https:\/\/www.ngdcare.nl\/it\/wp-json\/wp\/v2\/types\/product"}],"replies":[{"embeddable":true,"href":"https:\/\/www.ngdcare.nl\/it\/wp-json\/wp\/v2\/comments?post=8810"}],"wp:featuredmedia":[{"embeddable":true,"href":"https:\/\/www.ngdcare.nl\/it\/wp-json\/wp\/v2\/media\/5493"}],"wp:attachment":[{"href":"https:\/\/www.ngdcare.nl\/it\/wp-json\/wp\/v2\/media?parent=8810"}],"wp:term":[{"taxonomy":"product_brand","embeddable":true,"href":"https:\/\/www.ngdcare.nl\/it\/wp-json\/wp\/v2\/product_brand?post=8810"},{"taxonomy":"product_cat","embeddable":true,"href":"https:\/\/www.ngdcare.nl\/it\/wp-json\/wp\/v2\/product_cat?post=8810"},{"taxonomy":"product_tag","embeddable":true,"href":"https:\/\/www.ngdcare.nl\/it\/wp-json\/wp\/v2\/product_tag?post=8810"},{"taxonomy":"merken","embeddable":true,"href":"https:\/\/www.ngdcare.nl\/it\/wp-json\/wp\/v2\/merken?post=8810"}],"curies":[{"name":"wp","href":"https:\/\/api.w.org\/{rel}","templated":true}]}}