{"id":8929,"date":"2025-10-02T23:20:37","date_gmt":"2025-10-02T21:20:37","guid":{"rendered":"https:\/\/www.ngdcare.nl\/?post_type=product&#038;p=8929"},"modified":"2025-12-11T18:02:58","modified_gmt":"2025-12-11T17:02:58","slug":"argento-colloidale-kopie","status":"publish","type":"product","link":"https:\/\/www.ngdcare.nl\/it\/product\/salute-umana\/prodotti-colloidali\/argento-colloidale-kopie\/","title":{"rendered":"Argento colloidale"},"content":{"rendered":"<p data-start=\"517\" data-end=\"798\"><strong data-start=\"517\" data-end=\"558\">NGD Care \u2013 Colloidal Silver (10 PPM)<\/strong> \u00e8 una soluzione pura di argento colloidale, preparata con particelle d&#8217;argento ultra-piccole di una media di 0,65 nanometri. Questa nanostruttura unica garantisce un&#8217;elevata biodisponibilit\u00e0 e rende il prodotto delicato ed efficace da usare. <\/p>\n<p data-start=\"800\" data-end=\"1049\">L&#8217;argento colloidale \u00e8 tradizionalmente utilizzato per supportare la resistenza naturale e pu\u00f2 essere utilizzato sia internamente che esternamente. Pu\u00f2 aiutare nella cura della pelle e delle mucose e contribuisce a un microclima pulito. <\/p>\n<p data-start=\"1051\" data-end=\"1331\">A differenza degli ioni d&#8217;argento, questo prodotto contiene solo nanoparticelle stabili. Ci\u00f2 garantisce una tonalit\u00e0 ambrata brillante e una qualit\u00e0 affidabile. Il prodotto contiene solo <strong data-start=\"1244\" data-end=\"1273\">argento e acqua purificata<\/strong> , senza conservanti, alcol o profumi.  <\/p>\n<p data-start=\"1333\" data-end=\"1350\"><strong data-start=\"1333\" data-end=\"1348\">Applicazione:<\/strong><\/p>\n<ul>\n<li data-start=\"1353\" data-end=\"1418\">Solo per uso esterno<\/li>\n<li data-start=\"1421\" data-end=\"1469\">Esternamente per la cura della pelle o per ferite minori<\/li>\n<li data-start=\"1472\" data-end=\"1530\">Per la cura delle mucose come naso, occhi o orecchie<\/li>\n<li data-start=\"1533\" data-end=\"1585\">Per l&#8217;uso quotidiano in adulti e bambini<\/li>\n<\/ul>\n","protected":false},"excerpt":{"rendered":"<p style=\"font-weight: 400;\">Argento colloidale puro (10 PPM) con nanoparticelle ultra-piccole. Per uso esterno come supporto naturale. <\/p>\n","protected":false},"featured_media":11079,"comment_status":"open","ping_status":"closed","template":"","meta":{"wds_primary_product_brand":0,"wds_primary_product_cat":0,"wds_primary_merken":0},"product_brand":[],"product_cat":[4742],"product_tag":[3934,3759,3421,2993,3417,3369,3936],"merken":[2756],"class_list":{"0":"post-8929","1":"product","2":"type-product","3":"status-publish","4":"has-post-thumbnail","6":"product_cat-prodotti-colloidali","7":"product_tag-antibatterico","8":"product_tag-argento-colloidale","9":"product_tag-infezione","10":"product_tag-infiammazione","11":"product_tag-nano-argento","12":"product_tag-ngd-care-colloidale","13":"product_tag-uso-interno","14":"merken-ngdcare","15":"infinite-scroll-item","16":"sales-flash-overlay","17":"woocommerce-text-align-center","18":"woocommerce-image-align-center","19":"do-quantity-buttons","21":"first","22":"instock","23":"taxable","24":"shipping-taxable","25":"purchasable","26":"product-type-variable"},"_links":{"self":[{"href":"https:\/\/www.ngdcare.nl\/it\/wp-json\/wp\/v2\/product\/8929","targetHints":{"allow":["GET"]}}],"collection":[{"href":"https:\/\/www.ngdcare.nl\/it\/wp-json\/wp\/v2\/product"}],"about":[{"href":"https:\/\/www.ngdcare.nl\/it\/wp-json\/wp\/v2\/types\/product"}],"replies":[{"embeddable":true,"href":"https:\/\/www.ngdcare.nl\/it\/wp-json\/wp\/v2\/comments?post=8929"}],"wp:featuredmedia":[{"embeddable":true,"href":"https:\/\/www.ngdcare.nl\/it\/wp-json\/wp\/v2\/media\/11079"}],"wp:attachment":[{"href":"https:\/\/www.ngdcare.nl\/it\/wp-json\/wp\/v2\/media?parent=8929"}],"wp:term":[{"taxonomy":"product_brand","embeddable":true,"href":"https:\/\/www.ngdcare.nl\/it\/wp-json\/wp\/v2\/product_brand?post=8929"},{"taxonomy":"product_cat","embeddable":true,"href":"https:\/\/www.ngdcare.nl\/it\/wp-json\/wp\/v2\/product_cat?post=8929"},{"taxonomy":"product_tag","embeddable":true,"href":"https:\/\/www.ngdcare.nl\/it\/wp-json\/wp\/v2\/product_tag?post=8929"},{"taxonomy":"merken","embeddable":true,"href":"https:\/\/www.ngdcare.nl\/it\/wp-json\/wp\/v2\/merken?post=8929"}],"curies":[{"name":"wp","href":"https:\/\/api.w.org\/{rel}","templated":true}]}}