{"id":9007,"date":"2025-10-03T21:18:10","date_gmt":"2025-10-03T19:18:10","guid":{"rendered":"https:\/\/www.ngdcare.nl\/?post_type=product&#038;p=9007"},"modified":"2025-10-03T22:02:43","modified_gmt":"2025-10-03T20:02:43","slug":"te-dautunno-immune-e-calmo-kopie","status":"publish","type":"product","link":"https:\/\/www.ngdcare.nl\/it\/product\/superfood-e-te\/te-it-2\/te-dautunno-immune-e-calmo-kopie\/","title":{"rendered":"T\u00e8 d&#8217;autunno \u2013 Immune e calmo"},"content":{"rendered":"<p data-start=\"472\" data-end=\"919\">Il <strong data-start=\"475\" data-end=\"514\">T\u00e8 d&#8217;Autunno NGD Care \u2013 Immune &amp; Calm<\/strong> \u00e8 una tisana armoniosa che apporta calore e morbidezza nel passaggio ai mesi pi\u00f9 freddi. Questa miscela combina la <g id=\"gid_1\">freschezza della rosa canina<\/g> con la <g id=\"gid_2\">morbidezza dei fiori di tiglio e della camomilla<\/g>, completata dai <g id=\"gid_3\">fiori di sambuco<\/g> per sostenere la resistenza. Un pizzico di <strong data-start=\"801\" data-end=\"811\">zenzero<\/strong> aggiunge un sottile calore, mentre <strong data-start=\"847\" data-end=\"873\">i pezzi di mela essiccata<\/strong> forniscono un finale morbido e fruttato.  <\/p>\n<p data-start=\"921\" data-end=\"1172\">Il t\u00e8 si ispira alla <strong data-start=\"952\" data-end=\"969\">stagione autunnale<\/strong> e aiuta il corpo e la mente ad adattarsi senza problemi ai cambiamenti di temperatura e alle giornate pi\u00f9 corte. La miscela \u00e8 delicata e delicata, il che la rende adatta all&#8217;uso quotidiano e a tutte le et\u00e0. <\/p>\n<p data-start=\"1174\" data-end=\"1207\"><strong data-start=\"1174\" data-end=\"1205\">Propriet\u00e0 della miscela:<\/strong><\/p>\n<ul>\n<li data-start=\"1210\" data-end=\"1309\"><strong data-start=\"1210\" data-end=\"1240\">Composizione sinergica:<\/strong> equilibrio tra resistenza, vie aeree, digestione e rilassamento<\/li>\n<li data-start=\"1312\" data-end=\"1368\"><strong data-start=\"1312\" data-end=\"1329\">Gusto morbido:<\/strong> fruttato, floreale e leggermente caldo<\/li>\n<li data-start=\"1371\" data-end=\"1437\"><strong data-start=\"1371\" data-end=\"1392\">Stagionale:<\/strong> supporta la transizione verso le giornate pi\u00f9 fredde<\/li>\n<li data-start=\"1440\" data-end=\"1506\"><strong data-start=\"1440\" data-end=\"1467\">Momento di piacere quotidiano:<\/strong> puro, 100% naturale e decaffeinato<\/li>\n<li data-start=\"1509\" data-end=\"1572\"><strong data-start=\"1509\" data-end=\"1535\">Visivamente accattivante:<\/strong> colori caldi e autunnali nella testa<\/li>\n<\/ul>\n<p data-start=\"1574\" data-end=\"1694\">Il t\u00e8 autunnale viene fornito in un <strong data-start=\"1610\" data-end=\"1656\">sacchetto richiudibile di 50 grammi di erbe sfuse<\/strong>, buono per circa 25-30 tazze di t\u00e8.<\/p>\n","protected":false},"excerpt":{"rendered":"<p class=\"p1\">Tisana nutriente con rosa canina, fiori di tiglio e camomilla. Una morbida miscela autunnale per resistenza, relax ed equilibrio. <\/p>\n","protected":false},"featured_media":17680,"comment_status":"open","ping_status":"closed","template":"","meta":[],"product_brand":[],"product_cat":[4765],"product_tag":[2565],"merken":[],"class_list":{"0":"post-9007","1":"product","2":"type-product","3":"status-publish","4":"has-post-thumbnail","6":"product_cat-te-it-2","7":"product_tag-te-autunnale-te-di-resistenza-tisana-autunnale-tisana-respiratoria-te-adatto-ai-bambini-te-amico-degli-animali-te-ngd-care-immune","8":"infinite-scroll-item","9":"sales-flash-overlay","10":"woocommerce-text-align-center","11":"woocommerce-image-align-center","12":"do-quantity-buttons","14":"first","15":"instock","16":"taxable","17":"shipping-taxable","18":"purchasable","19":"product-type-simple"},"_links":{"self":[{"href":"https:\/\/www.ngdcare.nl\/it\/wp-json\/wp\/v2\/product\/9007","targetHints":{"allow":["GET"]}}],"collection":[{"href":"https:\/\/www.ngdcare.nl\/it\/wp-json\/wp\/v2\/product"}],"about":[{"href":"https:\/\/www.ngdcare.nl\/it\/wp-json\/wp\/v2\/types\/product"}],"replies":[{"embeddable":true,"href":"https:\/\/www.ngdcare.nl\/it\/wp-json\/wp\/v2\/comments?post=9007"}],"wp:featuredmedia":[{"embeddable":true,"href":"https:\/\/www.ngdcare.nl\/it\/wp-json\/wp\/v2\/media\/17680"}],"wp:attachment":[{"href":"https:\/\/www.ngdcare.nl\/it\/wp-json\/wp\/v2\/media?parent=9007"}],"wp:term":[{"taxonomy":"product_brand","embeddable":true,"href":"https:\/\/www.ngdcare.nl\/it\/wp-json\/wp\/v2\/product_brand?post=9007"},{"taxonomy":"product_cat","embeddable":true,"href":"https:\/\/www.ngdcare.nl\/it\/wp-json\/wp\/v2\/product_cat?post=9007"},{"taxonomy":"product_tag","embeddable":true,"href":"https:\/\/www.ngdcare.nl\/it\/wp-json\/wp\/v2\/product_tag?post=9007"},{"taxonomy":"merken","embeddable":true,"href":"https:\/\/www.ngdcare.nl\/it\/wp-json\/wp\/v2\/merken?post=9007"}],"curies":[{"name":"wp","href":"https:\/\/api.w.org\/{rel}","templated":true}]}}