{"id":9110,"date":"2025-10-11T12:12:21","date_gmt":"2025-10-11T10:12:21","guid":{"rendered":"https:\/\/www.ngdcare.nl\/product\/senza-categoria\/gw-eco-toys-colin-il-coccodrillo\/"},"modified":"2025-10-30T13:47:41","modified_gmt":"2025-10-30T12:47:41","slug":"gw-eco-toys-colin-il-coccodrillo","status":"publish","type":"product","link":"https:\/\/www.ngdcare.nl\/it\/product\/negozio-di-animali\/cane\/arricchimento-e-divertimento\/giocattoli-sostenibili\/gw-eco-toys-colin-il-coccodrillo\/","title":{"rendered":"Green &amp; Wilds Colin il coccodrillo"},"content":{"rendered":"<p data-start=\"0\" data-end=\"149\"><strong data-start=\"0\" data-end=\"35\">Green&amp;Wilds Eco Dog Toy \u2013 Colin il coccodrillo<\/strong> \u00e8 un giocattolo per cani durevole e resistente con uno strato esterno di pelle scamosciata e un&#8217;imbottitura in fibre di iuta naturale.<\/p>\n<p data-start=\"151\" data-end=\"435\">La iuta \u00e8 una fibra di origine vegetale, ecologica e completamente biodegradabile, derivata da una pianta a crescita rapida. Il rivestimento in pelle scamosciata \u00e8 un sottoprodotto dell&#8217;industria della pelle, quindi nessun materiale va perso: una scelta consapevole per la sostenibilit\u00e0 e il riutilizzo.<\/p>\n<p data-start=\"437\" data-end=\"674\">Questo giocattolo \u00e8 forte, sicuro e privo di sostanze nocive o sostanze chimiche che potrebbero essere rilasciate durante la masticazione. Grazie ai materiali robusti, Colin il coccodrillo dura a lungo e offre ore di divertimento al tuo cane.<\/p>\n<p data-start=\"676\" data-end=\"712\"><strong data-start=\"676\" data-end=\"691\">Dimensioni:<\/strong> 33,5 \u00d7 16,5 \u00d7 4 cm<\/p>\n<p data-start=\"721\" data-end=\"738\"><strong data-start=\"721\" data-end=\"736\">Importante:<\/strong><\/p>\n<ul data-start=\"739\" data-end=\"1012\">\n<li data-start=\"739\" data-end=\"793\">\n<p data-start=\"741\" data-end=\"793\">Inteso solo come un giocattolo, non come cibo.<\/p>\n<\/li>\n<li data-start=\"794\" data-end=\"844\">\n<p data-start=\"796\" data-end=\"844\">Lascia sempre che il tuo cane giochi sotto supervisione.<\/p>\n<\/li>\n<li data-start=\"845\" data-end=\"933\">\n<p data-start=\"847\" data-end=\"933\">Rimuovi il giocattolo se il tuo cane cerca di mordere o ingoiare pezzi.<\/p>\n<\/li>\n<li data-start=\"934\" data-end=\"968\">\n<p data-start=\"936\" data-end=\"968\">Non adatto per il lavaggio in lavatrice.<\/p>\n<\/li>\n<li data-start=\"969\" data-end=\"1012\">\n<p data-start=\"971\" data-end=\"1012\">Nessun giocattolo \u00e8 indistruttibile.<\/p>\n<\/li>\n<\/ul>\n","protected":false},"excerpt":{"rendered":"<article class=\"text-token-text-primary w-full focus:outline-none [--shadow-height:45px] has-data-writing-block:pointer-events-none has-data-writing-block:-mt-(--shadow-height) has-data-writing-block:pt-(--shadow-height) [&amp;:has([data-writing-block])&gt;*]:pointer-events-auto [content-visibility:auto] supports-[content-visibility:auto]:[contain-intrinsic-size:auto_100lvh] scroll-mt-[calc(var(--header-height)+min(200px,max(70px,20svh)))]\" dir=\"auto\" tabindex=\"-1\" data-turn-id=\"request-WEB:9ae1821d-739a-4e44-a0ef-e19d42656224-1\" data-testid=\"conversation-turn-4\" data-scroll-anchor=\"true\" data-turn=\"assistant\">\n<div class=\"text-base my-auto mx-auto pb-10 [--thread-content-margin:--spacing(4)] thread-sm:[--thread-content-margin:--spacing(6)] thread-lg:[--thread-content-margin:--spacing(16)] px-(--thread-content-margin)\">\n<div class=\"[--thread-content-max-width:40rem] thread-lg:[--thread-content-max-width:48rem] mx-auto max-w-(--thread-content-max-width) flex-1 group\/turn-messages focus-visible:outline-hidden relative flex w-full min-w-0 flex-col agent-turn\" tabindex=\"-1\">\n<div class=\"flex max-w-full flex-col grow\">\n<div class=\"min-h-8 text-message relative flex w-full flex-col items-end gap-2 text-start break-words whitespace-normal [.text-message+&amp;]:mt-1\" dir=\"auto\" data-message-author-role=\"assistant\" data-message-id=\"f908261a-cf0b-49e9-8634-462f8cce8885\" data-message-model-slug=\"gpt-5\">\n<div class=\"flex w-full flex-col gap-1 empty:hidden first:pt-[1px]\">\n<div class=\"markdown prose dark:prose-invert w-full break-words light markdown-new-styling\">\n<p data-start=\"0\" data-end=\"237\" data-is-last-node=\"\" data-is-only-node=\"\"><strong data-start=\"130\" data-end=\"171\">Colin il coccodrillo<\/strong> \u00e8 il giocattolo ideale per ogni cane energico! Questo fantastico coccodrillo \u00e8 resistente, durevole e realizzato con materiali naturali: una scelta ecologica che piacer\u00e0 sia a te che al tuo cane. <\/p>\n<\/div>\n<\/div>\n<\/div>\n<\/div>\n<div class=\"z-0 flex min-h-[46px] justify-start\"><\/div>\n<div class=\"mt-3 w-full empty:hidden\">\n<div class=\"text-center\"><\/div>\n<\/div>\n<\/div>\n<\/div>\n<\/article>\n<div class=\"pointer-events-none h-px w-px\" aria-hidden=\"true\" data-edge=\"true\"><\/div>\n","protected":false},"featured_media":9339,"comment_status":"open","ping_status":"closed","template":"","meta":[],"product_brand":[],"product_cat":[5059,4817],"product_tag":[4919,4920,4905,4911,4917,4909,4907,4913,4915],"merken":[],"class_list":{"0":"post-9110","1":"product","2":"type-product","3":"status-publish","4":"has-post-thumbnail","6":"product_cat-cane","7":"product_cat-giocattoli-sostenibili","8":"product_tag-cane-giocattolo-sicuro","9":"product_tag-ecologico-it","10":"product_tag-giocattoli-per-cani-ecologici","11":"product_tag-giocattoli-per-cani-in-pelle-scamosciata","12":"product_tag-giocattolo-coccodrillo","13":"product_tag-giocattolo-di-iuta","14":"product_tag-giocattolo-per-cani-durevole","15":"product_tag-senza-plastica","16":"product_tag-verde-e-natura-selvaggia","17":"infinite-scroll-item","18":"sales-flash-overlay","19":"woocommerce-text-align-center","20":"woocommerce-image-align-center","21":"do-quantity-buttons","23":"first","24":"instock","25":"sold-individually","26":"taxable","27":"shipping-taxable","28":"purchasable","29":"product-type-simple"},"_links":{"self":[{"href":"https:\/\/www.ngdcare.nl\/it\/wp-json\/wp\/v2\/product\/9110","targetHints":{"allow":["GET"]}}],"collection":[{"href":"https:\/\/www.ngdcare.nl\/it\/wp-json\/wp\/v2\/product"}],"about":[{"href":"https:\/\/www.ngdcare.nl\/it\/wp-json\/wp\/v2\/types\/product"}],"replies":[{"embeddable":true,"href":"https:\/\/www.ngdcare.nl\/it\/wp-json\/wp\/v2\/comments?post=9110"}],"wp:featuredmedia":[{"embeddable":true,"href":"https:\/\/www.ngdcare.nl\/it\/wp-json\/wp\/v2\/media\/9339"}],"wp:attachment":[{"href":"https:\/\/www.ngdcare.nl\/it\/wp-json\/wp\/v2\/media?parent=9110"}],"wp:term":[{"taxonomy":"product_brand","embeddable":true,"href":"https:\/\/www.ngdcare.nl\/it\/wp-json\/wp\/v2\/product_brand?post=9110"},{"taxonomy":"product_cat","embeddable":true,"href":"https:\/\/www.ngdcare.nl\/it\/wp-json\/wp\/v2\/product_cat?post=9110"},{"taxonomy":"product_tag","embeddable":true,"href":"https:\/\/www.ngdcare.nl\/it\/wp-json\/wp\/v2\/product_tag?post=9110"},{"taxonomy":"merken","embeddable":true,"href":"https:\/\/www.ngdcare.nl\/it\/wp-json\/wp\/v2\/merken?post=9110"}],"curies":[{"name":"wp","href":"https:\/\/api.w.org\/{rel}","templated":true}]}}