{"id":9378,"date":"2025-10-30T13:10:23","date_gmt":"2025-10-30T12:10:23","guid":{"rendered":"https:\/\/www.ngdcare.nl\/product\/senza-categoria\/green-wilds-piggie-sue\/"},"modified":"2025-11-06T19:02:17","modified_gmt":"2025-11-06T18:02:17","slug":"green-wilds-piggie-sue","status":"publish","type":"product","link":"https:\/\/www.ngdcare.nl\/it\/product\/negozio-di-animali\/gatto\/green-wilds-piggie-sue\/","title":{"rendered":"Green &amp; Wilds Piggie Sue"},"content":{"rendered":"<h3 data-start=\"183\" data-end=\"228\"><strong data-start=\"187\" data-end=\"228\">Giocattolo per gatti ecologico Green &amp; Wilds \u2013 Piggy Sue<\/strong><\/h3>\n<p data-start=\"230\" data-end=\"490\"><strong>Green &amp; Wilds Eco Cat Toy \u2013 Piggy Sue <\/strong> \u00e8 un giocattolo per gatti carino e resistente che affascina ogni gatto! Questo giocattolo ecologico \u00e8 realizzato con uno strato esterno in pelle scamosciata e riempito con fibre di iuta naturale e erba gatta (erba gatta), per un divertimento extra. <\/p>\n<p data-start=\"492\" data-end=\"839\">Grazie ai materiali naturali, Piggy Sue \u00e8 resistente, sicuro e completamente biodegradabile. La juta \u00e8 una fibra rinnovabile di origine vegetale e la pelle scamosciata \u00e8 un sottoprodotto dell&#8217;industria della pelle, quindi nessun materiale viene perso. In questo modo il tuo gatto ottiene un giocattolo divertente e responsabile senza sostanze nocive o materiali sintetici.  <\/p>\n<p data-start=\"841\" data-end=\"957\"><strong data-start=\"841\" data-end=\"856\">Dimensioni:<\/strong> circa 10 \u00d7 7 \u00d7 3 cm<\/p>\n<p data-start=\"964\" data-end=\"981\"><strong data-start=\"964\" data-end=\"979\">Importante:<\/strong><\/p>\n<ul>\n<li data-start=\"984\" data-end=\"1032\">Inteso solo come un giocattolo, non come cibo.<\/li>\n<li data-start=\"1035\" data-end=\"1078\">Lascia sempre che il tuo gatto giochi sotto supervisione.<\/li>\n<li data-start=\"1081\" data-end=\"1131\">Rimuovere il giocattolo se si danneggia.<\/li>\n<li data-start=\"1134\" data-end=\"1166\">Non adatto per il lavaggio in lavatrice.<\/li>\n<li data-start=\"1169\" data-end=\"1210\">Nessun giocattolo \u00e8 indistruttibile.<\/li>\n<\/ul>\n","protected":false},"excerpt":{"rendered":"<p><strong data-start=\"129\" data-end=\"160\">Piggy Sue <\/strong>\u00e8 il giocattolo perfetto per ogni gatto giocherellone! Questo allegro maialino non \u00e8 solo irresistibile grazie all&#8217;imbottitura in erba gatta, ma \u00e8 anche realizzato con materiali naturali e resistenti. <\/p>\n","protected":false},"featured_media":9379,"comment_status":"open","ping_status":"closed","template":"","meta":[],"product_brand":[],"product_cat":[5041,5042,5069],"product_tag":[],"merken":[],"class_list":{"0":"post-9378","1":"product","2":"type-product","3":"status-publish","4":"has-post-thumbnail","6":"product_cat-gatto","7":"product_cat-giocattoli-sostenibili-2","8":"product_cat-negozio-di-animali","9":"infinite-scroll-item","10":"sales-flash-overlay","11":"woocommerce-text-align-center","12":"woocommerce-image-align-center","13":"do-quantity-buttons","15":"first","16":"instock","17":"sold-individually","18":"taxable","19":"shipping-taxable","20":"purchasable","21":"product-type-simple"},"_links":{"self":[{"href":"https:\/\/www.ngdcare.nl\/it\/wp-json\/wp\/v2\/product\/9378","targetHints":{"allow":["GET"]}}],"collection":[{"href":"https:\/\/www.ngdcare.nl\/it\/wp-json\/wp\/v2\/product"}],"about":[{"href":"https:\/\/www.ngdcare.nl\/it\/wp-json\/wp\/v2\/types\/product"}],"replies":[{"embeddable":true,"href":"https:\/\/www.ngdcare.nl\/it\/wp-json\/wp\/v2\/comments?post=9378"}],"wp:featuredmedia":[{"embeddable":true,"href":"https:\/\/www.ngdcare.nl\/it\/wp-json\/wp\/v2\/media\/9379"}],"wp:attachment":[{"href":"https:\/\/www.ngdcare.nl\/it\/wp-json\/wp\/v2\/media?parent=9378"}],"wp:term":[{"taxonomy":"product_brand","embeddable":true,"href":"https:\/\/www.ngdcare.nl\/it\/wp-json\/wp\/v2\/product_brand?post=9378"},{"taxonomy":"product_cat","embeddable":true,"href":"https:\/\/www.ngdcare.nl\/it\/wp-json\/wp\/v2\/product_cat?post=9378"},{"taxonomy":"product_tag","embeddable":true,"href":"https:\/\/www.ngdcare.nl\/it\/wp-json\/wp\/v2\/product_tag?post=9378"},{"taxonomy":"merken","embeddable":true,"href":"https:\/\/www.ngdcare.nl\/it\/wp-json\/wp\/v2\/merken?post=9378"}],"curies":[{"name":"wp","href":"https:\/\/api.w.org\/{rel}","templated":true}]}}