{"id":9452,"date":"2025-10-30T15:07:21","date_gmt":"2025-10-30T14:07:21","guid":{"rendered":"https:\/\/www.ngdcare.nl\/product\/senza-categoria\/green-wilds-sven-la-palla-di-neve\/"},"modified":"2025-11-06T14:00:43","modified_gmt":"2025-11-06T13:00:43","slug":"green-wilds-sven-la-palla-di-neve","status":"publish","type":"product","link":"https:\/\/www.ngdcare.nl\/it\/product\/negozio-di-animali\/cane\/arricchimento-e-divertimento\/giocattoli-sostenibili\/green-wilds-sven-la-palla-di-neve\/","title":{"rendered":"Green &amp; Wilds Sven la palla di neve"},"content":{"rendered":"<p data-start=\"79\" data-end=\"130\"><strong data-start=\"79\" data-end=\"128\">Green &amp; Wilds Eco Cane Giocattolo \u2013 Sven la palla di neve<\/strong><\/p>\n<p data-start=\"132\" data-end=\"171\">Sorprendi il tuo cane con Sven la palla di neve!<\/p>\n<p data-start=\"173\" data-end=\"475\">Questo giocattolo festivo \u00e8 realizzato in fibre di iuta naturale e pelle scamosciata resistente, rifinito con un robusto manico in corda di iuta. La pelle scamosciata \u00e8 un sottoprodotto, quindi nessun materiale viene perso e la iuta \u00e8 biodegradabile al 100%: una scelta sostenibile che render\u00e0 felici sia te che il tuo cane. <\/p>\n<p data-start=\"477\" data-end=\"660\">Sven the Snowball \u00e8 forte, sicuro e prodotto senza sostanze nocive o sostanze chimiche rilasciate durante la masticazione. In questo modo il tuo cane pu\u00f2 giocare e divertirsi per ore senza preoccupazioni. <\/p>\n<p data-start=\"662\" data-end=\"709\">Dimensioni: 34 \u00d7 7 \u00d7 7 cm (manico incluso)<\/p>\n<p data-start=\"937\" data-end=\"966\"><strong data-start=\"937\" data-end=\"964\">Importante da sapere:<\/strong><\/p>\n<ul>\n<li data-start=\"969\" data-end=\"1016\">Inteso solo come giocattolo, non come cibo<\/li>\n<li data-start=\"1019\" data-end=\"1062\">Lascia sempre che il tuo cane giochi sotto supervisione<\/li>\n<li data-start=\"1065\" data-end=\"1150\">Rimuovi il giocattolo se il tuo cane cerca di mordere o ingoiare pezzi<\/li>\n<li data-start=\"1153\" data-end=\"1184\">Non adatto per il lavaggio in lavatrice<\/li>\n<li data-start=\"1187\" data-end=\"1227\">Nessun giocattolo \u00e8 indistruttibile<\/li>\n<\/ul>\n","protected":false},"excerpt":{"rendered":"<p><strong data-start=\"95\" data-end=\"172\">Sven la palla di neve \u00e8 il giocattolo perfetto per il tuo cane!<\/strong>  Questo giocattolo festivo in pelle scamosciata e iuta porta allegria e divertimento in ogni cestino da gioco: una scelta sostenibile che render\u00e0 felici sia te che il tuo cane.<\/p>\n","protected":false},"featured_media":9453,"comment_status":"open","ping_status":"closed","template":"","meta":[],"product_brand":[],"product_cat":[5059,4817,5069],"product_tag":[],"merken":[],"class_list":{"0":"post-9452","1":"product","2":"type-product","3":"status-publish","4":"has-post-thumbnail","6":"product_cat-cane","7":"product_cat-giocattoli-sostenibili","8":"product_cat-negozio-di-animali","9":"infinite-scroll-item","10":"sales-flash-overlay","11":"woocommerce-text-align-center","12":"woocommerce-image-align-center","13":"do-quantity-buttons","15":"first","16":"instock","17":"sold-individually","18":"taxable","19":"shipping-taxable","20":"purchasable","21":"product-type-simple"},"_links":{"self":[{"href":"https:\/\/www.ngdcare.nl\/it\/wp-json\/wp\/v2\/product\/9452","targetHints":{"allow":["GET"]}}],"collection":[{"href":"https:\/\/www.ngdcare.nl\/it\/wp-json\/wp\/v2\/product"}],"about":[{"href":"https:\/\/www.ngdcare.nl\/it\/wp-json\/wp\/v2\/types\/product"}],"replies":[{"embeddable":true,"href":"https:\/\/www.ngdcare.nl\/it\/wp-json\/wp\/v2\/comments?post=9452"}],"wp:featuredmedia":[{"embeddable":true,"href":"https:\/\/www.ngdcare.nl\/it\/wp-json\/wp\/v2\/media\/9453"}],"wp:attachment":[{"href":"https:\/\/www.ngdcare.nl\/it\/wp-json\/wp\/v2\/media?parent=9452"}],"wp:term":[{"taxonomy":"product_brand","embeddable":true,"href":"https:\/\/www.ngdcare.nl\/it\/wp-json\/wp\/v2\/product_brand?post=9452"},{"taxonomy":"product_cat","embeddable":true,"href":"https:\/\/www.ngdcare.nl\/it\/wp-json\/wp\/v2\/product_cat?post=9452"},{"taxonomy":"product_tag","embeddable":true,"href":"https:\/\/www.ngdcare.nl\/it\/wp-json\/wp\/v2\/product_tag?post=9452"},{"taxonomy":"merken","embeddable":true,"href":"https:\/\/www.ngdcare.nl\/it\/wp-json\/wp\/v2\/merken?post=9452"}],"curies":[{"name":"wp","href":"https:\/\/api.w.org\/{rel}","templated":true}]}}