{"id":9522,"date":"2025-11-01T15:37:29","date_gmt":"2025-11-01T14:37:29","guid":{"rendered":"https:\/\/www.ngdcare.nl\/product\/senza-categoria\/green-wilds-francois-le-frog\/"},"modified":"2025-11-06T13:55:40","modified_gmt":"2025-11-06T12:55:40","slug":"green-wilds-francois-le-frog","status":"publish","type":"product","link":"https:\/\/www.ngdcare.nl\/it\/product\/negozio-di-animali\/cane\/arricchimento-e-divertimento\/giocattoli-sostenibili\/green-wilds-francois-le-frog\/","title":{"rendered":"Green &amp; Wilds Fran\u00e7ois le Frog"},"content":{"rendered":"<p data-start=\"0\" data-end=\"50\"><strong data-start=\"0\" data-end=\"48\">Giocattolo per cani ecologico Green &amp; Wilds \u2013 Fran\u00e7ois le Frog<\/strong><\/p>\n<p data-start=\"52\" data-end=\"90\">Sorprendete il vostro cane con Fran\u00e7ois le Frog!<\/p>\n<p data-start=\"92\" data-end=\"358\">Questo allegro nasetto \u00e8 realizzato in resistenti fibre di iuta e rifinito con uno strato esterno in morbida pelle scamosciata. La iuta \u00e8 una fibra vegetale naturale e la pelle scamosciata \u00e8 un sottoprodotto, quindi nessun materiale va perso: una scelta ecologica con un tocco giocoso. <\/p>\n<p data-start=\"360\" data-end=\"590\">Fran\u00e7ois \u00e8 forte, sicuro e prodotto senza sostanze nocive o sostanze chimiche rilasciate durante la masticazione. Il materiale \u00e8 biodegradabile al 100% e progettato per durare, cos\u00ec il tuo cane pu\u00f2 giocare all&#8217;infinito. <\/p>\n<p data-start=\"592\" data-end=\"699\"><strong data-start=\"592\" data-end=\"607\">Dimensioni:<\/strong> 23 \u00d7 22 cm<br data-start=\"618\" data-end=\"621\"><strong data-start=\"621\" data-end=\"639\">Adatto a:<\/strong> cani di tutte le taglie ed et\u00e0, compresi i cuccioli<\/p>\n<p data-start=\"701\" data-end=\"730\"><strong data-start=\"701\" data-end=\"728\">Importante da sapere:<\/strong><\/p>\n<ul data-start=\"731\" data-end=\"991\">\n<li data-start=\"731\" data-end=\"780\">\n<p data-start=\"733\" data-end=\"780\">Inteso solo come giocattolo, non come cibo<\/p>\n<\/li>\n<li data-start=\"781\" data-end=\"826\">\n<p data-start=\"783\" data-end=\"826\">Lascia sempre che il tuo cane giochi sotto supervisione<\/p>\n<\/li>\n<li data-start=\"827\" data-end=\"914\">\n<p data-start=\"829\" data-end=\"914\">Rimuovi il giocattolo se il tuo cane cerca di mordere o ingoiare pezzi<\/p>\n<\/li>\n<li data-start=\"915\" data-end=\"948\">\n<p data-start=\"917\" data-end=\"948\">Non adatto per il lavaggio in lavatrice<\/p>\n<\/li>\n<li data-start=\"949\" data-end=\"991\">\n<p data-start=\"951\" data-end=\"991\">Nessun giocattolo \u00e8 indistruttibile<\/p>\n<\/li>\n<\/ul>\n","protected":false},"excerpt":{"rendered":"<p><strong>Fran\u00e7ois le Frog<\/strong> ti salta dritto al cuore! Questo affascinante alamaro in iuta e pelle scamosciata porta il divertimento del gioco sostenibile nella tua casa. \u00c8 forte, naturale e irresistibile per qualsiasi cane!  <\/p>\n","protected":false},"featured_media":9525,"comment_status":"open","ping_status":"closed","template":"","meta":[],"product_brand":[],"product_cat":[5059,4817,5069],"product_tag":[],"merken":[],"class_list":{"0":"post-9522","1":"product","2":"type-product","3":"status-publish","4":"has-post-thumbnail","6":"product_cat-cane","7":"product_cat-giocattoli-sostenibili","8":"product_cat-negozio-di-animali","9":"infinite-scroll-item","10":"sales-flash-overlay","11":"woocommerce-text-align-center","12":"woocommerce-image-align-center","13":"do-quantity-buttons","15":"first","16":"instock","17":"sold-individually","18":"taxable","19":"shipping-taxable","20":"purchasable","21":"product-type-simple"},"_links":{"self":[{"href":"https:\/\/www.ngdcare.nl\/it\/wp-json\/wp\/v2\/product\/9522","targetHints":{"allow":["GET"]}}],"collection":[{"href":"https:\/\/www.ngdcare.nl\/it\/wp-json\/wp\/v2\/product"}],"about":[{"href":"https:\/\/www.ngdcare.nl\/it\/wp-json\/wp\/v2\/types\/product"}],"replies":[{"embeddable":true,"href":"https:\/\/www.ngdcare.nl\/it\/wp-json\/wp\/v2\/comments?post=9522"}],"wp:featuredmedia":[{"embeddable":true,"href":"https:\/\/www.ngdcare.nl\/it\/wp-json\/wp\/v2\/media\/9525"}],"wp:attachment":[{"href":"https:\/\/www.ngdcare.nl\/it\/wp-json\/wp\/v2\/media?parent=9522"}],"wp:term":[{"taxonomy":"product_brand","embeddable":true,"href":"https:\/\/www.ngdcare.nl\/it\/wp-json\/wp\/v2\/product_brand?post=9522"},{"taxonomy":"product_cat","embeddable":true,"href":"https:\/\/www.ngdcare.nl\/it\/wp-json\/wp\/v2\/product_cat?post=9522"},{"taxonomy":"product_tag","embeddable":true,"href":"https:\/\/www.ngdcare.nl\/it\/wp-json\/wp\/v2\/product_tag?post=9522"},{"taxonomy":"merken","embeddable":true,"href":"https:\/\/www.ngdcare.nl\/it\/wp-json\/wp\/v2\/merken?post=9522"}],"curies":[{"name":"wp","href":"https:\/\/api.w.org\/{rel}","templated":true}]}}