{"id":5786,"date":"2023-11-09T20:33:09","date_gmt":"2023-11-09T19:33:09","guid":{"rendered":"https:\/\/www.ngdcare.nl\/ansvarsfraskrivelse\/"},"modified":"2023-11-09T20:33:09","modified_gmt":"2023-11-09T19:33:09","slug":"ansvarsfraskrivelse","status":"publish","type":"page","link":"https:\/\/www.ngdcare.nl\/no\/ansvarsfraskrivelse\/","title":{"rendered":"Ansvarsfraskrivelse"},"content":{"rendered":"<p>Innholdet p\u00e5 denne nettsiden er utarbeidet med omhu, og vi gj\u00f8r v\u00e5rt ytterste for \u00e5 gi fullstendig og korrekt informasjon til enhver tid. Likevel kan ingen rettigheter utledes fra innholdet p\u00e5 dette nettstedet. NGD Care er heller ikke ansvarlig for eventuelle feil p\u00e5 denne nettsiden og forbeholder seg retten til \u00e5 justere eller endre informasjon og\/eller priser n\u00e5r som helst.  <\/p>\n<p>Tekstene p\u00e5 denne nettsiden b\u00f8r betraktes som en retningslinje, men erstatter ikke r\u00e5d fra en veterin\u00e6r. I tvil om helsen til et dyr, eller riktigheten av den valgte terapien, anbefaler vi \u00e5 konsultere en veterin\u00e6r i alle tilfeller. NGD Care er ikke ansvarlig for skader for\u00e5rsaket av feil bruk eller anbefaling av produkter eller informasjon nevnt p\u00e5 nettstedet.  <\/p>\n<p>Alle NGD Care-produkter er kosttilskudd og ikke en erstatning for en sunn livsstil og variert balansert kosthold. Produktene er ikke medisiner og kan derfor ikke brukes som medisin, men som kosttilskudd. Ved sykdom eller annen medisinsk tilstand anbefaler vi alltid \u00e5 konsultere veterin\u00e6r f\u00f8r bruk. Kosttilskudd kan ha interaksjoner og bivirkninger med hverandre og med vanlige medisiner. Disse interaksjonene og bivirkningene er oppf\u00f8rt i de enkelte kosttilskuddene. Fordi det er gjort lite forskning p\u00e5 kosttilskuddene, vil disse interaksjonene og bivirkningene ikke v\u00e6re fullstendige. P\u00e5 grunn av dette er det viktig \u00e5 bruke dine egne observasjonsevner og konsultere oss eller en veterin\u00e6r hvis du er i tvil.      <\/p>\n<p>Oppbevar kosttilskudd utilgjengelig for sm\u00e5 barn.<\/p>\n","protected":false},"excerpt":{"rendered":"<p>Innholdet p\u00e5 denne nettsiden er utarbeidet med omhu, og vi gj\u00f8r v\u00e5rt ytterste for \u00e5 gi fullstendig og korrekt informasjon til enhver tid. Likevel kan ingen rettigheter utledes fra innholdet p\u00e5 dette nettstedet. NGD Care er heller ikke ansvarlig for eventuelle feil p\u00e5 denne nettsiden og forbeholder seg retten til \u00e5 justere eller endre informasjon &#8230; <a title=\"Ansvarsfraskrivelse\" class=\"read-more\" href=\"https:\/\/www.ngdcare.nl\/no\/ansvarsfraskrivelse\/\" aria-label=\"Read more about Ansvarsfraskrivelse\">Les mer<\/a><\/p>\n","protected":false},"author":1,"featured_media":0,"parent":0,"menu_order":0,"comment_status":"closed","ping_status":"closed","template":"","meta":{"footnotes":""},"class_list":{"0":"post-5786","1":"page","2":"type-page","3":"status-publish","5":"infinite-scroll-item"},"_links":{"self":[{"href":"https:\/\/www.ngdcare.nl\/no\/wp-json\/wp\/v2\/pages\/5786","targetHints":{"allow":["GET"]}}],"collection":[{"href":"https:\/\/www.ngdcare.nl\/no\/wp-json\/wp\/v2\/pages"}],"about":[{"href":"https:\/\/www.ngdcare.nl\/no\/wp-json\/wp\/v2\/types\/page"}],"author":[{"embeddable":true,"href":"https:\/\/www.ngdcare.nl\/no\/wp-json\/wp\/v2\/users\/1"}],"replies":[{"embeddable":true,"href":"https:\/\/www.ngdcare.nl\/no\/wp-json\/wp\/v2\/comments?post=5786"}],"version-history":[{"count":0,"href":"https:\/\/www.ngdcare.nl\/no\/wp-json\/wp\/v2\/pages\/5786\/revisions"}],"wp:attachment":[{"href":"https:\/\/www.ngdcare.nl\/no\/wp-json\/wp\/v2\/media?parent=5786"}],"curies":[{"name":"wp","href":"https:\/\/api.w.org\/{rel}","templated":true}]}}