{"id":10316,"date":"2025-11-16T11:49:18","date_gmt":"2025-11-16T10:49:18","guid":{"rendered":"https:\/\/www.ngdcare.nl\/?post_type=product&#038;p=10316"},"modified":"2025-11-24T13:07:43","modified_gmt":"2025-11-24T12:07:43","slug":"liposomal-curcumin-liposomal-curcumin-ekstrakt-kopie","status":"publish","type":"product","link":"https:\/\/www.ngdcare.nl\/no\/product\/human-health\/kosttilskudd\/liposomal-curcumin-liposomal-curcumin-ekstrakt-kopie\/","title":{"rendered":"Liposomalt curcumin-ekstrakt"},"content":{"rendered":"<p style=\"font-weight: 400;\">Curcumin er en av de best unders\u00f8kte fyton\u00e6ringsstoffene og har bred effekt p\u00e5 oksidativt stress, inflammatoriske veier og reparasjonsprosesser. Standard curcumin blir imidlertid nesten ikke absorbert, noe som krever h\u00f8ye doser som kan belaste mage-tarmkanalen. <strong>NGD Care Human Healths<\/strong> <strong>liposomale curcumin<\/strong> inneholder det mest dokumenterte Curcumin C3 og er pakket i fosfolipider, noe som gj\u00f8r det mye bedre absorbert og mindre utsatt for nedbrytning.  <\/p>\n<p style=\"font-weight: 400;\">Denne avanserte formen st\u00f8tter leddkomfort, leverfunksjon, immunbalanse og beskyttelse mot frie radikaler. Den virker p\u00e5 flere niv\u00e5er, inkludert NF-\u03baB, inflammasomer og antioksidantbaner som Nrf2. Dette gj\u00f8r den til en utmerket l\u00f8sning for stress, smertesensitivitet, ford\u00f8yelsesplager og restitusjon etter intensiv fysisk eller mental stress.  <\/p>\n<p style=\"font-weight: 400;\">Liposomal curcumin er sk\u00e5nsom mot magen og egnet for daglig bruk. P\u00e5 grunn av forbedret biotilgjengelighet kreves lavere doser, noe som \u00f8ker toleransen og gj\u00f8r produktet ideelt for b\u00e5de forebyggende og terapeutiske form\u00e5l. <\/p>\n","protected":false},"excerpt":{"rendered":"<p>Liposomal curcumin gir en potent og sv\u00e6rt absorberbar form for curcuminoider for \u00e5 st\u00f8tte betennelsesbalanse og cellebeskyttelse.<\/p>\n<p>&nbsp;<\/p>\n<p>&nbsp;<\/p>\n<p>&nbsp;<\/p>\n<p>&nbsp;<\/p>\n","protected":false},"featured_media":10969,"comment_status":"open","ping_status":"closed","template":"","meta":{"wds_primary_product_brand":0,"wds_primary_product_cat":20,"wds_primary_merken":0},"product_brand":[],"product_cat":[5356],"product_tag":[2261,2962,2265,5500,5361,2875,1992,2614,5358,2433],"merken":[2756],"class_list":{"0":"post-10316","1":"product","2":"type-product","3":"status-publish","4":"has-post-thumbnail","6":"product_cat-kosttilskudd","7":"product_tag-antioksidant","8":"product_tag-betennelse","9":"product_tag-curcumin-no","10":"product_tag-gurkemeie","11":"product_tag-immunitet","12":"product_tag-ledd","13":"product_tag-liposomal-no","14":"product_tag-ngd-omsorg","15":"product_tag-ngd-omsorg-for-menneskers-helse","16":"product_tag-reparasjon","17":"merken-ngdcare","18":"infinite-scroll-item","19":"sales-flash-overlay","20":"woocommerce-text-align-center","21":"woocommerce-image-align-center","22":"do-quantity-buttons","24":"first","25":"instock","26":"taxable","27":"shipping-taxable","28":"purchasable","29":"product-type-simple"},"_links":{"self":[{"href":"https:\/\/www.ngdcare.nl\/no\/wp-json\/wp\/v2\/product\/10316","targetHints":{"allow":["GET"]}}],"collection":[{"href":"https:\/\/www.ngdcare.nl\/no\/wp-json\/wp\/v2\/product"}],"about":[{"href":"https:\/\/www.ngdcare.nl\/no\/wp-json\/wp\/v2\/types\/product"}],"replies":[{"embeddable":true,"href":"https:\/\/www.ngdcare.nl\/no\/wp-json\/wp\/v2\/comments?post=10316"}],"wp:featuredmedia":[{"embeddable":true,"href":"https:\/\/www.ngdcare.nl\/no\/wp-json\/wp\/v2\/media\/10969"}],"wp:attachment":[{"href":"https:\/\/www.ngdcare.nl\/no\/wp-json\/wp\/v2\/media?parent=10316"}],"wp:term":[{"taxonomy":"product_brand","embeddable":true,"href":"https:\/\/www.ngdcare.nl\/no\/wp-json\/wp\/v2\/product_brand?post=10316"},{"taxonomy":"product_cat","embeddable":true,"href":"https:\/\/www.ngdcare.nl\/no\/wp-json\/wp\/v2\/product_cat?post=10316"},{"taxonomy":"product_tag","embeddable":true,"href":"https:\/\/www.ngdcare.nl\/no\/wp-json\/wp\/v2\/product_tag?post=10316"},{"taxonomy":"merken","embeddable":true,"href":"https:\/\/www.ngdcare.nl\/no\/wp-json\/wp\/v2\/merken?post=10316"}],"curies":[{"name":"wp","href":"https:\/\/api.w.org\/{rel}","templated":true}]}}