{"id":10336,"date":"2025-11-16T12:09:33","date_gmt":"2025-11-16T11:09:33","guid":{"rendered":"https:\/\/www.ngdcare.nl\/?post_type=product&#038;p=10336"},"modified":"2025-11-24T13:29:05","modified_gmt":"2025-11-24T12:29:05","slug":"liposoman-laktoferrin-liposomal-laktoferrin-kopie","status":"publish","type":"product","link":"https:\/\/www.ngdcare.nl\/no\/product\/kosttilskudd\/liposoman-laktoferrin-liposomal-laktoferrin-kopie\/","title":{"rendered":"Liposomalt laktoferrin"},"content":{"rendered":"<p style=\"font-weight: 400;\"><strong>Laktoferrin<\/strong> er et flerform\u00e5lsprotein som spiller en rolle i jernregulering, immunaktivitet og mikrobiell beskyttelse i kroppen. Den finnes i morsmelk, spytt og slimhinner og utgj\u00f8r en viktig del av kroppens f\u00f8rste forsvarslinje. I NGD Cares liposomale form er laktoferrin optimalt beskyttet mot nedbrytning, slik at det n\u00e5r tarmen og systemisk sirkulasjon i aktiv form.  <\/p>\n<p style=\"font-weight: 400;\">Denne formelen st\u00f8tter <strong>sunn barrierefunksjon<\/strong>, hjelper til med <strong>\u00e5 regulere u\u00f8nskede mikrober<\/strong> og bidrar til <strong>balansert immunaktivitet<\/strong>. Laktoferrin brukes ofte for tilbakevendende infeksjoner, forstyrret inflammatorisk balanse, tarmproblemer og rehabilitering etter sykdom eller stress. <\/p>\n<p style=\"font-weight: 400;\">Takket v\u00e6re sin liposomale innkapsling er dette tilskuddet sk\u00e5nsomt for magen, sv\u00e6rt absorberbart og egnet for langvarig bruk. Kombinasjonen av naturlig immunst\u00f8tte og mild handling gj\u00f8r det til et verdifullt tilskudd til integrative protokoller. <\/p>\n","protected":false},"excerpt":{"rendered":"<p class=\"p3\">Liposomal laktoferrin st\u00f8tter immunfunksjon, jernregulering og mikrobiell balanse. Den liposomale formen \u00f8ker opptak og effektivitet. <\/p>\n","protected":false},"featured_media":11014,"comment_status":"open","ping_status":"closed","template":"","meta":[],"product_brand":[],"product_cat":[5356],"product_tag":[1829,5606,4005,1992,1836,2614,5358,1833,5607],"merken":[],"class_list":{"0":"post-10336","1":"product","2":"type-product","3":"status-publish","4":"has-post-thumbnail","6":"product_cat-kosttilskudd","7":"product_tag-immunsystem-no","8":"product_tag-jernbinding","9":"product_tag-laktoferrin-no","10":"product_tag-liposomal-no","11":"product_tag-mikrobiom-no","12":"product_tag-ngd-omsorg","13":"product_tag-ngd-omsorg-for-menneskers-helse","14":"product_tag-tarmhelse","15":"product_tag-tenningsbalanse","16":"infinite-scroll-item","17":"sales-flash-overlay","18":"woocommerce-text-align-center","19":"woocommerce-image-align-center","20":"do-quantity-buttons","22":"first","23":"instock","24":"taxable","25":"shipping-taxable","26":"purchasable","27":"product-type-simple"},"_links":{"self":[{"href":"https:\/\/www.ngdcare.nl\/no\/wp-json\/wp\/v2\/product\/10336","targetHints":{"allow":["GET"]}}],"collection":[{"href":"https:\/\/www.ngdcare.nl\/no\/wp-json\/wp\/v2\/product"}],"about":[{"href":"https:\/\/www.ngdcare.nl\/no\/wp-json\/wp\/v2\/types\/product"}],"replies":[{"embeddable":true,"href":"https:\/\/www.ngdcare.nl\/no\/wp-json\/wp\/v2\/comments?post=10336"}],"wp:featuredmedia":[{"embeddable":true,"href":"https:\/\/www.ngdcare.nl\/no\/wp-json\/wp\/v2\/media\/11014"}],"wp:attachment":[{"href":"https:\/\/www.ngdcare.nl\/no\/wp-json\/wp\/v2\/media?parent=10336"}],"wp:term":[{"taxonomy":"product_brand","embeddable":true,"href":"https:\/\/www.ngdcare.nl\/no\/wp-json\/wp\/v2\/product_brand?post=10336"},{"taxonomy":"product_cat","embeddable":true,"href":"https:\/\/www.ngdcare.nl\/no\/wp-json\/wp\/v2\/product_cat?post=10336"},{"taxonomy":"product_tag","embeddable":true,"href":"https:\/\/www.ngdcare.nl\/no\/wp-json\/wp\/v2\/product_tag?post=10336"},{"taxonomy":"merken","embeddable":true,"href":"https:\/\/www.ngdcare.nl\/no\/wp-json\/wp\/v2\/merken?post=10336"}],"curies":[{"name":"wp","href":"https:\/\/api.w.org\/{rel}","templated":true}]}}