{"id":10356,"date":"2025-11-16T13:38:29","date_gmt":"2025-11-16T12:38:29","guid":{"rendered":"https:\/\/www.ngdcare.nl\/?post_type=product&#038;p=10356"},"modified":"2025-11-24T12:52:49","modified_gmt":"2025-11-24T11:52:49","slug":"liposomalt-vitamin-b-kompleks-liposomalt-aktivt-vit-b-kompleks-kopie","status":"publish","type":"product","link":"https:\/\/www.ngdcare.nl\/no\/product\/human-health\/kosttilskudd\/liposomalt-vitamin-b-kompleks-liposomalt-aktivt-vit-b-kompleks-kopie\/","title":{"rendered":"Liposomalt aktivt B-vitamin kompleks"},"content":{"rendered":"<p style=\"font-weight: 400;\">B-vitaminer spiller en sentral rolle i omdannelsen av mat til energi, bygging og beskyttelse av nervesystemet, metyleringsprosesser og regulering av hum\u00f8r og stressrespons. I dette <g id=\"gid_0\">liposomale B-komplekset<\/g> tilbys B-vitaminene i biologisk aktive former (som metylkobalamin, metylfolat og P-5-P), noe som gj\u00f8r dem direkte brukbare i cellemetabolismen, ogs\u00e5 hos personer med genetiske varianter i folat- eller B12-metabolisme (f.eks. MTHFR-polymorfismer). Den liposomale behandlingen \u00f8ker ogs\u00e5 opptaket og gj\u00f8r komplekset sk\u00e5nsomt mot mage og tarm.  <\/p>\n<p style=\"font-weight: 400;\">Dette B-komplekset st\u00f8tter b\u00e5de fysisk og mentalt: det bidrar til <strong>reduksjon av tretthet, normal funksjon av nervesystemet og psyken, homocysteinmetabolisme, dannelse av r\u00f8de blodceller og avgiftningsprosesser<\/strong>. Den er derfor egnet for stress, travle perioder, rehabilitering etter sykdom, intensivt kognitivt arbeid eller som grunnlag i en integrativ behandlingsplan. <\/p>\n<p style=\"font-weight: 400;\">P\u00e5 grunn av kombinasjonen av aktive B-former og liposomal teknologi er denne formelen sv\u00e6rt egnet for personer som er f\u00f8lsomme for standard syntetiske former eller for hvem tidligere B-tilskudd ikke ga tilstrekkelig effekt. Produktet kan brukes trygt daglig og kombineres godt med magnesium, omegaer, NAD+-kompleks og adaptogener. <\/p>\n","protected":false},"excerpt":{"rendered":"<p style=\"font-weight: 400;\">NGD Cares Liposomal Vitamin B Complex inneholder aktive B-vitaminer i en godt absorberbar liposomal matrise. St\u00f8tter energimetabolismen, nervesystemet, mental funksjon og motstand mot stress. <\/p>\n","protected":false},"featured_media":10935,"comment_status":"open","ping_status":"closed","template":"","meta":{"wds_primary_product_brand":0,"wds_primary_product_cat":23,"wds_primary_merken":0},"product_brand":[],"product_cat":[5356],"product_tag":[5475,1998,2012,1992,5428,5477,5476,3391,2614,5358,2218],"merken":[2756],"class_list":{"0":"post-10356","1":"product","2":"type-product","3":"status-publish","4":"has-post-thumbnail","6":"product_cat-kosttilskudd","7":"product_tag-aktive-b-vitaminer","8":"product_tag-b-komplekset","9":"product_tag-energi","10":"product_tag-liposomal-no","11":"product_tag-menneskelige-tilskudd","12":"product_tag-metyl-b12","13":"product_tag-metylfolat","14":"product_tag-nervesystem","15":"product_tag-ngd-omsorg","16":"product_tag-ngd-omsorg-for-menneskers-helse","17":"product_tag-stress-no","18":"merken-ngdcare","19":"infinite-scroll-item","20":"sales-flash-overlay","21":"woocommerce-text-align-center","22":"woocommerce-image-align-center","23":"do-quantity-buttons","25":"first","26":"instock","27":"taxable","28":"shipping-taxable","29":"purchasable","30":"product-type-simple"},"_links":{"self":[{"href":"https:\/\/www.ngdcare.nl\/no\/wp-json\/wp\/v2\/product\/10356","targetHints":{"allow":["GET"]}}],"collection":[{"href":"https:\/\/www.ngdcare.nl\/no\/wp-json\/wp\/v2\/product"}],"about":[{"href":"https:\/\/www.ngdcare.nl\/no\/wp-json\/wp\/v2\/types\/product"}],"replies":[{"embeddable":true,"href":"https:\/\/www.ngdcare.nl\/no\/wp-json\/wp\/v2\/comments?post=10356"}],"wp:featuredmedia":[{"embeddable":true,"href":"https:\/\/www.ngdcare.nl\/no\/wp-json\/wp\/v2\/media\/10935"}],"wp:attachment":[{"href":"https:\/\/www.ngdcare.nl\/no\/wp-json\/wp\/v2\/media?parent=10356"}],"wp:term":[{"taxonomy":"product_brand","embeddable":true,"href":"https:\/\/www.ngdcare.nl\/no\/wp-json\/wp\/v2\/product_brand?post=10356"},{"taxonomy":"product_cat","embeddable":true,"href":"https:\/\/www.ngdcare.nl\/no\/wp-json\/wp\/v2\/product_cat?post=10356"},{"taxonomy":"product_tag","embeddable":true,"href":"https:\/\/www.ngdcare.nl\/no\/wp-json\/wp\/v2\/product_tag?post=10356"},{"taxonomy":"merken","embeddable":true,"href":"https:\/\/www.ngdcare.nl\/no\/wp-json\/wp\/v2\/merken?post=10356"}],"curies":[{"name":"wp","href":"https:\/\/api.w.org\/{rel}","templated":true}]}}