{"id":10408,"date":"2025-11-16T14:15:46","date_gmt":"2025-11-16T13:15:46","guid":{"rendered":"https:\/\/www.ngdcare.nl\/?post_type=product&#038;p=10408"},"modified":"2025-11-24T13:24:37","modified_gmt":"2025-11-24T12:24:37","slug":"liposomal-soppblanding-1-liposomalt-myco-immunkompleks-kopie","status":"publish","type":"product","link":"https:\/\/www.ngdcare.nl\/no\/product\/human-health\/kosttilskudd\/liposomal-soppblanding-1-liposomalt-myco-immunkompleks-kopie\/","title":{"rendered":"Liposomalt myco-immunkompleks"},"content":{"rendered":"<p><strong><span style=\"font-weight: 400;\">NGD-pleie \u2013 <strong>Liposomal <\/strong><\/span>myco immunkompleks <\/strong>er en kraftig blanding av fire medisinske sopper: <strong style=\"font-weight: 400;\">Agaricus blazei Murill, Maitake (Grifola frondosa), Shiitake (Lentinula edodes)<\/strong> og <strong style=\"font-weight: 400;\">Coriolus versicolor (Turkey Tail).<\/strong> Disse soppene har en lang tradisjon innen fytoterapi og et voksende vitenskapelig grunnlag. Deres viktigste aktive komponenter er polysakkarider og \u03b2-glukaner som modulerer det medf\u00f8dte og adaptive immunsystemet via reseptorer som Dectin-1, TLR-er og komplementveier. Ved \u00e5 formulere dem liposomalt blir ekstraktene bedre beskyttet og absorbert, noe som er spesielt viktig for personer med et skj\u00f8rt ford\u00f8yelsessystem.   <\/p>\n<p>Myco Immune Complex st\u00f8tter en balansert immunrespons: det kan modulere b\u00e5de underaktive og overaktive immunresponser, og brukes derfor ofte for <strong>redusert resistens, bedring etter sykdom, \u00f8kt mottakelighet for infeksjon <\/strong>og som en st\u00f8ttende komponent i<strong> onkologiske eller kroniske sykdomsforl\u00f8p<\/strong> (alltid i samr\u00e5d med behandleren). I tillegg bidrar soppene til vitalitet, antioksidantbeskyttelse og st\u00f8tte til lever- og tarmfunksjon. <\/p>\n<p>Ved \u00e5 kombinere flere sopper samles ulike virkningsmekanismer, noe som resulterer i en bred, men samtidig relativt mild og fysiologisk st\u00f8tte for immunsystemet. Den liposomale matrisen gj\u00f8r denne formelen egnet for langtidsbruk og for sensitive pasienter som t\u00e5les d\u00e5rligere av h\u00f8ye doser r\u00e5 soppprodukter. <\/p>\n<p data-start=\"14463\" data-end=\"14479\">\n","protected":false},"excerpt":{"rendered":"<p class=\"p3\">Liposomal Myco Immune Complex kombinerer fire medisinske sopper for \u00e5 st\u00f8tte immunforsvaret, restitusjonen og vitaliteten. Den liposomale formen \u00f8ker opptak og biotilgjengelighet. <\/p>\n","protected":false},"featured_media":11002,"comment_status":"open","ping_status":"closed","template":"","meta":{"wds_primary_product_brand":0,"wds_primary_product_cat":21,"wds_primary_merken":0},"product_brand":[],"product_cat":[5356],"product_tag":[2255,5582,2257,1829,1992,2256,5581,2614,5358,2254,5580],"merken":[],"class_list":{"0":"post-10408","1":"product","2":"type-product","3":"status-publish","4":"has-post-thumbnail","6":"product_cat-kosttilskudd","7":"product_tag-agaricus-no","8":"product_tag-beta-glukaner","9":"product_tag-coriolus-no","10":"product_tag-immunsystem-no","11":"product_tag-liposomal-no","12":"product_tag-maitake-no","13":"product_tag-myco-immune","14":"product_tag-ngd-omsorg","15":"product_tag-ngd-omsorg-for-menneskers-helse","16":"product_tag-shiitake-no","17":"product_tag-soppblanding","18":"infinite-scroll-item","19":"sales-flash-overlay","20":"woocommerce-text-align-center","21":"woocommerce-image-align-center","22":"do-quantity-buttons","24":"first","25":"instock","26":"featured","27":"taxable","28":"shipping-taxable","29":"purchasable","30":"product-type-simple"},"_links":{"self":[{"href":"https:\/\/www.ngdcare.nl\/no\/wp-json\/wp\/v2\/product\/10408","targetHints":{"allow":["GET"]}}],"collection":[{"href":"https:\/\/www.ngdcare.nl\/no\/wp-json\/wp\/v2\/product"}],"about":[{"href":"https:\/\/www.ngdcare.nl\/no\/wp-json\/wp\/v2\/types\/product"}],"replies":[{"embeddable":true,"href":"https:\/\/www.ngdcare.nl\/no\/wp-json\/wp\/v2\/comments?post=10408"}],"wp:featuredmedia":[{"embeddable":true,"href":"https:\/\/www.ngdcare.nl\/no\/wp-json\/wp\/v2\/media\/11002"}],"wp:attachment":[{"href":"https:\/\/www.ngdcare.nl\/no\/wp-json\/wp\/v2\/media?parent=10408"}],"wp:term":[{"taxonomy":"product_brand","embeddable":true,"href":"https:\/\/www.ngdcare.nl\/no\/wp-json\/wp\/v2\/product_brand?post=10408"},{"taxonomy":"product_cat","embeddable":true,"href":"https:\/\/www.ngdcare.nl\/no\/wp-json\/wp\/v2\/product_cat?post=10408"},{"taxonomy":"product_tag","embeddable":true,"href":"https:\/\/www.ngdcare.nl\/no\/wp-json\/wp\/v2\/product_tag?post=10408"},{"taxonomy":"merken","embeddable":true,"href":"https:\/\/www.ngdcare.nl\/no\/wp-json\/wp\/v2\/merken?post=10408"}],"curies":[{"name":"wp","href":"https:\/\/api.w.org\/{rel}","templated":true}]}}