{"id":10428,"date":"2025-11-16T14:34:02","date_gmt":"2025-11-16T13:34:02","guid":{"rendered":"https:\/\/www.ngdcare.nl\/?post_type=product&#038;p=10428"},"modified":"2025-11-24T12:47:44","modified_gmt":"2025-11-24T11:47:44","slug":"liposomal-soppblanding-2-liposomalt-myco-adaptogenkompleks-kopie","status":"publish","type":"product","link":"https:\/\/www.ngdcare.nl\/no\/product\/kosttilskudd\/liposomal-soppblanding-2-liposomalt-myco-adaptogenkompleks-kopie\/","title":{"rendered":"Liposomalt Myco-adaptogenkompleks"},"content":{"rendered":"<p><strong style=\"font-weight: 400;\">NGD-behandling \u2013 Liposomal <\/strong><b>myco adaptogen-kompleks<\/b> er en kraftig kombinasjon av fire adaptogene medisinske sopper: <strong style=\"font-weight: 400;\">Lions Mane (Hericium erinaceus), Chaga (Inonotus obliquus), Reishi (Ganoderma lucidum)<\/strong> og <strong style=\"font-weight: 400;\">Cordyceps sinensis<\/strong>. Denne liposomale soppblandingen fokuserer hovedsakelig p\u00e5 stressregulering, nervesystemet, hormonbalansen og tarm-hjerne-aksen. Lions Mane (Hericium erinaceus) studeres for sitt potensielle st\u00f8tte til nevrogenese og nervevekstfaktorer (NGF), som er relevant for kognitiv funksjon og hum\u00f8r. Reishi (Ganoderma lucidum) er kjent som \u00abud\u00f8delighetens sopp\u00bb i tradisjonell medisin og har en adaptogen, lett blodtrykks- og koagulasjonsmodulerende og immunregulerende effekt. Cordyceps er forbundet med forbedring i energi, oksygenforbruk og lastekapasitet. Chaga har sterke antioksidantegenskaper og st\u00f8tter blant annet immunforsvaret og antioksidantbalansen.     <\/p>\n<p>Den liposomale matrisen gj\u00f8r disse kombinerte ekstraktene mer absorberbare og tolererbare, noe som gj\u00f8r lavere doser effektive. Myco Adaptogen Complex er egnet for personer med <strong>langvarig stress, mental overbelastning, tretthet, stimulusprosessering, hum\u00f8rsvingninger <\/strong>eller som st\u00f8tte for en integrert tiln\u00e6rming til <strong>tarm-hjerne-aksen<\/strong>. I kombinasjon med B-kompleks, magnesium, omegaer og muligens adaptogene urter, skapes en kraftig, men fysiologisk fokusert protokoll.  <\/p>\n<p>Fordi soppene har en mild, men bred effekt p\u00e5 immun-, nerve- og endokrine systemer, er formelen godt anvendelig for kronisk stress. Samtidig krever det behandling ved autoimmune sykdommer, bruk av antikoagulerende medisiner og intensive onkologiske eller immunm\u00e5lrettede behandlinger. <\/p>\n<p>&nbsp;<\/p>\n","protected":false},"excerpt":{"rendered":"<p class=\"p3\">Myco Adaptogen Complex kombinerer fire adaptogene sopper \u2013 Lions Mane, Chaga, Reishi og Cordyceps \u2013 i liposomal form for \u00e5 st\u00f8tte stresstilpasning, energi, hum\u00f8r og kognitiv funksjon.<\/p>\n","protected":false},"featured_media":10924,"comment_status":"open","ping_status":"closed","template":"","meta":[],"product_brand":[],"product_cat":[5356],"product_tag":[2217,2213,2215,1992,2212,5447,2614,5358,2216,2218,5446],"merken":[],"class_list":{"0":"post-10428","1":"product","2":"type-product","3":"status-publish","4":"has-post-thumbnail","6":"product_cat-kosttilskudd","7":"product_tag-adaptogen-no","8":"product_tag-chaga-no","9":"product_tag-cordyceps-no","10":"product_tag-liposomal-no","11":"product_tag-lovens-manke","12":"product_tag-myco-adaptogen","13":"product_tag-ngd-omsorg","14":"product_tag-ngd-omsorg-for-menneskers-helse","15":"product_tag-reishi-no","16":"product_tag-stress-no","17":"product_tag-tarm-hjerne-aksen","18":"infinite-scroll-item","19":"sales-flash-overlay","20":"woocommerce-text-align-center","21":"woocommerce-image-align-center","22":"do-quantity-buttons","24":"first","25":"instock","26":"taxable","27":"shipping-taxable","28":"purchasable","29":"product-type-simple"},"_links":{"self":[{"href":"https:\/\/www.ngdcare.nl\/no\/wp-json\/wp\/v2\/product\/10428","targetHints":{"allow":["GET"]}}],"collection":[{"href":"https:\/\/www.ngdcare.nl\/no\/wp-json\/wp\/v2\/product"}],"about":[{"href":"https:\/\/www.ngdcare.nl\/no\/wp-json\/wp\/v2\/types\/product"}],"replies":[{"embeddable":true,"href":"https:\/\/www.ngdcare.nl\/no\/wp-json\/wp\/v2\/comments?post=10428"}],"wp:featuredmedia":[{"embeddable":true,"href":"https:\/\/www.ngdcare.nl\/no\/wp-json\/wp\/v2\/media\/10924"}],"wp:attachment":[{"href":"https:\/\/www.ngdcare.nl\/no\/wp-json\/wp\/v2\/media?parent=10428"}],"wp:term":[{"taxonomy":"product_brand","embeddable":true,"href":"https:\/\/www.ngdcare.nl\/no\/wp-json\/wp\/v2\/product_brand?post=10428"},{"taxonomy":"product_cat","embeddable":true,"href":"https:\/\/www.ngdcare.nl\/no\/wp-json\/wp\/v2\/product_cat?post=10428"},{"taxonomy":"product_tag","embeddable":true,"href":"https:\/\/www.ngdcare.nl\/no\/wp-json\/wp\/v2\/product_tag?post=10428"},{"taxonomy":"merken","embeddable":true,"href":"https:\/\/www.ngdcare.nl\/no\/wp-json\/wp\/v2\/merken?post=10428"}],"curies":[{"name":"wp","href":"https:\/\/api.w.org\/{rel}","templated":true}]}}