{"id":10469,"date":"2025-11-16T15:11:48","date_gmt":"2025-11-16T14:11:48","guid":{"rendered":"https:\/\/www.ngdcare.nl\/?post_type=product&#038;p=10469"},"modified":"2025-11-24T12:43:12","modified_gmt":"2025-11-24T11:43:12","slug":"liposoman-vitamin-c-liposomalt-vitamin-c-kopie","status":"publish","type":"product","link":"https:\/\/www.ngdcare.nl\/no\/product\/kosttilskudd\/liposoman-vitamin-c-liposomalt-vitamin-c-kopie\/","title":{"rendered":"Liposomalt vitamin C"},"content":{"rendered":"<p style=\"font-weight: 400;\"><strong>Vitamin C<\/strong> er en essensiell antioksidant som spiller en viktig rolle i <strong>immunsystemet<\/strong>, <strong>kollagenproduksjon<\/strong>, <strong>energimetabolisme<\/strong> og <strong>beskyttelse mot oksidativt stress<\/strong>. De fleste former for vitamin C brytes raskt ned i mage-tarmkanalen, noe som begrenser opptaket og kan for\u00e5rsake magesmerter ved h\u00f8yere doser. NGD Care bruker derfor en liposomal form, der vitamin C er innkapslet i fosfolipider. Som et resultat absorberes det mer direkte gjennom lymfen og tolereres bedre av sensitive tarmer.   <\/p>\n<p style=\"font-weight: 400;\">Liposomalt vitamin C st\u00f8tter immunsystemet b\u00e5de i akutte situasjoner og forebyggende. P\u00e5 grunn av sin h\u00f8ye opptak n\u00e5r det cellene som er avhengige av tilstrekkelig askorbat raskere, som immunceller, leverceller, fibroblaster og hjernevev. Vitamin C er ogs\u00e5 n\u00f8dvendig for syntesen av kollagen, som bidrar til hudreparasjon, styrke i vaskul\u00e6re vegger og sunt bindevev.  <\/p>\n<p style=\"font-weight: 400;\">Fordi vitamin C er involvert i hundrevis av biokjemiske prosesser, er ettersp\u00f8rselen etter askorbat ekstra h\u00f8y under stress, infeksjoner, kronisk stress eller i restitusjonsperioder. Den liposomale formen gj\u00f8r det mulig \u00e5 oppn\u00e5 h\u00f8y biotilgjengelighet med lave til moderate doser, uten risikoen for mage-tarmplager som oppst\u00e5r ved vanlig vitamin C. Dette tilskuddet kan trygt brukes daglig og passer perfekt inn i integrative protokoller.  <\/p>\n","protected":false},"excerpt":{"rendered":"<p style=\"font-weight: 400;\">Liposomalt vitamin C fra NGD Care gir sv\u00e6rt h\u00f8y opptak, st\u00f8tter immunforsvaret, bidrar til \u00e5 redusere oksidativt stress og st\u00f8tter kollagenproduksjonen. Sk\u00e5nsomt for magen og tarmene. <\/p>\n","protected":false},"featured_media":10913,"comment_status":"open","ping_status":"closed","template":"","meta":[],"product_brand":[],"product_cat":[5356],"product_tag":[2261,5361,3964,1992,5428,2614,5358,5429,5430],"merken":[],"class_list":{"0":"post-10469","1":"product","2":"type-product","3":"status-publish","4":"has-post-thumbnail","6":"product_cat-kosttilskudd","7":"product_tag-antioksidant","8":"product_tag-immunitet","9":"product_tag-kollagen-no","10":"product_tag-liposomal-no","11":"product_tag-menneskelige-tilskudd","12":"product_tag-ngd-omsorg","13":"product_tag-ngd-omsorg-for-menneskers-helse","14":"product_tag-oksidativt-stress","15":"product_tag-vitamin-c","16":"infinite-scroll-item","17":"sales-flash-overlay","18":"woocommerce-text-align-center","19":"woocommerce-image-align-center","20":"do-quantity-buttons","22":"first","23":"instock","24":"taxable","25":"shipping-taxable","26":"purchasable","27":"product-type-simple"},"_links":{"self":[{"href":"https:\/\/www.ngdcare.nl\/no\/wp-json\/wp\/v2\/product\/10469","targetHints":{"allow":["GET"]}}],"collection":[{"href":"https:\/\/www.ngdcare.nl\/no\/wp-json\/wp\/v2\/product"}],"about":[{"href":"https:\/\/www.ngdcare.nl\/no\/wp-json\/wp\/v2\/types\/product"}],"replies":[{"embeddable":true,"href":"https:\/\/www.ngdcare.nl\/no\/wp-json\/wp\/v2\/comments?post=10469"}],"wp:featuredmedia":[{"embeddable":true,"href":"https:\/\/www.ngdcare.nl\/no\/wp-json\/wp\/v2\/media\/10913"}],"wp:attachment":[{"href":"https:\/\/www.ngdcare.nl\/no\/wp-json\/wp\/v2\/media?parent=10469"}],"wp:term":[{"taxonomy":"product_brand","embeddable":true,"href":"https:\/\/www.ngdcare.nl\/no\/wp-json\/wp\/v2\/product_brand?post=10469"},{"taxonomy":"product_cat","embeddable":true,"href":"https:\/\/www.ngdcare.nl\/no\/wp-json\/wp\/v2\/product_cat?post=10469"},{"taxonomy":"product_tag","embeddable":true,"href":"https:\/\/www.ngdcare.nl\/no\/wp-json\/wp\/v2\/product_tag?post=10469"},{"taxonomy":"merken","embeddable":true,"href":"https:\/\/www.ngdcare.nl\/no\/wp-json\/wp\/v2\/merken?post=10469"}],"curies":[{"name":"wp","href":"https:\/\/api.w.org\/{rel}","templated":true}]}}