{"id":10551,"date":"2025-11-16T22:09:48","date_gmt":"2025-11-16T21:09:48","guid":{"rendered":"https:\/\/www.ngdcare.nl\/?post_type=product&#038;p=10551"},"modified":"2025-11-24T14:46:05","modified_gmt":"2025-11-24T13:46:05","slug":"enzymblanding-2-rengjoringsmiddel-for-biofilm-kopie","status":"publish","type":"product","link":"https:\/\/www.ngdcare.nl\/no\/product\/human-health\/kosttilskudd\/enzymblanding-2-rengjoringsmiddel-for-biofilm-kopie\/","title":{"rendered":"Biofilmbalanse"},"content":{"rendered":"<p data-start=\"15990\" data-end=\"17309\"><strong>NGD Care Biofilm Balance<\/strong> er et enzymkompleks utviklet for \u00e5 forstyrre patogene biofilmer i mage-tarmkanalen p\u00e5 en m\u00e5lrettet m\u00e5te. En moden biofilm best\u00e5r av en beskyttende matrise av polysakkarider, proteiner, lipider, muciner og mikrobielt DNA. Denne matrisen gj\u00f8r bakterier, gj\u00e6r og parasittiske strukturer mindre f\u00f8lsomme for immunceller, oksygen, pH-svingninger og antimikrobielle tiltak. Kombinasjonen av enzymer i Biofilm-balansen er spesielt tilpasset for \u00e5 bryte ned disse matriselagene, slik at patogene mikroorganismer blir mer tilgjengelige for immunsystemet og for ytterligere behandlinger.   <\/p>\n<p data-start=\"1314\" data-end=\"1915\">Formelen inneholder <strong>amylase<\/strong> og andre polysakkaridenzymer for \u00e5 bryte ned den ekstracellul\u00e6re sukkermatrisen (EPS). <strong>Protease<\/strong> retter seg mot proteinstrukturer, inkludert lektiner og adhesjonsproteiner som bakterier trenger for \u00e5 feste seg til tarmslimhinnen. <strong>Lipase<\/strong> st\u00f8tter oppl\u00f8sningen av fettrike komponenter i biofilmen, som blant annet gir matrisens vannavst\u00f8tende og beskyttende egenskaper.<\/p>\n<p data-start=\"1917\" data-end=\"2469\"><strong>N-acetylcystein<\/strong> (NAC) forsterker denne prosessen ved \u00e5 l\u00f8sne disulfidbindinger i slimlaget og biofilmstrukturene, noe som gj\u00f8r matrisen mindre visk\u00f8s og lar enzymer trenge bedre inn. NAC har ogs\u00e5 en antioksidant- og mukolytisk effekt og beskrives i litteraturen som et av de mest effektive stoffene mot bakterielle og soppbiofilmer, spesielt i kombinasjon med proteaser. Kombinasjonen av enzymaktivitet og NAC skaper et <strong data-start=\"2378\" data-end=\"2406\">flerdimensjonalt angrep<\/strong> p\u00e5 biofilmer: mekanisk, enzymatisk, kjemisk og strukturelt.  <\/p>\n<p data-start=\"2471\" data-end=\"3056\">Biofilmbalanse er ment som spesialisert st\u00f8tte innenfor integrative tarmbaner, for eksempel ved vedvarende dysbiose, tilbakevendende infeksjoner, lavgradig betennelse, SIBO-lignende plager eller stagnasjon i fremgang i fase 1 og 2 av en tarmprotokoll. Fordi nedbrytning av biofilmer midlertidig kan stimulere avgiftning og immunaktivering, brukes dette produktet vanligvis i n\u00f8ye konstruerte doser. Synergien mellom enzymer og NAC gj\u00f8r denne formelen kraftig, men ogs\u00e5 godt kontrollerbar og egnet for terapeutisk veiledning i menneskelig praksis.  <\/p>\n","protected":false},"excerpt":{"rendered":"<p class=\"p3\">Biofilmbalanse er et intensivt enzymkompleks med amylase, protease, lipase og NAC. Utviklet for \u00e5 spesifikt bryte ned patogene biofilmer i mage-tarmkanalen og st\u00f8tte reparasjon av mikrobiomet. <\/p>\n","protected":false},"featured_media":11058,"comment_status":"open","ping_status":"closed","template":"","meta":{"wds_primary_product_brand":0,"wds_primary_product_cat":16,"wds_primary_merken":0},"product_brand":[],"product_cat":[5356],"product_tag":[4093,2261,4097,4098,2273,2274,5674,4069,4101,2681,4103,4099,4492,1829,4102,4092,5428,4091,2998,2614,5358,4095,4100,5676,1833,5677],"merken":[2756],"class_list":{"0":"post-10551","1":"product","2":"type-product","3":"status-publish","4":"has-post-thumbnail","6":"product_cat-kosttilskudd","7":"product_tag-amylase-no","8":"product_tag-antioksidant","9":"product_tag-avgiftning","10":"product_tag-beskyttelse-av-leveren","11":"product_tag-celle-beskyttelse","12":"product_tag-detox-no","13":"product_tag-enzym-blanding-2","14":"product_tag-enzymer-no","15":"product_tag-fett-fordoyelse","16":"product_tag-fordoyelse","17":"product_tag-fordoyelse-no","18":"product_tag-fordoyelsesenzymer","19":"product_tag-fordoyelsesenzymer-no","20":"product_tag-immunsystem-no","21":"product_tag-karbohydrat-fordoyelse","22":"product_tag-lipase-no","23":"product_tag-menneskelige-tilskudd","24":"product_tag-n-acetylcystein-no","25":"product_tag-nac-no","26":"product_tag-ngd-omsorg","27":"product_tag-ngd-omsorg-for-menneskers-helse","28":"product_tag-protease-no","29":"product_tag-protein-fordoyelse","30":"product_tag-stotte-til-bukspyttkjertelen","31":"product_tag-tarmhelse","32":"product_tag-tunge-maltider","33":"merken-ngdcare","34":"infinite-scroll-item","35":"sales-flash-overlay","36":"woocommerce-text-align-center","37":"woocommerce-image-align-center","38":"do-quantity-buttons","40":"first","41":"instock","42":"taxable","43":"shipping-taxable","44":"purchasable","45":"product-type-simple"},"_links":{"self":[{"href":"https:\/\/www.ngdcare.nl\/no\/wp-json\/wp\/v2\/product\/10551","targetHints":{"allow":["GET"]}}],"collection":[{"href":"https:\/\/www.ngdcare.nl\/no\/wp-json\/wp\/v2\/product"}],"about":[{"href":"https:\/\/www.ngdcare.nl\/no\/wp-json\/wp\/v2\/types\/product"}],"replies":[{"embeddable":true,"href":"https:\/\/www.ngdcare.nl\/no\/wp-json\/wp\/v2\/comments?post=10551"}],"wp:featuredmedia":[{"embeddable":true,"href":"https:\/\/www.ngdcare.nl\/no\/wp-json\/wp\/v2\/media\/11058"}],"wp:attachment":[{"href":"https:\/\/www.ngdcare.nl\/no\/wp-json\/wp\/v2\/media?parent=10551"}],"wp:term":[{"taxonomy":"product_brand","embeddable":true,"href":"https:\/\/www.ngdcare.nl\/no\/wp-json\/wp\/v2\/product_brand?post=10551"},{"taxonomy":"product_cat","embeddable":true,"href":"https:\/\/www.ngdcare.nl\/no\/wp-json\/wp\/v2\/product_cat?post=10551"},{"taxonomy":"product_tag","embeddable":true,"href":"https:\/\/www.ngdcare.nl\/no\/wp-json\/wp\/v2\/product_tag?post=10551"},{"taxonomy":"merken","embeddable":true,"href":"https:\/\/www.ngdcare.nl\/no\/wp-json\/wp\/v2\/merken?post=10551"}],"curies":[{"name":"wp","href":"https:\/\/api.w.org\/{rel}","templated":true}]}}