{"id":10572,"date":"2025-11-16T22:54:27","date_gmt":"2025-11-16T21:54:27","guid":{"rendered":"https:\/\/www.ngdcare.nl\/?post_type=product&#038;p=10572"},"modified":"2025-11-24T12:57:33","modified_gmt":"2025-11-24T11:57:33","slug":"vannkefir-fermentert-probiotika-kopie","status":"publish","type":"product","link":"https:\/\/www.ngdcare.nl\/no\/product\/kosttilskudd\/vannkefir-fermentert-probiotika-kopie\/","title":{"rendered":"Fermenterte probiotika"},"content":{"rendered":"<p style=\"font-weight: 400;\"><strong>NGD-pleie \u2013 Vannkefir <\/strong> er en fryset\u00f8rket fermentert vannkefir. Denne formelen inneholder <strong>mer enn 50 forskjellige stammer av naturlige bakterier og gj\u00e6r,<\/strong> inkludert ulike arter av <em>Lactobacillus<\/em>, <em>Saccharomyces<\/em>, <em>Candida<\/em>, <em>Kluyveromyces<\/em> og <em>Acetobacter<\/em>. Dette gj\u00f8r det til et bredtvirkende probiotikakompleks ment \u00e5 st\u00f8tte mangfoldet og motstandskraften i tarmens mikrobiom.  <\/p>\n<p style=\"font-weight: 400;\">Produktet kan hjelpe med restitusjon etter antibiotika, st\u00f8tte avf\u00f8ring og redusere funksjonelle tarmplager. Produksjonen av SCFA, laktat og andre metabolitter p\u00e5virker pH og milj\u00f8et i tarmen positivt. I tillegg spiller tarmmikrobiomet en rolle i tarm-hjerne-aksen og tarm-immun-aksen, noe som betyr at kefir ogs\u00e5 indirekte kan p\u00e5virke hum\u00f8r, stressmotstand og generell motstand.  <\/p>\n<p style=\"font-weight: 400;\">Fordi hver tarm reagerer forskjellig, er det viktig \u00e5 starte sakte med sensitive tarmer og bygge opp dosen steg for steg. Fermenterte probiotika \u2013 Kefir kan kombineres godt med prebiotika, enzymer og andre tarmst\u00f8ttemidler i en skreddersydd protokoll. <\/p>\n","protected":false},"excerpt":{"rendered":"<p>Fermenterte probiotika inneholder levende bakterier og gj\u00e6r fra kefirkulturer for \u00e5 st\u00f8tte tarmmikrobiomet, ford\u00f8yelsen og immunbalansen.<\/p>\n","protected":false},"featured_media":10947,"comment_status":"open","ping_status":"closed","template":"","meta":[],"product_brand":[],"product_cat":[5356],"product_tag":[5492,1840,1831,1829,1842,5428,1836,1844,2614,5358,1838,1827,1833,1834],"merken":[2756],"class_list":{"0":"post-10572","1":"product","2":"type-product","3":"status-publish","4":"has-post-thumbnail","6":"product_cat-kosttilskudd","7":"product_tag-fermenterte-probiotika","8":"product_tag-gjaering","9":"product_tag-holistisk","10":"product_tag-immunsystem-no","11":"product_tag-kefir-no","12":"product_tag-menneskelige-tilskudd","13":"product_tag-mikrobiom-no","14":"product_tag-ngd-care-kosttilskudd","15":"product_tag-ngd-omsorg","16":"product_tag-ngd-omsorg-for-menneskers-helse","17":"product_tag-probiotika-no","18":"product_tag-supplement-no","19":"product_tag-tarmhelse","20":"product_tag-vann-kefir","21":"merken-ngdcare","22":"infinite-scroll-item","23":"sales-flash-overlay","24":"woocommerce-text-align-center","25":"woocommerce-image-align-center","26":"do-quantity-buttons","28":"first","29":"instock","30":"taxable","31":"shipping-taxable","32":"purchasable","33":"product-type-simple"},"_links":{"self":[{"href":"https:\/\/www.ngdcare.nl\/no\/wp-json\/wp\/v2\/product\/10572","targetHints":{"allow":["GET"]}}],"collection":[{"href":"https:\/\/www.ngdcare.nl\/no\/wp-json\/wp\/v2\/product"}],"about":[{"href":"https:\/\/www.ngdcare.nl\/no\/wp-json\/wp\/v2\/types\/product"}],"replies":[{"embeddable":true,"href":"https:\/\/www.ngdcare.nl\/no\/wp-json\/wp\/v2\/comments?post=10572"}],"wp:featuredmedia":[{"embeddable":true,"href":"https:\/\/www.ngdcare.nl\/no\/wp-json\/wp\/v2\/media\/10947"}],"wp:attachment":[{"href":"https:\/\/www.ngdcare.nl\/no\/wp-json\/wp\/v2\/media?parent=10572"}],"wp:term":[{"taxonomy":"product_brand","embeddable":true,"href":"https:\/\/www.ngdcare.nl\/no\/wp-json\/wp\/v2\/product_brand?post=10572"},{"taxonomy":"product_cat","embeddable":true,"href":"https:\/\/www.ngdcare.nl\/no\/wp-json\/wp\/v2\/product_cat?post=10572"},{"taxonomy":"product_tag","embeddable":true,"href":"https:\/\/www.ngdcare.nl\/no\/wp-json\/wp\/v2\/product_tag?post=10572"},{"taxonomy":"merken","embeddable":true,"href":"https:\/\/www.ngdcare.nl\/no\/wp-json\/wp\/v2\/merken?post=10572"}],"curies":[{"name":"wp","href":"https:\/\/api.w.org\/{rel}","templated":true}]}}