{"id":10630,"date":"2025-11-17T11:38:08","date_gmt":"2025-11-17T10:38:08","guid":{"rendered":"https:\/\/www.ngdcare.nl\/?post_type=product&#038;p=10630"},"modified":"2025-11-24T15:26:45","modified_gmt":"2025-11-24T14:26:45","slug":"liposomal-cbd-olje-liposomal-cbd-olje-kopie","status":"publish","type":"product","link":"https:\/\/www.ngdcare.nl\/no\/product\/human-health\/kosttilskudd\/liposomal-cbd-olje-liposomal-cbd-olje-kopie\/","title":{"rendered":"Liposomal CBD-olje"},"content":{"rendered":"<p style=\"font-weight: 400;\"><strong>CBD<\/strong> (cannabidiol) er en ikke-psykoaktiv cannabinoid som st\u00f8tter det endocannabinoide systemet (ECS), systemet som er involvert i stress, smerteopplevelser, hum\u00f8r, inflammatorisk balanse og s\u00f8vnregulering. <strong>NGD Care CBD-olje<\/strong> inneholder et <strong>fullspektret ekstrakt<\/strong> med naturlige terpener og cannabinoider, uten beruselse. I tillegg har den en unik leppefasibehandling som sikrer at absorberbarheten er spesielt h\u00f8y og stabil i vevet. CBD virker via modulering av CB1\/CB2-veier, TRPV1, serotonin (5-HT1A) og GABA-balanse, blant annet.  <\/p>\n<p style=\"font-weight: 400;\">Oljen er egnet for stress, spenninger, s\u00f8vnproblemer, smerteplager, betennelsesf\u00f8lsomhet og overstimulering. N\u00e5r CBD brukes jevnlig, kan det bidra til \u00e5 gjenopprette balansen i ECS, med effekter p\u00e5 hvile, muskelspenninger, hum\u00f8r og smerteoppfatning. <\/p>\n<p style=\"font-weight: 400;\">Produktet tilbys i milde, lettdoserbare styrker og er egnet for daglig bruk. Den inneholder &lt;0,05 % THC og oppfyller EU-standarder. <\/p>\n","protected":false},"excerpt":{"rendered":"<div>\n<p class=\"p3\">Fullspektret liposomal CBD-olje st\u00f8tter avslapning, nervesystemet, smerteregulering og stressbalanse via det endocannabinoide systemet.<\/p>\n<\/div>\n","protected":false},"featured_media":11827,"comment_status":"open","ping_status":"closed","template":"","meta":{"wds_primary_product_brand":0,"wds_primary_product_cat":187,"wds_primary_merken":0},"product_brand":[],"product_cat":[5356],"product_tag":[4416,4418,4421,2260,5751,3962,3098,5753,4420,4415,2220,1992,5358,4419,5750,2267,5752,2218,4417],"merken":[2756],"class_list":{"0":"post-10630","1":"product","2":"type-product","3":"status-publish","4":"has-post-thumbnail","6":"product_cat-kosttilskudd","7":"product_tag-4-cbd-olje","8":"product_tag-angstdempende","9":"product_tag-beroligende","10":"product_tag-betennelsesdempende","11":"product_tag-cannabinoider","12":"product_tag-cbd-no","13":"product_tag-cbd-olje","14":"product_tag-ecs","15":"product_tag-forbedrer-sovnen","16":"product_tag-fullspektret-cbd-olje","17":"product_tag-kreft","18":"product_tag-liposomal-no","19":"product_tag-ngd-omsorg-for-menneskers-helse","20":"product_tag-reduserer-angst","21":"product_tag-smerter","22":"product_tag-smertestillende","23":"product_tag-sove","24":"product_tag-stress-no","25":"product_tag-stressreduksjon","26":"merken-ngdcare","27":"infinite-scroll-item","28":"sales-flash-overlay","29":"woocommerce-text-align-center","30":"woocommerce-image-align-center","31":"do-quantity-buttons","33":"first","34":"instock","35":"taxable","36":"shipping-taxable","37":"purchasable","38":"product-type-variable"},"_links":{"self":[{"href":"https:\/\/www.ngdcare.nl\/no\/wp-json\/wp\/v2\/product\/10630","targetHints":{"allow":["GET"]}}],"collection":[{"href":"https:\/\/www.ngdcare.nl\/no\/wp-json\/wp\/v2\/product"}],"about":[{"href":"https:\/\/www.ngdcare.nl\/no\/wp-json\/wp\/v2\/types\/product"}],"replies":[{"embeddable":true,"href":"https:\/\/www.ngdcare.nl\/no\/wp-json\/wp\/v2\/comments?post=10630"}],"wp:featuredmedia":[{"embeddable":true,"href":"https:\/\/www.ngdcare.nl\/no\/wp-json\/wp\/v2\/media\/11827"}],"wp:attachment":[{"href":"https:\/\/www.ngdcare.nl\/no\/wp-json\/wp\/v2\/media?parent=10630"}],"wp:term":[{"taxonomy":"product_brand","embeddable":true,"href":"https:\/\/www.ngdcare.nl\/no\/wp-json\/wp\/v2\/product_brand?post=10630"},{"taxonomy":"product_cat","embeddable":true,"href":"https:\/\/www.ngdcare.nl\/no\/wp-json\/wp\/v2\/product_cat?post=10630"},{"taxonomy":"product_tag","embeddable":true,"href":"https:\/\/www.ngdcare.nl\/no\/wp-json\/wp\/v2\/product_tag?post=10630"},{"taxonomy":"merken","embeddable":true,"href":"https:\/\/www.ngdcare.nl\/no\/wp-json\/wp\/v2\/merken?post=10630"}],"curies":[{"name":"wp","href":"https:\/\/api.w.org\/{rel}","templated":true}]}}