{"id":10677,"date":"2025-11-17T13:44:08","date_gmt":"2025-11-17T12:44:08","guid":{"rendered":"https:\/\/www.ngdcare.nl\/?post_type=product&#038;p=10677"},"modified":"2025-11-24T12:38:48","modified_gmt":"2025-11-24T11:38:48","slug":"liposomal-ashwagandha-og-rhodiola-liposomalt-adaptogenkompleks-kopie","status":"publish","type":"product","link":"https:\/\/www.ngdcare.nl\/no\/product\/human-health\/kosttilskudd\/liposomal-ashwagandha-og-rhodiola-liposomalt-adaptogenkompleks-kopie\/","title":{"rendered":"Liposomalt adaptogenkompleks"},"content":{"rendered":"<p style=\"font-weight: 400;\"><strong>Liposomalt adaptogenkompleks<\/strong> fra <strong>NGD Care<\/strong> kombinerer <strong>Ashwagandha (Withania somnifera)<\/strong> og <strong>Rhodiola (Rhodiola rosea). <\/strong>Ashwagandha og Rhodiola er to av de mest unders\u00f8kte adaptogenene. De regulerer HPA-aksen (hypothalamus-hypofyse-binyre), st\u00f8tter stressmotstand, reduserer mental tretthet og hjelper kroppen \u00e5 takle langvarig belastning. <\/p>\n<p style=\"font-weight: 400;\">Ashwagandha har en beroligende effekt, st\u00f8tter s\u00f8vnkvaliteten og har milde skjoldbruskkjertelmodulerende egenskaper. Rhodiola har en aktiverende effekt, \u00f8ker mental klarhet og st\u00f8tter mitokondriell energiproduksjon. <\/p>\n<p style=\"font-weight: 400;\">Denne kombinasjonen er ideell for <strong>stress, overbelastning, utbrenthet, f\u00f8lsomhet for stimuli, hum\u00f8rsvingninger, tretthet <\/strong>og<strong> hormonell ubalanse<\/strong>. Adaptogener fungerer bredt: de normaliserer i stedet for \u00e5 stimulere eller undertrykke.<br data-start=\"12461\" data-end=\"12464\">Formelen er sv\u00e6rt egnet for restitusjon etter stress og utbrenthet, for HPA-ubalanse (for h\u00f8yt\/for lavt kortisol), for eksamensstress, perioder med mental overbelastning og rehabilitering etter sykdom. <\/p>\n","protected":false},"excerpt":{"rendered":"<p class=\"p3\">Adaptogen blanding med liposomal Ashwagandha og Rhodiola for \u00e5 st\u00f8tte stressmotstand, energi, hum\u00f8r og hormonbalanse.<\/p>\n","protected":false},"featured_media":10892,"comment_status":"open","ping_status":"closed","template":"","meta":{"wds_primary_product_brand":0,"wds_primary_product_cat":187,"wds_primary_merken":0},"product_brand":[],"product_cat":[5356],"product_tag":[2217,4037,2435,1821,2434,2012,2432,1831,2428,5399,5398,2430,1829,1992,2222,2427,1844,5358,2005,2426,2429,2433,2425,2431,2218],"merken":[2756],"class_list":{"0":"post-10677","1":"product","2":"type-product","3":"status-publish","4":"has-post-thumbnail","6":"product_cat-kosttilskudd","7":"product_tag-adaptogen-no","8":"product_tag-adaptogener-no","9":"product_tag-binyrene","10":"product_tag-dyr","11":"product_tag-emosjonell-balanse","12":"product_tag-energi","13":"product_tag-fokus-og-konsentrasjon","14":"product_tag-holistisk","15":"product_tag-hormonell-balanse","16":"product_tag-hpa-aksen","17":"product_tag-humor","18":"product_tag-hvile","19":"product_tag-immunsystem-no","20":"product_tag-liposomal-no","21":"product_tag-livskraft","22":"product_tag-naturlig-tilskudd","23":"product_tag-ngd-care-kosttilskudd","24":"product_tag-ngd-omsorg-for-menneskers-helse","25":"product_tag-oppforsel","26":"product_tag-reduksjon-av-stress","27":"product_tag-rekreasjon","28":"product_tag-reparasjon","29":"product_tag-rhodiola-no","30":"product_tag-sovn-fordoyelse","31":"product_tag-stress-no","32":"merken-ngdcare","33":"infinite-scroll-item","34":"sales-flash-overlay","35":"woocommerce-text-align-center","36":"woocommerce-image-align-center","37":"do-quantity-buttons","39":"first","40":"instock","41":"taxable","42":"shipping-taxable","43":"purchasable","44":"product-type-simple"},"_links":{"self":[{"href":"https:\/\/www.ngdcare.nl\/no\/wp-json\/wp\/v2\/product\/10677","targetHints":{"allow":["GET"]}}],"collection":[{"href":"https:\/\/www.ngdcare.nl\/no\/wp-json\/wp\/v2\/product"}],"about":[{"href":"https:\/\/www.ngdcare.nl\/no\/wp-json\/wp\/v2\/types\/product"}],"replies":[{"embeddable":true,"href":"https:\/\/www.ngdcare.nl\/no\/wp-json\/wp\/v2\/comments?post=10677"}],"wp:featuredmedia":[{"embeddable":true,"href":"https:\/\/www.ngdcare.nl\/no\/wp-json\/wp\/v2\/media\/10892"}],"wp:attachment":[{"href":"https:\/\/www.ngdcare.nl\/no\/wp-json\/wp\/v2\/media?parent=10677"}],"wp:term":[{"taxonomy":"product_brand","embeddable":true,"href":"https:\/\/www.ngdcare.nl\/no\/wp-json\/wp\/v2\/product_brand?post=10677"},{"taxonomy":"product_cat","embeddable":true,"href":"https:\/\/www.ngdcare.nl\/no\/wp-json\/wp\/v2\/product_cat?post=10677"},{"taxonomy":"product_tag","embeddable":true,"href":"https:\/\/www.ngdcare.nl\/no\/wp-json\/wp\/v2\/product_tag?post=10677"},{"taxonomy":"merken","embeddable":true,"href":"https:\/\/www.ngdcare.nl\/no\/wp-json\/wp\/v2\/merken?post=10677"}],"curies":[{"name":"wp","href":"https:\/\/api.w.org\/{rel}","templated":true}]}}