{"id":10718,"date":"2025-11-17T14:14:35","date_gmt":"2025-11-17T13:14:35","guid":{"rendered":"https:\/\/www.ngdcare.nl\/?post_type=product&#038;p=10718"},"modified":"2025-11-24T13:19:09","modified_gmt":"2025-11-24T12:19:09","slug":"calanus-olje-o-mega-blanding-kopie","status":"publish","type":"product","link":"https:\/\/www.ngdcare.nl\/no\/product\/kosttilskudd\/calanus-olje-o-mega-blanding-kopie\/","title":{"rendered":"O Mega-blanding"},"content":{"rendered":"<p><strong>NGD Care \u2013 O-Mega Blend <\/strong>er Calanus-olje utvunnet fra den lille nordatlantiske copepoden <strong><em>Calanus finmarchicus<\/em><\/strong> og inneholder unike omegafettsyrer i form av voksestere, som frigj\u00f8res sakte og derfor gir stabil opptak. Den inneholder EPA- og DHA-forl\u00f8pere, SDA (stearidonsyre), antioksidanter (som astaxantin) og polare lipider som har en gunstig effekt p\u00e5 mitokondrier, lipidmetabolisme og inflammatoriske prosesser. V\u00e5r O-Mega Blend inneholder ikke laks, krill eller bl\u00e5skjellolje p\u00e5 grunn av <strong>den lavere renheten<\/strong> og <strong>den h\u00f8yere \u00f8kologiske p\u00e5virkningen<\/strong> av disse kildene. Med calanusolje velger du et <strong>rent, effektivt og ansvarlig omega-3-tilskudd.<\/strong>   <\/p>\n<p>Calanusolje tolereres ofte bedre enn tradisjonell fiskeolje og har ingen fiskesmak. Den langsomme frigj\u00f8ringen gir en mild effekt p\u00e5 blodsukkerniv\u00e5et og en jevn energiflyt. <\/p>\n<p>Produktet st\u00f8tter hjerte- og karhelse, hjernefunksjon, stoffskifte, inflammatorisk balanse og restitusjon. Det passer godt inn i integrative protokoller for tretthet, metabolsk ubalanse, utbrenthet, idrettsrestitusjon og betennelsessensitivitet. <\/p>\n<p style=\"font-weight: 400;\">\n","protected":false},"excerpt":{"rendered":"<div>\n<p class=\"p3\">Calanusolje er en unik omega-kilde til zooplankton med voksestere, EPA\/DHA-forl\u00f8pere og astaxantin for energi, stoffskifte og inflammatorisk balanse.<\/p>\n<\/div>\n<p>&nbsp;<\/p>\n","protected":false},"featured_media":10992,"comment_status":"open","ping_status":"closed","template":"","meta":[],"product_brand":[],"product_cat":[5356],"product_tag":[2261,4185,2962,2260,2949,2012,4184,4182,4181,1831,1829,2223,2875,2222,2614,5358,5552,2950,4180,5555,4183,4179,5554],"merken":[2756],"class_list":{"0":"post-10718","1":"product","2":"type-product","3":"status-publish","4":"has-post-thumbnail","6":"product_cat-kosttilskudd","7":"product_tag-antioksidant","8":"product_tag-astaxanthin-no","9":"product_tag-betennelse","10":"product_tag-betennelsesdempende","11":"product_tag-calanus-olje","12":"product_tag-energi","13":"product_tag-epa-og-dha-no","14":"product_tag-fiskeolje-alternativ","15":"product_tag-hjertehelse","16":"product_tag-holistisk","17":"product_tag-immunsystem-no","18":"product_tag-lang-levetid","19":"product_tag-ledd","20":"product_tag-livskraft","21":"product_tag-ngd-omsorg","22":"product_tag-ngd-omsorg-for-menneskers-helse","23":"product_tag-omega","24":"product_tag-omega-3-no","25":"product_tag-pels-helse","26":"product_tag-stoffskifte","27":"product_tag-sunn-alderdom","28":"product_tag-sunn-hud","29":"product_tag-voksestere","30":"merken-ngdcare","31":"infinite-scroll-item","32":"sales-flash-overlay","33":"woocommerce-text-align-center","34":"woocommerce-image-align-center","35":"do-quantity-buttons","37":"first","38":"instock","39":"taxable","40":"shipping-taxable","41":"purchasable","42":"product-type-simple"},"_links":{"self":[{"href":"https:\/\/www.ngdcare.nl\/no\/wp-json\/wp\/v2\/product\/10718","targetHints":{"allow":["GET"]}}],"collection":[{"href":"https:\/\/www.ngdcare.nl\/no\/wp-json\/wp\/v2\/product"}],"about":[{"href":"https:\/\/www.ngdcare.nl\/no\/wp-json\/wp\/v2\/types\/product"}],"replies":[{"embeddable":true,"href":"https:\/\/www.ngdcare.nl\/no\/wp-json\/wp\/v2\/comments?post=10718"}],"wp:featuredmedia":[{"embeddable":true,"href":"https:\/\/www.ngdcare.nl\/no\/wp-json\/wp\/v2\/media\/10992"}],"wp:attachment":[{"href":"https:\/\/www.ngdcare.nl\/no\/wp-json\/wp\/v2\/media?parent=10718"}],"wp:term":[{"taxonomy":"product_brand","embeddable":true,"href":"https:\/\/www.ngdcare.nl\/no\/wp-json\/wp\/v2\/product_brand?post=10718"},{"taxonomy":"product_cat","embeddable":true,"href":"https:\/\/www.ngdcare.nl\/no\/wp-json\/wp\/v2\/product_cat?post=10718"},{"taxonomy":"product_tag","embeddable":true,"href":"https:\/\/www.ngdcare.nl\/no\/wp-json\/wp\/v2\/product_tag?post=10718"},{"taxonomy":"merken","embeddable":true,"href":"https:\/\/www.ngdcare.nl\/no\/wp-json\/wp\/v2\/merken?post=10718"}],"curies":[{"name":"wp","href":"https:\/\/api.w.org\/{rel}","templated":true}]}}