{"id":10740,"date":"2025-11-17T14:48:03","date_gmt":"2025-11-17T13:48:03","guid":{"rendered":"https:\/\/www.ngdcare.nl\/?post_type=product&#038;p=10740"},"modified":"2025-11-24T12:27:55","modified_gmt":"2025-11-24T11:27:55","slug":"liposomal-multivitamin-liposomal-daglig-multi-kopie","status":"publish","type":"product","link":"https:\/\/www.ngdcare.nl\/no\/product\/kosttilskudd\/liposomal-multivitamin-liposomal-daglig-multi-kopie\/","title":{"rendered":"Liposomal daglig multi"},"content":{"rendered":"<p data-start=\"1132\" data-end=\"2604\">NGD Cares <strong>Liposomal Daily Multi<\/strong> er designet som en komplett daglig basisformel for folk som \u00f8nsker \u00e5 holde mikron\u00e6ringsstoffniv\u00e5et p\u00e5 et h\u00f8yt og stabilt niv\u00e5. Multivitaminet er basert p\u00e5 \u00f8kologiske frukt- og gr\u00f8nnsaksekstrakter med alle essensielle vitaminer og mineraler i lett absorberbare former, med liposomal fosfatidmatrise (solsikkelecitin) som sikrer forbedret celleopptak og en mild effekt p\u00e5 mage-tarmkanalen. <\/p>\n<p data-start=\"1132\" data-end=\"2604\">Denne Daily Multi st\u00f8tter energimetabolismen, nervesystemet, immunsystemet, antioksidantbeskyttelse og hormonelle prosesser. B-vitaminene finnes i aktive former, inkludert pyridoksal-5-fosfat (B6), metylkobalamin (B12) og metylfolat, noe som gj\u00f8r omdannelsen i kroppen minimalt byrdefull. Vitaminene D3 og K2 (MK-7) samarbeider for beinmetabolisme, kalsiumregulering og hjerte- og karhelse.  <\/p>\n<p data-start=\"1132\" data-end=\"2604\">Formelen inneholder ogs\u00e5 essensielle mineraler som jern, selen, jod og krom, som st\u00f8tter avgiftningsprosesser, skjoldbruskkjertelfunksjon, mitokondriell energiproduksjon og antioksidantveier. Takket v\u00e6re balanserte doser er denne multivitaminen mild nok til daglig bruk, men kraftig nok til \u00e5 st\u00f8tte stress, \u00f8kte behov, graviditetsforl\u00f8p (i konsultasjon), restitusjon, sportsbelastning og suboptimal ern\u00e6ring. <\/p>\n<p data-start=\"1132\" data-end=\"2604\">Liposomal Daily Multi passer inn i enhver NGD-Care behandlingsplan og danner grunnlaget for andre kosttilskudd (som omegaer, adaptogener, NAC, probiotika eller soppekstrakter).<\/p>\n","protected":false},"excerpt":{"rendered":"<p class=\"p3\">Denne liposomale Daily Multi kombinerer alle essensielle vitaminer og mineraler i optimalt absorberbare former, med det unike liposomkomplekset i henhold til Lipodry-teknikken for bedre biotilgjengelighet. Egnet for daglig bruk, restitusjon, energi og immunforsvar. <\/p>\n","protected":false},"featured_media":10880,"comment_status":"open","ping_status":"closed","template":"","meta":[],"product_brand":[],"product_cat":[5356],"product_tag":[1998,5362,2012,5361,1992,5364,2614,5358,5366,5368],"merken":[],"class_list":{"0":"post-10740","1":"product","2":"type-product","3":"status-publish","4":"has-post-thumbnail","6":"product_cat-kosttilskudd","7":"product_tag-b-komplekset","8":"product_tag-daglig-multi","9":"product_tag-energi","10":"product_tag-immunitet","11":"product_tag-liposomal-no","12":"product_tag-multivitamin","13":"product_tag-ngd-omsorg","14":"product_tag-ngd-omsorg-for-menneskers-helse","15":"product_tag-vitamin-d3","16":"product_tag-vitamin-k2","17":"infinite-scroll-item","18":"sales-flash-overlay","19":"woocommerce-text-align-center","20":"woocommerce-image-align-center","21":"do-quantity-buttons","23":"first","24":"instock","25":"taxable","26":"shipping-taxable","27":"purchasable","28":"product-type-simple"},"_links":{"self":[{"href":"https:\/\/www.ngdcare.nl\/no\/wp-json\/wp\/v2\/product\/10740","targetHints":{"allow":["GET"]}}],"collection":[{"href":"https:\/\/www.ngdcare.nl\/no\/wp-json\/wp\/v2\/product"}],"about":[{"href":"https:\/\/www.ngdcare.nl\/no\/wp-json\/wp\/v2\/types\/product"}],"replies":[{"embeddable":true,"href":"https:\/\/www.ngdcare.nl\/no\/wp-json\/wp\/v2\/comments?post=10740"}],"wp:featuredmedia":[{"embeddable":true,"href":"https:\/\/www.ngdcare.nl\/no\/wp-json\/wp\/v2\/media\/10880"}],"wp:attachment":[{"href":"https:\/\/www.ngdcare.nl\/no\/wp-json\/wp\/v2\/media?parent=10740"}],"wp:term":[{"taxonomy":"product_brand","embeddable":true,"href":"https:\/\/www.ngdcare.nl\/no\/wp-json\/wp\/v2\/product_brand?post=10740"},{"taxonomy":"product_cat","embeddable":true,"href":"https:\/\/www.ngdcare.nl\/no\/wp-json\/wp\/v2\/product_cat?post=10740"},{"taxonomy":"product_tag","embeddable":true,"href":"https:\/\/www.ngdcare.nl\/no\/wp-json\/wp\/v2\/product_tag?post=10740"},{"taxonomy":"merken","embeddable":true,"href":"https:\/\/www.ngdcare.nl\/no\/wp-json\/wp\/v2\/merken?post=10740"}],"curies":[{"name":"wp","href":"https:\/\/api.w.org\/{rel}","templated":true}]}}