{"id":10854,"date":"2025-11-22T16:09:09","date_gmt":"2025-11-22T15:09:09","guid":{"rendered":"https:\/\/www.ngdcare.nl\/product\/ukategorisert\/canumi-makrellfileter\/"},"modified":"2025-11-22T16:09:09","modified_gmt":"2025-11-22T15:09:09","slug":"canumi-makrellfileter","status":"publish","type":"product","link":"https:\/\/www.ngdcare.nl\/no\/product\/dyrebutikk\/hund\/ernaering\/snacks\/canumi-makrellfileter\/","title":{"rendered":"Canumi-makrellfileter"},"content":{"rendered":"<p data-start=\"159\" data-end=\"218\"><strong data-start=\"162\" data-end=\"218\">Canumi \u2013 makrellfileter (100 % naturlig bl\u00e5fisk)<\/strong><\/p>\n<p data-start=\"220\" data-end=\"652\">En kraftig kilde til rene n\u00e6ringsstoffer rett fra havet. Disse makrellfiletene er naturlig fulle av B-vitaminer, jod og antioksidanter som st\u00f8tter stoffskiftet, regulerer energistyring og bidrar til sterke muskler, sunn pels og en klar hjerne.<br data-start=\"513\" data-end=\"516\">Det perfekte, naturlige tilskuddet for hunder som drar nytte av omegaer, lettford\u00f8yelige proteiner og h\u00f8ykvalitets marin ern\u00e6ring. <\/p>\n<p data-start=\"654\" data-end=\"668\"><strong>Egenskaper:<\/strong><\/p>\n<ul>\n<li data-start=\"672\" data-end=\"727\">100 % makrellfileter til menneskelig konsum<\/li>\n<li data-start=\"730\" data-end=\"790\">Rik p\u00e5 vitaminene B12, B6 og B3 for en sterk forbrenning<\/li>\n<li data-start=\"793\" data-end=\"861\">Naturlig jod for energiregulering og en sunn skjoldbruskkjertel<\/li>\n<li data-start=\"864\" data-end=\"925\">St\u00f8tter hud, pels, kognitiv funksjon og muskelbygging<\/li>\n<li data-start=\"928\" data-end=\"958\">Naturlig antioksidantboost<\/li>\n<li data-start=\"961\" data-end=\"1034\">Inkludert n\u00e6ringsrikt bevaringsvann med mineraler, vitaminer og omegaer<\/li>\n<\/ul>\n<p><strong>F\u00f4ringsanbefaling:<\/strong><\/p>\n<p>XS-hund: maks. 40 g per dag<br data-start=\"1331\" data-end=\"1334\">S-hund: maks. 63 g per dag<br data-start=\"1359\" data-end=\"1362\">M hund: maks. 125 g per dag<br data-start=\"1388\" data-end=\"1391\">L-hund: maks. 160 g per dag<br data-start=\"1417\" data-end=\"1420\">XL-hund: maks. 200 g per dag<br data-start=\"1447\" data-end=\"1450\">Oppbevar og server alltid konserveringsvann.<\/p>\n","protected":false},"excerpt":{"rendered":"<p>100 % naturlige makrellfileter fulle av B-vitaminer, jod og antioksidanter \u2014 et l\u00f8ft i havet for stoffskifte, hud, pels og vitalitet.<\/p>\n","protected":false},"featured_media":10856,"comment_status":"open","ping_status":"closed","template":"","meta":[],"product_brand":[],"product_cat":[5067,5124,5058,5305,5304],"product_tag":[],"merken":[],"class_list":{"0":"post-10854","1":"product","2":"type-product","3":"status-publish","4":"has-post-thumbnail","6":"product_cat-dyrebutikk","7":"product_cat-ernaering","8":"product_cat-hund","9":"product_cat-snacks","10":"product_cat-vatfor","11":"infinite-scroll-item","12":"sales-flash-overlay","13":"woocommerce-text-align-center","14":"woocommerce-image-align-center","15":"do-quantity-buttons","17":"first","18":"outofstock","19":"sold-individually","20":"taxable","21":"shipping-taxable","22":"purchasable","23":"product-type-simple"},"_links":{"self":[{"href":"https:\/\/www.ngdcare.nl\/no\/wp-json\/wp\/v2\/product\/10854","targetHints":{"allow":["GET"]}}],"collection":[{"href":"https:\/\/www.ngdcare.nl\/no\/wp-json\/wp\/v2\/product"}],"about":[{"href":"https:\/\/www.ngdcare.nl\/no\/wp-json\/wp\/v2\/types\/product"}],"replies":[{"embeddable":true,"href":"https:\/\/www.ngdcare.nl\/no\/wp-json\/wp\/v2\/comments?post=10854"}],"wp:featuredmedia":[{"embeddable":true,"href":"https:\/\/www.ngdcare.nl\/no\/wp-json\/wp\/v2\/media\/10856"}],"wp:attachment":[{"href":"https:\/\/www.ngdcare.nl\/no\/wp-json\/wp\/v2\/media?parent=10854"}],"wp:term":[{"taxonomy":"product_brand","embeddable":true,"href":"https:\/\/www.ngdcare.nl\/no\/wp-json\/wp\/v2\/product_brand?post=10854"},{"taxonomy":"product_cat","embeddable":true,"href":"https:\/\/www.ngdcare.nl\/no\/wp-json\/wp\/v2\/product_cat?post=10854"},{"taxonomy":"product_tag","embeddable":true,"href":"https:\/\/www.ngdcare.nl\/no\/wp-json\/wp\/v2\/product_tag?post=10854"},{"taxonomy":"merken","embeddable":true,"href":"https:\/\/www.ngdcare.nl\/no\/wp-json\/wp\/v2\/merken?post=10854"}],"curies":[{"name":"wp","href":"https:\/\/api.w.org\/{rel}","templated":true}]}}