{"id":11178,"date":"2025-11-26T22:11:04","date_gmt":"2025-11-26T21:11:04","guid":{"rendered":"https:\/\/www.ngdcare.nl\/product\/ukategorisert\/baerblomst\/"},"modified":"2025-11-26T22:11:04","modified_gmt":"2025-11-26T21:11:04","slug":"baerblomst","status":"publish","type":"product","link":"https:\/\/www.ngdcare.nl\/no\/product\/veterinary-health\/anriking\/mat-palegg\/baerblomst\/","title":{"rendered":"B\u00e6rblomst"},"content":{"rendered":"<p data-start=\"2594\" data-end=\"2988\"><strong>Berry Blossom<\/strong> er en fargerik og antioksidantrik blanding av <strong>fryset\u00f8rket traneb\u00e6r<\/strong>, <strong>solb\u00e6r<\/strong> og <strong>spiselige blomster<\/strong>. Fryset\u00f8rking bevarer naturlige polyfenoler, fargestoffer og vitaminer optimalt. Kombinasjonen av m\u00f8rke b\u00e6r og blomster gir et bredt spekter av plantebaserte stoffer som passer inn i et kosthold med ekstra oppmerksomhet p\u00e5 antioksidantst\u00f8tte.  <\/p>\n<p data-start=\"2990\" data-end=\"3358\">Denne blandingen har en frisk smak og kan enkelt tilsettes yoghurt og smoothies hos mennesker og barn, samt gjennom ferskt kj\u00f8tt eller hermetikk. De naturlige syrene og b\u00e6rpigmentene gj\u00f8r den til et attraktivt tilskudd for b\u00e5de mennesker og dyr som liker en fruktig detalj i kostholdet sitt. Blomstene bidrar til variasjon i flavonoider og vegetabilske fargestoffer.  <\/p>\n<p data-start=\"3360\" data-end=\"3625\">Berry Blossom er ideell til daglig bruk, som et fargerikt tilskudd til et m\u00e5ltid eller for \u00e5 berike kostholdet. Den milde doseringen og den milde smaken gj\u00f8r den egnet for alle aldre og dyrearter, forutsatt at de tilpasses individuelle behov. <\/p>\n","protected":false},"excerpt":{"rendered":"<p data-start=\"5425\" data-end=\"5572\">Berry Blossom er en fargerik supermatblanding av traneb\u00e6r, solb\u00e6r og spiselige blomster for antioksidanter, polyfenoler og en frisk fruktsmak.<\/p>\n","protected":false},"featured_media":11180,"comment_status":"open","ping_status":"closed","template":"","meta":{"wds_primary_product_brand":0,"wds_primary_product_cat":0,"wds_primary_merken":0},"product_brand":[],"product_cat":[2530,4772],"product_tag":[5830,5832,5838,5837,5836,4551,5834],"merken":[],"class_list":{"0":"post-11178","1":"product","2":"type-product","3":"status-publish","4":"has-post-thumbnail","6":"product_cat-mat-palegg","7":"product_cat-supermat","8":"product_tag-antioksidanter","9":"product_tag-baer","10":"product_tag-blomsterblanding","11":"product_tag-polyfenoler","12":"product_tag-solbaer","13":"product_tag-supermat-no","14":"product_tag-tranebaer","15":"infinite-scroll-item","16":"sales-flash-overlay","17":"woocommerce-text-align-center","18":"woocommerce-image-align-center","19":"do-quantity-buttons","21":"first","22":"instock","23":"taxable","24":"shipping-taxable","25":"purchasable","26":"product-type-simple"},"_links":{"self":[{"href":"https:\/\/www.ngdcare.nl\/no\/wp-json\/wp\/v2\/product\/11178","targetHints":{"allow":["GET"]}}],"collection":[{"href":"https:\/\/www.ngdcare.nl\/no\/wp-json\/wp\/v2\/product"}],"about":[{"href":"https:\/\/www.ngdcare.nl\/no\/wp-json\/wp\/v2\/types\/product"}],"replies":[{"embeddable":true,"href":"https:\/\/www.ngdcare.nl\/no\/wp-json\/wp\/v2\/comments?post=11178"}],"wp:featuredmedia":[{"embeddable":true,"href":"https:\/\/www.ngdcare.nl\/no\/wp-json\/wp\/v2\/media\/11180"}],"wp:attachment":[{"href":"https:\/\/www.ngdcare.nl\/no\/wp-json\/wp\/v2\/media?parent=11178"}],"wp:term":[{"taxonomy":"product_brand","embeddable":true,"href":"https:\/\/www.ngdcare.nl\/no\/wp-json\/wp\/v2\/product_brand?post=11178"},{"taxonomy":"product_cat","embeddable":true,"href":"https:\/\/www.ngdcare.nl\/no\/wp-json\/wp\/v2\/product_cat?post=11178"},{"taxonomy":"product_tag","embeddable":true,"href":"https:\/\/www.ngdcare.nl\/no\/wp-json\/wp\/v2\/product_tag?post=11178"},{"taxonomy":"merken","embeddable":true,"href":"https:\/\/www.ngdcare.nl\/no\/wp-json\/wp\/v2\/merken?post=11178"}],"curies":[{"name":"wp","href":"https:\/\/api.w.org\/{rel}","templated":true}]}}