{"id":11207,"date":"2025-11-26T23:00:47","date_gmt":"2025-11-26T22:00:47","guid":{"rendered":"https:\/\/www.ngdcare.nl\/product\/ukategorisert\/gronn-vitalitet\/"},"modified":"2025-11-26T23:00:47","modified_gmt":"2025-11-26T22:00:47","slug":"gronn-vitalitet","status":"publish","type":"product","link":"https:\/\/www.ngdcare.nl\/no\/webshop\/veterinary-health\/anriking\/mat-palegg\/gronn-vitalitet\/","title":{"rendered":"Gr\u00f8nn vitalitet"},"content":{"rendered":"<p data-start=\"468\" data-end=\"881\"><strong>Green Vitality<\/strong> er en sammensetning av fire n\u00e6ringsrike planter: <strong>spinat<\/strong>, <strong>brokkoli<\/strong>, <strong>gr\u00f8nnk\u00e5l<\/strong> og <strong>r\u00f8dbete<\/strong>. Disse gr\u00f8nnsakene er blant de mest fyton\u00e6ringsrike kildene i det daglige kostholdet og inneholder klorofyll, antioksidanter, naturlige vitaminer og mineraler. Disse stoffene bidrar til generell vitalitet og gir st\u00f8tte n\u00e5r det er behov for ekstra gr\u00f8nne n\u00e6ringsstoffer.  <\/p>\n<p data-start=\"883\" data-end=\"1257\">Kombinasjonen av bladgr\u00f8nnsaker med r\u00f8dbeter skaper en balansert blanding av naturlige folater, fibre, nitratrike plantestoffer og fargepigmenter. Denne sammensetningen passer b\u00e5de for aktive individer og situasjoner hvor ekstra n\u00e6ring fra planter er \u00f8nsket. Pulveret blandes lett i yoghurt, ferskt kj\u00f8tt, t\u00f8rrf\u00f4r, smoothies eller gr\u00f8nnsaksblandinger.  <\/p>\n<p data-start=\"1259\" data-end=\"1487\">Green Vitality kan brukes daglig for \u00e5 st\u00f8tte et variert kosthold. Den myke smaken gj\u00f8r den enkel \u00e5 bruke b\u00e5de med kresne spisere og dyr som reagerer f\u00f8lsomt p\u00e5 sterke smaker. <\/p>\n","protected":false},"excerpt":{"rendered":"<p><strong>Green Vitality<\/strong> er en kraftig gr\u00f8nn supermatblanding med spinat, brokkoli, gr\u00f8nnk\u00e5l og r\u00f8dbeter for daglig vitalitet, energi og et naturlig l\u00f8ft av fyton\u00e6ringsstoffer<\/p>\n","protected":false},"featured_media":11209,"comment_status":"open","ping_status":"closed","template":"","meta":{"wds_primary_product_brand":0,"wds_primary_product_cat":0,"wds_primary_merken":0},"product_brand":[],"product_cat":[2530,4772],"product_tag":[5830,5904,5900,2274,5523,5902,2222,5899,4551],"merken":[],"class_list":{"0":"post-11207","1":"product","2":"type-product","3":"status-publish","4":"has-post-thumbnail","6":"product_cat-mat-palegg","7":"product_cat-supermat","8":"product_tag-antioksidanter","9":"product_tag-bete","10":"product_tag-brokkoli","11":"product_tag-detox-no","12":"product_tag-greener","13":"product_tag-gronnkal","14":"product_tag-livskraft","15":"product_tag-spinat","16":"product_tag-supermat-no","17":"infinite-scroll-item","18":"sales-flash-overlay","19":"woocommerce-text-align-center","20":"woocommerce-image-align-center","21":"do-quantity-buttons","23":"first","24":"instock","25":"taxable","26":"shipping-taxable","27":"purchasable","28":"product-type-simple"},"_links":{"self":[{"href":"https:\/\/www.ngdcare.nl\/no\/wp-json\/wp\/v2\/product\/11207","targetHints":{"allow":["GET"]}}],"collection":[{"href":"https:\/\/www.ngdcare.nl\/no\/wp-json\/wp\/v2\/product"}],"about":[{"href":"https:\/\/www.ngdcare.nl\/no\/wp-json\/wp\/v2\/types\/product"}],"replies":[{"embeddable":true,"href":"https:\/\/www.ngdcare.nl\/no\/wp-json\/wp\/v2\/comments?post=11207"}],"wp:featuredmedia":[{"embeddable":true,"href":"https:\/\/www.ngdcare.nl\/no\/wp-json\/wp\/v2\/media\/11209"}],"wp:attachment":[{"href":"https:\/\/www.ngdcare.nl\/no\/wp-json\/wp\/v2\/media?parent=11207"}],"wp:term":[{"taxonomy":"product_brand","embeddable":true,"href":"https:\/\/www.ngdcare.nl\/no\/wp-json\/wp\/v2\/product_brand?post=11207"},{"taxonomy":"product_cat","embeddable":true,"href":"https:\/\/www.ngdcare.nl\/no\/wp-json\/wp\/v2\/product_cat?post=11207"},{"taxonomy":"product_tag","embeddable":true,"href":"https:\/\/www.ngdcare.nl\/no\/wp-json\/wp\/v2\/product_tag?post=11207"},{"taxonomy":"merken","embeddable":true,"href":"https:\/\/www.ngdcare.nl\/no\/wp-json\/wp\/v2\/merken?post=11207"}],"curies":[{"name":"wp","href":"https:\/\/api.w.org\/{rel}","templated":true}]}}