{"id":11454,"date":"2025-11-27T15:46:21","date_gmt":"2025-11-27T14:46:21","guid":{"rendered":"https:\/\/www.ngdcare.nl\/product\/ukategorisert\/mjamjam-duo-kalv-og-sild\/"},"modified":"2025-11-28T10:49:47","modified_gmt":"2025-11-28T09:49:47","slug":"mjamjam-duo-kalv-og-sild","status":"publish","type":"product","link":"https:\/\/www.ngdcare.nl\/no\/product\/dyrebutikk\/katt\/ernaering\/vatfor\/mjamjam-duo-kalv-og-sild\/","title":{"rendered":"MjAMjAM DUO \u2013 Kalv og sild"},"content":{"rendered":"<p><strong data-start=\"372\" data-end=\"405\">MjAMjAM DUO fra Kalf &amp; Herring<\/strong> er et komplett, naturlig m\u00e5ltid for katter. Denne kombinasjonen av m\u00f8rt kalvekj\u00f8tt og fersk sild gir h\u00f8yt kj\u00f8ttinnhold og gir alle de essensielle n\u00e6ringsstoffene katten din trenger. Maten er helt kornfri og inneholder verken sukker, konserveringsmidler eller kunstige smaker. Beriket med vitaminer, mineraler og taurin, st\u00f8tter den sunn vekst, sterk motstandskraft og en skinnende pels. Ideell for katter som elsker variasjon og h\u00f8ykvalitets, naturlig mat.<\/p>\n","protected":false},"excerpt":{"rendered":"<p>Deilig, komplett m\u00e5ltid for katter med m\u00f8rt kalvekj\u00f8tt og fersk sild. Kornfri, uten kunstige tilsetningsstoffer, rik p\u00e5 vitaminer, mineraler og taurin for en frisk katt. <\/p>\n","protected":false},"featured_media":11459,"comment_status":"open","ping_status":"closed","template":"","meta":[],"product_brand":[],"product_cat":[5067,5158,5049,5292],"product_tag":[],"merken":[],"class_list":{"0":"post-11454","1":"product","2":"type-product","3":"status-publish","4":"has-post-thumbnail","6":"product_cat-dyrebutikk","7":"product_cat-ernaering","8":"product_cat-katt","9":"product_cat-vatfor","10":"infinite-scroll-item","11":"sales-flash-overlay","12":"woocommerce-text-align-center","13":"woocommerce-image-align-center","14":"do-quantity-buttons","16":"first","17":"instock","18":"taxable","19":"shipping-taxable","20":"purchasable","21":"product-type-variable"},"_links":{"self":[{"href":"https:\/\/www.ngdcare.nl\/no\/wp-json\/wp\/v2\/product\/11454","targetHints":{"allow":["GET"]}}],"collection":[{"href":"https:\/\/www.ngdcare.nl\/no\/wp-json\/wp\/v2\/product"}],"about":[{"href":"https:\/\/www.ngdcare.nl\/no\/wp-json\/wp\/v2\/types\/product"}],"replies":[{"embeddable":true,"href":"https:\/\/www.ngdcare.nl\/no\/wp-json\/wp\/v2\/comments?post=11454"}],"wp:featuredmedia":[{"embeddable":true,"href":"https:\/\/www.ngdcare.nl\/no\/wp-json\/wp\/v2\/media\/11459"}],"wp:attachment":[{"href":"https:\/\/www.ngdcare.nl\/no\/wp-json\/wp\/v2\/media?parent=11454"}],"wp:term":[{"taxonomy":"product_brand","embeddable":true,"href":"https:\/\/www.ngdcare.nl\/no\/wp-json\/wp\/v2\/product_brand?post=11454"},{"taxonomy":"product_cat","embeddable":true,"href":"https:\/\/www.ngdcare.nl\/no\/wp-json\/wp\/v2\/product_cat?post=11454"},{"taxonomy":"product_tag","embeddable":true,"href":"https:\/\/www.ngdcare.nl\/no\/wp-json\/wp\/v2\/product_tag?post=11454"},{"taxonomy":"merken","embeddable":true,"href":"https:\/\/www.ngdcare.nl\/no\/wp-json\/wp\/v2\/merken?post=11454"}],"curies":[{"name":"wp","href":"https:\/\/api.w.org\/{rel}","templated":true}]}}