{"id":11696,"date":"2025-11-29T12:42:47","date_gmt":"2025-11-29T11:42:47","guid":{"rendered":"https:\/\/www.ngdcare.nl\/product\/ukategorisert\/liposomalt-koenzym-q10\/"},"modified":"2026-04-19T22:05:50","modified_gmt":"2026-04-19T20:05:50","slug":"liposomalt-koenzym-q10","status":"publish","type":"product","link":"https:\/\/www.ngdcare.nl\/no\/product\/veterinary-health\/ortomolekylaere-kosttilskudd\/liposomalt-koenzym-q10\/","title":{"rendered":"Liposomalt koenzym Q10"},"content":{"rendered":"<div class=\"group\/line flex border-l-[3px] border-l-transparent\" data-diff-type=\"normal\" data-diff-line=\"1\">\n<div>\n<div class=\"standard-markdown grid-cols-1 grid [&amp;_&gt;_*]:min-w-0 gap-3\">\n<p class=\"font-claude-response-body break-words whitespace-normal leading-[1.7]\"><span style=\"font-size: inherit;\"><strong>NGD Care Coenzyme Q10<\/strong> er uunnv\u00e6rlig for produksjonen av ATP, energien til hver celle. Organer med h\u00f8yt energibehov, som hjertet, hjernen, leveren og musklene, er relativt avhengige av tilstrekkelig Q10-tilgjengelighet. Med alderen avtar den endogene produksjonen. Langvarig bruk av medisiner (som statiner, NSAIDs eller prednison), kronisk sykdom, intensiv trening og giftig belastning kan ogs\u00e5 senke Q10-niv\u00e5et.   <\/span><\/p>\n<\/div>\n<\/div>\n<div>\n<div class=\"standard-markdown grid-cols-1 grid [&amp;_&gt;_*]:min-w-0 gap-3\">\n<p class=\"font-claude-response-body break-words whitespace-normal leading-[1.7]\">NGD Care velger bevisst ubiquinon: den stabile forl\u00f8performen til koenzym Q10. Ubiquinol er den aktive intracellul\u00e6re formen, men den er kjemisk mindre stabil og mer utsatt for oksidasjon i selve tilskuddet. Ubikinon omdannes til ubiquinol i cellen via fysiologiske kofaktorer, inkludert NAD+ og glutation. Cellen regulerer denne omdannelsen selv.   <\/p>\n<\/div>\n<\/div>\n<div>\n<div class=\"standard-markdown grid-cols-1 grid [&amp;_&gt;_*]:min-w-0 gap-3\">\n<p class=\"font-claude-response-body break-words whitespace-normal leading-[1.7]\">P\u00e5 grunn av liposomal formulering er opptaket betydelig bedre enn med konvensjonelle Q10-tilskudd. Forskningsdata tyder p\u00e5 opptil 8\u00d7 h\u00f8yere biotilgjengelighet sammenlignet med standard ubiquinon. Fettkulene beskytter det aktive stoffet mot nedbrytning i mage-tarmkanalen og st\u00f8tter samtidig cellemembranstrukturen.  <\/p>\n<\/div>\n<\/div>\n<div>\n<div class=\"standard-markdown grid-cols-1 grid [&amp;_&gt;_*]:min-w-0 gap-3\">\n<p class=\"font-claude-response-body break-words whitespace-normal leading-[1.7]\">Hos hunder har Q10 v\u00e6rt mest studert i forbindelse med hjertest\u00f8tte. Myokardiet har en av de h\u00f8yeste mitokondrietetthetene av alle organer og er derfor sterkt avhengig av tilstrekkelig tilgjengelighet av Q10. Koenzym Q10 brukes hos hunder med hjertemislyd eller begynnende mitralklaffproblemer (MVD) som et supplement til veterin\u00e6rbehandling, men ogs\u00e5 hos eldre dyr med energitap, i restitusjon etter anestesi eller langvarig bruk av medisiner, i muskelrestitusjon hos aktive eller arbeidende hunder og i nevrologisk og leverst\u00f8tte ved kroniske tilstander.  <\/p>\n<p>Koenzym Q10 er en del av v\u00e5r <a href=\"https:\/\/www.ngdcare.nl\/no\/product\/protokoller-no\/alderdomsprotokoll\/\">aldringsprotokoll<\/a> og fungerer godt synergistisk med <a href=\"https:\/\/www.ngdcare.nl\/no\/product\/naturlig-kjaeledyrapotek\/generell-vitalitet\/nad-resveratrol-og-ergotioneine-liposomal-levetidsstotte\/\">langtidsst\u00f8tte<\/a> (NAD+) og <a href=\"https:\/\/www.ngdcare.nl\/no\/product\/ortomolekylaere-kosttilskudd\/liposomal-glutation\/\">glutation.<\/a><\/p>\n<\/div>\n<\/div>\n<div>\n<div class=\"standard-markdown grid-cols-1 grid [&amp;_&gt;_*]:min-w-0 gap-3\">\n<p class=\"font-claude-response-body break-words whitespace-normal leading-[1.7]\">Vil du lese mer om hvordan det fungerer, litteraturen og den kliniske bakgrunnen? Les deretter den omfattende bloggen: <a href=\"https:\/\/www.ngdcare.nl\/no\/blogg\/koenzym-q10-hos-hunder-og-katter\/\">Koenzym Q10 hos hunder og katter.<\/a> <\/p>\n<\/div>\n<\/div>\n<\/div>\n","protected":false},"excerpt":{"rendered":"<p>NGD Care Coenzyme Q10 inneholder 160 mg liposomal Ubiquinon og har maksimal opptak. Essensielt for energiproduksjon, hjertehelse, mitokondrier og restitusjon.<\/p>\n","protected":false},"featured_media":17625,"comment_status":"open","ping_status":"closed","template":"","meta":{"wds_primary_product_brand":0,"wds_primary_product_cat":0,"wds_primary_merken":0},"product_brand":[],"product_cat":[1815],"product_tag":[3522,2261,6152,2012,6154,1817,1819,1992,2614,6115,6180],"merken":[],"class_list":{"0":"post-11696","1":"product","2":"type-product","3":"status-publish","4":"has-post-thumbnail","6":"product_cat-ortomolekylaere-kosttilskudd","7":"product_tag-aldrende","8":"product_tag-antioksidant","9":"product_tag-coq10","10":"product_tag-energi","11":"product_tag-hjerte","12":"product_tag-hund-no","13":"product_tag-katt","14":"product_tag-liposomal-no","15":"product_tag-ngd-omsorg","16":"product_tag-person","17":"product_tag-ubikinon","18":"infinite-scroll-item","19":"sales-flash-overlay","20":"woocommerce-text-align-center","21":"woocommerce-image-align-center","22":"do-quantity-buttons","24":"first","25":"instock","26":"taxable","27":"shipping-taxable","28":"purchasable","29":"product-type-simple"},"_links":{"self":[{"href":"https:\/\/www.ngdcare.nl\/no\/wp-json\/wp\/v2\/product\/11696","targetHints":{"allow":["GET"]}}],"collection":[{"href":"https:\/\/www.ngdcare.nl\/no\/wp-json\/wp\/v2\/product"}],"about":[{"href":"https:\/\/www.ngdcare.nl\/no\/wp-json\/wp\/v2\/types\/product"}],"replies":[{"embeddable":true,"href":"https:\/\/www.ngdcare.nl\/no\/wp-json\/wp\/v2\/comments?post=11696"}],"wp:featuredmedia":[{"embeddable":true,"href":"https:\/\/www.ngdcare.nl\/no\/wp-json\/wp\/v2\/media\/17625"}],"wp:attachment":[{"href":"https:\/\/www.ngdcare.nl\/no\/wp-json\/wp\/v2\/media?parent=11696"}],"wp:term":[{"taxonomy":"product_brand","embeddable":true,"href":"https:\/\/www.ngdcare.nl\/no\/wp-json\/wp\/v2\/product_brand?post=11696"},{"taxonomy":"product_cat","embeddable":true,"href":"https:\/\/www.ngdcare.nl\/no\/wp-json\/wp\/v2\/product_cat?post=11696"},{"taxonomy":"product_tag","embeddable":true,"href":"https:\/\/www.ngdcare.nl\/no\/wp-json\/wp\/v2\/product_tag?post=11696"},{"taxonomy":"merken","embeddable":true,"href":"https:\/\/www.ngdcare.nl\/no\/wp-json\/wp\/v2\/merken?post=11696"}],"curies":[{"name":"wp","href":"https:\/\/api.w.org\/{rel}","templated":true}]}}