{"id":11747,"date":"2025-11-15T22:17:51","date_gmt":"2025-11-15T21:17:51","guid":{"rendered":"https:\/\/www.ngdcare.nl\/product\/ukategorisert\/liposomal-glutation-2\/"},"modified":"2025-12-01T20:44:36","modified_gmt":"2025-12-01T19:44:36","slug":"liposomal-glutation-2","status":"publish","type":"product","link":"https:\/\/www.ngdcare.nl\/no\/product\/human-health\/kosttilskudd\/liposomal-glutation-2\/","title":{"rendered":"Liposomal glutation"},"content":{"rendered":"<p data-start=\"1353\" data-end=\"1697\"><strong>Glutation<\/strong> er den mest utbredte intracellul\u00e6re antioksidanten og essensiell for n\u00f8ytralisering av frie radikaler, beskyttelse av celler og st\u00f8tte for det naturlige avgiftningssystemet (fase II avgiftning). Niv\u00e5et av glutation reduseres under p\u00e5virkning av stress, giftstoffer, medisiner, aldring og intens fysisk belastning. <\/p>\n<p data-start=\"1699\" data-end=\"1901\"><strong>NGD Care Liposomal Glutathion<\/strong> er formulert i en h\u00f8ykvalitets liposomal matrise, som holder det aktivt beskyttet i mage-tarmkanalen og absorberes med mye h\u00f8yere effektivitet.<\/p>\n<p data-start=\"1903\" data-end=\"1951\">V\u00e5r humane liposomale glutathion st\u00f8tter:<\/p>\n<ul>\n<li data-start=\"1954\" data-end=\"2000\">Naturlig fjerning av u\u00f8nskede stoffer<\/li>\n<li data-start=\"2003\" data-end=\"2054\">Beskyttelse av celler mot oksidativt stress<\/li>\n<li data-start=\"2057\" data-end=\"2087\">Balanse i immunsystemet<\/li>\n<li data-start=\"2090\" data-end=\"2140\">Bedring etter sykdom, tung belastning eller toksisitet<\/li>\n<li data-start=\"2143\" data-end=\"2179\">Leverfunksjon (stadium II konjugering)<\/li>\n<\/ul>\n<p data-start=\"2181\" data-end=\"2319\">Denne formelen er egnet for daglig bruk og passer inn i integrative behandlingsplaner, inkludert livsstils- og ern\u00e6ringsmessige tiltak.<\/p>\n","protected":false},"excerpt":{"rendered":"<p data-start=\"719\" data-end=\"1021\">Liposomal glutation fra NGD Care inneholder redusert glutation (GSH) i et rent liposomalt kompleks for optimal absorpsjon. Glutation er en av de viktigste endogene antioksidantene og spiller en sentral rolle i avgiftning, immunbalanse og cellebeskyttelse. Denne formelen er utviklet for maksimal biotilgjengelighet og daglig bruk.  <\/p>\n","protected":false},"featured_media":11750,"comment_status":"open","ping_status":"closed","template":"","meta":{"wds_primary_product_brand":0,"wds_primary_product_cat":0,"wds_primary_merken":0},"product_brand":[],"product_cat":[5356],"product_tag":[5830,2274,6111,6116,1829,6195,1992,5428,2614,5429],"merken":[2756],"class_list":{"0":"post-11747","1":"product","2":"type-product","3":"status-publish","4":"has-post-thumbnail","6":"product_cat-kosttilskudd","7":"product_tag-antioksidanter","8":"product_tag-detox-no","9":"product_tag-glutation","10":"product_tag-gsh","11":"product_tag-immunsystem-no","12":"product_tag-leverhelse","13":"product_tag-liposomal-no","14":"product_tag-menneskelige-tilskudd","15":"product_tag-ngd-omsorg","16":"product_tag-oksidativt-stress","17":"merken-ngdcare","18":"infinite-scroll-item","19":"sales-flash-overlay","20":"woocommerce-text-align-center","21":"woocommerce-image-align-center","22":"do-quantity-buttons","24":"first","25":"instock","26":"taxable","27":"shipping-taxable","28":"purchasable","29":"product-type-simple"},"_links":{"self":[{"href":"https:\/\/www.ngdcare.nl\/no\/wp-json\/wp\/v2\/product\/11747","targetHints":{"allow":["GET"]}}],"collection":[{"href":"https:\/\/www.ngdcare.nl\/no\/wp-json\/wp\/v2\/product"}],"about":[{"href":"https:\/\/www.ngdcare.nl\/no\/wp-json\/wp\/v2\/types\/product"}],"replies":[{"embeddable":true,"href":"https:\/\/www.ngdcare.nl\/no\/wp-json\/wp\/v2\/comments?post=11747"}],"wp:featuredmedia":[{"embeddable":true,"href":"https:\/\/www.ngdcare.nl\/no\/wp-json\/wp\/v2\/media\/11750"}],"wp:attachment":[{"href":"https:\/\/www.ngdcare.nl\/no\/wp-json\/wp\/v2\/media?parent=11747"}],"wp:term":[{"taxonomy":"product_brand","embeddable":true,"href":"https:\/\/www.ngdcare.nl\/no\/wp-json\/wp\/v2\/product_brand?post=11747"},{"taxonomy":"product_cat","embeddable":true,"href":"https:\/\/www.ngdcare.nl\/no\/wp-json\/wp\/v2\/product_cat?post=11747"},{"taxonomy":"product_tag","embeddable":true,"href":"https:\/\/www.ngdcare.nl\/no\/wp-json\/wp\/v2\/product_tag?post=11747"},{"taxonomy":"merken","embeddable":true,"href":"https:\/\/www.ngdcare.nl\/no\/wp-json\/wp\/v2\/merken?post=11747"}],"curies":[{"name":"wp","href":"https:\/\/api.w.org\/{rel}","templated":true}]}}