{"id":11788,"date":"2025-11-15T21:27:01","date_gmt":"2025-11-15T20:27:01","guid":{"rendered":"https:\/\/www.ngdcare.nl\/product\/ukategorisert\/liposomalt-koenzym-q10-2\/"},"modified":"2025-12-01T20:47:13","modified_gmt":"2025-12-01T19:47:13","slug":"liposomalt-koenzym-q10-2","status":"publish","type":"product","link":"https:\/\/www.ngdcare.nl\/no\/product\/human-health\/kosttilskudd\/liposomalt-koenzym-q10-2\/","title":{"rendered":"Liposomalt koenzym Q10"},"content":{"rendered":"<p class=\"p1\"><strong>Koenzym Q10<\/strong> er et kraftig stoff som spiller en n\u00f8kkelrolle i mitokondriene: energifabrikkene i cellene v\u00e5re. Denne liposomale Q10 inneholder 160 mg ubiquinon per kapsel og er kapslet inn i h\u00f8ykvalitets fosfolipider for betydelig forbedret biotilgjengelighet. <\/p>\n<p class=\"p1\">Etter hvert som folk blir eldre eller opplever mer stress, synker niv\u00e5ene av koenzym Q10 og mitokondrienes effektivitet avtar. Dette kan f\u00f8re til tretthet, restitusjonsproblemer og \u00f8kt f\u00f8lsomhet for oksidativt stress. Denne formelen passer for alle som \u00f8nsker ekstra st\u00f8tte for energi, reparasjon og cellebeskyttelse, og brukes ofte ved tretthet, sportsbelastning, stresssituasjoner eller under naturlig aldring. Den liposomale formen gj\u00f8r opptaket 3\u20135 ganger mer effektivt enn standard Q10, s\u00e5 lavere doser gir fortsatt en kraftig effekt. Den fungerer synergistisk med B-vitaminer, NAD+, magnesium og omegaer, noe som gj\u00f8r den innenfor en bredere integrativ tiln\u00e6rming.    <\/p>\n","protected":false},"excerpt":{"rendered":"<p class=\"p1\"><strong>Liposomalt koenzym Q10<\/strong> st\u00f8tter energimetabolisme, vitalitet og naturlig regenerativ kapasitet. Den liposomale teknikken gj\u00f8r at ubiquinon kan absorberes optimalt og umiddelbart tilgjengelig for cellene. Ideell for tretthet, intensive belastninger, aldring og ekstra mitokondriest\u00f8tte.  <\/p>\n<p>.<\/p>\n","protected":false},"featured_media":11791,"comment_status":"open","ping_status":"closed","template":"","meta":{"wds_primary_product_brand":0,"wds_primary_product_cat":0,"wds_primary_merken":0},"product_brand":[],"product_cat":[5356],"product_tag":[2261,6211,6152,2012,1992,5428,5618,2614,5358,6212,6180],"merken":[2756],"class_list":{"0":"post-11788","1":"product","2":"type-product","3":"status-publish","4":"has-post-thumbnail","6":"product_cat-kosttilskudd","7":"product_tag-antioksidant","8":"product_tag-celleenergi","9":"product_tag-coq10","10":"product_tag-energi","11":"product_tag-liposomal-no","12":"product_tag-menneskelige-tilskudd","13":"product_tag-mitokondrier","14":"product_tag-ngd-omsorg","15":"product_tag-ngd-omsorg-for-menneskers-helse","16":"product_tag-tretthet","17":"product_tag-ubikinon","18":"merken-ngdcare","19":"infinite-scroll-item","20":"sales-flash-overlay","21":"woocommerce-text-align-center","22":"woocommerce-image-align-center","23":"do-quantity-buttons","25":"first","26":"instock","27":"taxable","28":"shipping-taxable","29":"purchasable","30":"product-type-simple"},"_links":{"self":[{"href":"https:\/\/www.ngdcare.nl\/no\/wp-json\/wp\/v2\/product\/11788","targetHints":{"allow":["GET"]}}],"collection":[{"href":"https:\/\/www.ngdcare.nl\/no\/wp-json\/wp\/v2\/product"}],"about":[{"href":"https:\/\/www.ngdcare.nl\/no\/wp-json\/wp\/v2\/types\/product"}],"replies":[{"embeddable":true,"href":"https:\/\/www.ngdcare.nl\/no\/wp-json\/wp\/v2\/comments?post=11788"}],"wp:featuredmedia":[{"embeddable":true,"href":"https:\/\/www.ngdcare.nl\/no\/wp-json\/wp\/v2\/media\/11791"}],"wp:attachment":[{"href":"https:\/\/www.ngdcare.nl\/no\/wp-json\/wp\/v2\/media?parent=11788"}],"wp:term":[{"taxonomy":"product_brand","embeddable":true,"href":"https:\/\/www.ngdcare.nl\/no\/wp-json\/wp\/v2\/product_brand?post=11788"},{"taxonomy":"product_cat","embeddable":true,"href":"https:\/\/www.ngdcare.nl\/no\/wp-json\/wp\/v2\/product_cat?post=11788"},{"taxonomy":"product_tag","embeddable":true,"href":"https:\/\/www.ngdcare.nl\/no\/wp-json\/wp\/v2\/product_tag?post=11788"},{"taxonomy":"merken","embeddable":true,"href":"https:\/\/www.ngdcare.nl\/no\/wp-json\/wp\/v2\/merken?post=11788"}],"curies":[{"name":"wp","href":"https:\/\/api.w.org\/{rel}","templated":true}]}}