{"id":12405,"date":"2026-01-22T21:30:45","date_gmt":"2026-01-22T20:30:45","guid":{"rendered":"https:\/\/www.ngdcare.nl\/product\/ukategorisert\/microbe-guard-intern\/"},"modified":"2026-01-26T21:37:33","modified_gmt":"2026-01-26T20:37:33","slug":"microbe-guard-intern","status":"publish","type":"product","link":"https:\/\/www.ngdcare.nl\/no\/product\/veterinary-health\/aromaterapi-no\/microbe-guard-intern\/","title":{"rendered":"Microbe Guard \u2013 Intern"},"content":{"rendered":"<p class=\"p1\">Ved langvarig eller \u00f8kt mikrobiell belastning kan ekstra st\u00f8tte v\u00e6re n\u00f8dvendig. <strong>Microbe Guard \u2013 Internal<\/strong> er utviklet som en <span class=\"s1\"><b>kompakt, m\u00e5lrettet oljeblanding<\/b><\/span> som blir systemisk tilgjengelig gjennom oral administrasjon.<\/p>\n<p class=\"p1\">De utvalgte eteriske oljene inneholder bioaktive planteforbindelser som er kjent for sin innflytelse p\u00e5 bakteriemembraner, biofilmer og det mikrobielle milj\u00f8et. P\u00e5 grunn av den begrensede sammensetningen (bare tre oljer) forblir formelen ryddig og mer t\u00e5lelig enn bredere blandinger, samtidig som den opprettholder systemisk virkning. <\/p>\n<p class=\"p3\"><b>Oljene i denne formelen:<\/b><b><\/b><\/p>\n<ul>\n<li class=\"p1\"><span class=\"s1\"><b>Oregano<\/b><\/span> inneholder karvakrol, som er kjent for sin evne til \u00e5 forstyrre bakterie- og gj\u00e6rmembraner, noe som gj\u00f8r mikroorganismer s\u00e5rbare.<\/li>\n<li class=\"p1\"><span class=\"s1\"><b>Timian<\/b><\/span> st\u00f8tter intracellul\u00e6r tilgjengelighet av andre stoffer og fungerer synergistisk med oregano.<\/li>\n<li class=\"p1\"><span class=\"s1\"><b>Sitron<\/b><\/span> har en mild antimikrobiell effekt og st\u00f8tter lever- og gallefunksjonen, noe som bidrar til bedre toleranse og prosessering av blandingen.<\/li>\n<\/ul>\n<p class=\"p1\">Microbe Guard \u2013 Intern er ment for <span class=\"s1\"><b>midlertidig bruk i opptil 1 uke etterfulgt av 1 ukes hvile<\/b><\/span>, alltid i tillegg til andre former for st\u00f8tte som <a href=\"https:\/\/www.ngdcare.nl\/pt-pt\/product\/digestao\/nac-berberine-para-limpar\/\">NAC\/berberin<\/a>, <a href=\"https:\/\/www.ngdcare.nl\/pt-pt\/product\/farmacia-natural-para-animais-de-estimacao\/lipossomica\/liposomale-lactoferrina-lactoferrina-lipossomica\/\">laktoferrin<\/a>, <a href=\"https:\/\/www.ngdcare.nl\/pt-pt\/product\/farmacia-natural-para-animais-de-estimacao\/lipossomica\/mistura-de-cogumelos-lipossomicos-1-complexo-imunitario-micossomico-lipossomico\/\">medisinske sopper<\/a> og mikrobiom-m\u00e5lrettede intervensjoner som <a href=\"https:\/\/www.ngdcare.nl\/pt-pt\/product\/digestao\/protocolo-intestinal\/\">tarmprotokollen<\/a>. Produktet er <strong>ikke ment for langvarig daglig bruk<\/strong>.<\/p>\n<p><b>Hva gj\u00f8r Microbe Guard \u2013 Oral formel?<\/b><\/p>\n<ul>\n<li class=\"p1\">St\u00f8tter kroppen ved mikrobiell ubalanse<\/li>\n<li class=\"p1\">Bidrar til forstyrrelse av bakterie- og gj\u00e6rmembraner<\/li>\n<li class=\"p1\">St\u00f8tter det mikrobielle milj\u00f8et systematisk<\/li>\n<li class=\"p1\">Kan brukes som midlertidig ekstra st\u00f8tte<\/li>\n<li class=\"p1\">Fungerer synergistisk med NAC\/berberin, laktoferrin og sopp<\/li>\n<\/ul>\n","protected":false},"excerpt":{"rendered":"<p class=\"p1\"><strong>Microbe Guard \u2013 Internal<\/strong> er en n\u00f8ye formulert eterisk oljeblanding for oral inntak som <span class=\"s1\">gir <b>systemisk st\u00f8tte <\/b>for mikrobiell ubalanse<\/span>. Kombinasjonen av oregano, timian og sitron er utviklet for <span class=\"s1\"><strong>m\u00e5lrettet, kortvarig<\/strong> bruk<\/span> som et supplement til eksisterende kosttilskudd og protokoller. <\/p>\n","protected":false},"featured_media":12407,"comment_status":"open","ping_status":"closed","template":"","meta":{"wds_primary_product_brand":0,"wds_primary_product_cat":0,"wds_primary_merken":0},"product_brand":[],"product_cat":[2535,6390],"product_tag":[6392,6400,6394,2614,6396,6398],"merken":[],"class_list":{"0":"post-12405","1":"product","2":"type-product","3":"status-publish","4":"has-post-thumbnail","6":"product_cat-aromaterapi-no","7":"product_cat-eteriske-oljer","8":"product_tag-eterisk-olje","9":"product_tag-integrativ-terapi","10":"product_tag-mikrobestotte","11":"product_tag-ngd-omsorg","12":"product_tag-oreganoolje","13":"product_tag-systemisk-stotte","14":"infinite-scroll-item","15":"sales-flash-overlay","16":"woocommerce-text-align-center","17":"woocommerce-image-align-center","18":"do-quantity-buttons","20":"first","21":"instock","22":"taxable","23":"shipping-taxable","24":"purchasable","25":"product-type-simple"},"_links":{"self":[{"href":"https:\/\/www.ngdcare.nl\/no\/wp-json\/wp\/v2\/product\/12405","targetHints":{"allow":["GET"]}}],"collection":[{"href":"https:\/\/www.ngdcare.nl\/no\/wp-json\/wp\/v2\/product"}],"about":[{"href":"https:\/\/www.ngdcare.nl\/no\/wp-json\/wp\/v2\/types\/product"}],"replies":[{"embeddable":true,"href":"https:\/\/www.ngdcare.nl\/no\/wp-json\/wp\/v2\/comments?post=12405"}],"wp:featuredmedia":[{"embeddable":true,"href":"https:\/\/www.ngdcare.nl\/no\/wp-json\/wp\/v2\/media\/12407"}],"wp:attachment":[{"href":"https:\/\/www.ngdcare.nl\/no\/wp-json\/wp\/v2\/media?parent=12405"}],"wp:term":[{"taxonomy":"product_brand","embeddable":true,"href":"https:\/\/www.ngdcare.nl\/no\/wp-json\/wp\/v2\/product_brand?post=12405"},{"taxonomy":"product_cat","embeddable":true,"href":"https:\/\/www.ngdcare.nl\/no\/wp-json\/wp\/v2\/product_cat?post=12405"},{"taxonomy":"product_tag","embeddable":true,"href":"https:\/\/www.ngdcare.nl\/no\/wp-json\/wp\/v2\/product_tag?post=12405"},{"taxonomy":"merken","embeddable":true,"href":"https:\/\/www.ngdcare.nl\/no\/wp-json\/wp\/v2\/merken?post=12405"}],"curies":[{"name":"wp","href":"https:\/\/api.w.org\/{rel}","templated":true}]}}