{"id":12447,"date":"2026-01-22T21:53:15","date_gmt":"2026-01-22T20:53:15","guid":{"rendered":"https:\/\/www.ngdcare.nl\/product\/ukategorisert\/mild-parasittvakt\/"},"modified":"2026-04-09T14:11:30","modified_gmt":"2026-04-09T12:11:30","slug":"mild-parasittvakt","status":"publish","type":"product","link":"https:\/\/www.ngdcare.nl\/no\/product\/veterinary-health\/aromaterapi-no\/mild-parasittvakt\/","title":{"rendered":"Parasittbeskytter \u2013 Mild"},"content":{"rendered":"<p data-start=\"5100\" data-end=\"5375\"><strong data-start=\"5100\" data-end=\"5126\">Gentle Parasite Guard<\/strong> er spesielt utviklet for katter, som er mer f\u00f8lsomme for mange urter og eteriske oljer. Denne formelen kombinerer <strong data-start=\"5246\" data-end=\"5301\">gresskarfr\u00f8olje, quassia-ekstrakt og olivenbladekstrakt<\/strong> med ekstremt lave, trygge mikrodoser av <strong data-start=\"5344\" data-end=\"5374\">lavendel og romersk kamilleolje<\/strong>. <\/p>\n<p data-start=\"5377\" data-end=\"5628\">Ingrediensene st\u00f8tter forsiktig tarmmilj\u00f8et og egner seg for langvarig eller gjentatt bruk. Gentle Parasite Guard er ideell for sensitive katter, kattunger (&gt;10 uker) og katter som ikke t\u00e5ler kjemiske ormemidler godt. Valper og sensitive hunder hvor Intense Parasite Guard er for tung, vil ogs\u00e5 respondere godt p\u00e5 dette.  <\/p>\n<ul>\n<li data-start=\"1408\" data-end=\"1515\"><strong data-start=\"1408\" data-end=\"1426\">Gresskarfr\u00f8olje<\/strong> st\u00f8tter tarmfunksjonen og bidrar til et mindre gunstig milj\u00f8 for.<\/li>\n<li data-start=\"1518\" data-end=\"1626\"><strong data-start=\"1518\" data-end=\"1537\">Quassia-ekstrakt<\/strong> gir bitre stoffer som st\u00f8tter ford\u00f8yelsen og p\u00e5virker tarmmilj\u00f8et.<\/li>\n<li data-start=\"1629\" data-end=\"1706\"><strong data-start=\"1629\" data-end=\"1649\">Olivenbladekstrakt<\/strong> bidrar til \u00e5 st\u00f8tte mikrobiell balanse i tarmen.<\/li>\n<li data-start=\"1709\" data-end=\"1812\"><strong data-start=\"1709\" data-end=\"1755\">Lavendel og romersk kamille (mikrodoser)<\/strong> bidrar til en rolig, godt tolerert formel.<\/li>\n<\/ul>\n<p data-start=\"5630\" data-end=\"5750\">Oljen kan trygt kombineres med <strong data-start=\"5673\" data-end=\"5705\"><a href=\"https:\/\/www.ngdcare.nl\/no\/product\/fordoyelse\/nac-berberin-para-clean\/\">Para Clean<\/a><\/strong> for bredere integrert st\u00f8tte.<\/p>\n","protected":false},"excerpt":{"rendered":"<p class=\"p1\">Gentle Parasite Guard er en mild, fullstendig kattevennlig olje for \u00e5 st\u00f8tte tarmbalansen hos katter med parasittisk trykk, som og giardia. Formelen inneholder ikke sterke eteriske oljer og er tilpasset katters unike stoffskifte. <\/p>\n","protected":false},"featured_media":12448,"comment_status":"open","ping_status":"closed","template":"","meta":{"wds_primary_product_brand":0,"wds_primary_product_cat":0,"wds_primary_merken":0},"product_brand":[],"product_cat":[2535],"product_tag":[6490,6493,6492,6496,3001,6486,6495,6489],"merken":[],"class_list":{"0":"post-12447","1":"product","2":"type-product","3":"status-publish","4":"has-post-thumbnail","6":"product_cat-aromaterapi-no","7":"product_tag-giardia-katten","8":"product_tag-kattevennlig-kosttilskudd","9":"product_tag-naturlig-ormekur-katt","10":"product_tag-para-clean-cat","11":"product_tag-parasitter-no","12":"product_tag-parasittvakt-katt","13":"product_tag-tarmbalansekatt","14":"product_tag-worms-cat","15":"infinite-scroll-item","16":"sales-flash-overlay","17":"woocommerce-text-align-center","18":"woocommerce-image-align-center","19":"do-quantity-buttons","21":"first","22":"instock","23":"taxable","24":"shipping-taxable","25":"purchasable","26":"product-type-simple"},"_links":{"self":[{"href":"https:\/\/www.ngdcare.nl\/no\/wp-json\/wp\/v2\/product\/12447","targetHints":{"allow":["GET"]}}],"collection":[{"href":"https:\/\/www.ngdcare.nl\/no\/wp-json\/wp\/v2\/product"}],"about":[{"href":"https:\/\/www.ngdcare.nl\/no\/wp-json\/wp\/v2\/types\/product"}],"replies":[{"embeddable":true,"href":"https:\/\/www.ngdcare.nl\/no\/wp-json\/wp\/v2\/comments?post=12447"}],"wp:featuredmedia":[{"embeddable":true,"href":"https:\/\/www.ngdcare.nl\/no\/wp-json\/wp\/v2\/media\/12448"}],"wp:attachment":[{"href":"https:\/\/www.ngdcare.nl\/no\/wp-json\/wp\/v2\/media?parent=12447"}],"wp:term":[{"taxonomy":"product_brand","embeddable":true,"href":"https:\/\/www.ngdcare.nl\/no\/wp-json\/wp\/v2\/product_brand?post=12447"},{"taxonomy":"product_cat","embeddable":true,"href":"https:\/\/www.ngdcare.nl\/no\/wp-json\/wp\/v2\/product_cat?post=12447"},{"taxonomy":"product_tag","embeddable":true,"href":"https:\/\/www.ngdcare.nl\/no\/wp-json\/wp\/v2\/product_tag?post=12447"},{"taxonomy":"merken","embeddable":true,"href":"https:\/\/www.ngdcare.nl\/no\/wp-json\/wp\/v2\/merken?post=12447"}],"curies":[{"name":"wp","href":"https:\/\/api.w.org\/{rel}","templated":true}]}}