{"id":12472,"date":"2026-01-22T22:01:40","date_gmt":"2026-01-22T21:01:40","guid":{"rendered":"https:\/\/www.ngdcare.nl\/product\/ukategorisert\/intens-parasittvakt\/"},"modified":"2026-04-09T14:13:16","modified_gmt":"2026-04-09T12:13:16","slug":"intens-parasittvakt","status":"publish","type":"product","link":"https:\/\/www.ngdcare.nl\/no\/product\/aromaterapi-no\/intens-parasittvakt\/","title":{"rendered":"Parasittvakt \u2013 Intens"},"content":{"rendered":"<p data-start=\"1169\" data-end=\"1488\"><strong data-start=\"1169\" data-end=\"1196\">Intense Parasite Guard<\/strong> er utviklet for hunder som trenger ekstra st\u00f8tte ved parasittisk stress i mage-tarmkanalen. Formelen inneholder en balansert kombinasjon av gresskarfr\u00f8olje, quassiaekstrakt, olivenbladekstrakt og essensielle oljer som <strong data-start=\"1364\" data-end=\"1444\">oregano, timian, kanelblad, rosmarin, peppermynte, lavendel og romersk kamille<\/strong>, oppl\u00f8st i MCT-olje for optimal opptak. <\/p>\n<p data-start=\"1490\" data-end=\"1797\">Disse oljene er kjent for sine brede antimikrobielle og antiparasittiske egenskaper, og brukes tradisjonelt for \u00e5 st\u00f8tte tarmmilj\u00f8et ved marktrykk og protozoisk belastning. P\u00e5 grunn av den n\u00f8ye doseringen forblir formelen effektiv og trygg for hunder, hvis den p\u00e5f\u00f8res riktig. <\/p>\n<ul>\n<li data-start=\"461\" data-end=\"583\"><strong data-start=\"461\" data-end=\"479\">Oregano og timian<\/strong> bidrar til et tarmmilj\u00f8 som er mindre gunstig for u\u00f8nskede mikroorganismer og parasitter.<\/li>\n<li data-start=\"586\" data-end=\"673\"><strong data-start=\"586\" data-end=\"600\">Kanelblad<\/strong> st\u00f8tter mikrobiell balanse og bidrar til \u00e5 forstyrre dannelsen av biofilm.<\/li>\n<li data-start=\"676\" data-end=\"778\"><strong data-start=\"676\" data-end=\"690\">Rosmarin<\/strong> st\u00f8tter ford\u00f8yelsen og gallefunksjonen, noe som er essensielt for sunn tarmfunksjon.<\/li>\n<li data-start=\"781\" data-end=\"859\"><strong data-start=\"781\" data-end=\"794\">Peppermynte<\/strong> bidrar til normal avf\u00f8ring og reduserer ubehag.<\/li>\n<li data-start=\"862\" data-end=\"961\"><strong data-start=\"862\" data-end=\"892\">Lavendel og romersk kamille<\/strong> gir mykgj\u00f8ring og bedre t\u00e5lbarhet av formelen.<\/li>\n<\/ul>\n<p data-start=\"1799\" data-end=\"2053\">Intense Parasite Guard er ment som et <strong data-start=\"1838\" data-end=\"1862\">st\u00f8ttemiddel<\/strong>, ikke som en erstatning for vanlig veterin\u00e6rbehandling, og passer perfekt inn i en <a href=\"https:\/\/www.ngdcare.nl\/no\/product\/fordoyelse\/tarm-protokoll\/\"><strong data-start=\"1959\" data-end=\"1987\">integrativ tarm-protokoll<\/strong><\/a>, <a href=\"https:\/\/www.ngdcare.nl\/no\/product\/protokoller-no\/giardia-protokollen\/\">giardia-protokollen<\/a> eller for eksempel i kombinasjon med <strong data-start=\"2020\" data-end=\"2052\"><a href=\"https:\/\/www.ngdcare.nl\/no\/product\/fordoyelse\/nac-berberin-para-clean\/\">Para Clean<\/a>.<\/strong><\/p>\n<p class=\"p3\"><b>Ikke egnet for katter.<\/b><\/p>\n","protected":false},"excerpt":{"rendered":"<p><strong>NGD Care Intense Parasite Guard<\/strong> er en kraftig, naturlig oljeformel som st\u00f8tter tarmbalansen hos hunder med parasittisk trykk, som og protozoer (inkludert Giardia). Den n\u00f8ye sammensatte blandingen av eteriske oljer i hundevennlig dosering fungerer synergistisk med NGD Care <a href=\"https:\/\/www.ngdcare.nl\/no\/product\/fordoyelse\/nac-berberin-para-clean\/\">Para Clean<\/a> eller <a href=\"https:\/\/www.ngdcare.nl\/no\/product\/protokoller-no\/giardia-protokollen\/\">giardia-protokollen<\/a>. <\/p>\n","protected":false},"featured_media":12474,"comment_status":"open","ping_status":"closed","template":"","meta":{"wds_primary_product_brand":0,"wds_primary_product_cat":0,"wds_primary_merken":0},"product_brand":[],"product_cat":[2535],"product_tag":[6572,6567,6571,6569,5660,3001,6563,6565],"merken":[],"class_list":{"0":"post-12472","1":"product","2":"type-product","3":"status-publish","4":"has-post-thumbnail","6":"product_cat-aromaterapi-no","7":"product_tag-eterisk-hundeolje","8":"product_tag-giardia-hund","9":"product_tag-intestinal-protokoll-hund","10":"product_tag-naturlig-avormingshund","11":"product_tag-para-clean","12":"product_tag-parasitter-no","13":"product_tag-parasittvakthund","14":"product_tag-worms-dog","15":"infinite-scroll-item","16":"sales-flash-overlay","17":"woocommerce-text-align-center","18":"woocommerce-image-align-center","19":"do-quantity-buttons","21":"first","22":"instock","23":"taxable","24":"shipping-taxable","25":"purchasable","26":"product-type-simple"},"_links":{"self":[{"href":"https:\/\/www.ngdcare.nl\/no\/wp-json\/wp\/v2\/product\/12472","targetHints":{"allow":["GET"]}}],"collection":[{"href":"https:\/\/www.ngdcare.nl\/no\/wp-json\/wp\/v2\/product"}],"about":[{"href":"https:\/\/www.ngdcare.nl\/no\/wp-json\/wp\/v2\/types\/product"}],"replies":[{"embeddable":true,"href":"https:\/\/www.ngdcare.nl\/no\/wp-json\/wp\/v2\/comments?post=12472"}],"wp:featuredmedia":[{"embeddable":true,"href":"https:\/\/www.ngdcare.nl\/no\/wp-json\/wp\/v2\/media\/12474"}],"wp:attachment":[{"href":"https:\/\/www.ngdcare.nl\/no\/wp-json\/wp\/v2\/media?parent=12472"}],"wp:term":[{"taxonomy":"product_brand","embeddable":true,"href":"https:\/\/www.ngdcare.nl\/no\/wp-json\/wp\/v2\/product_brand?post=12472"},{"taxonomy":"product_cat","embeddable":true,"href":"https:\/\/www.ngdcare.nl\/no\/wp-json\/wp\/v2\/product_cat?post=12472"},{"taxonomy":"product_tag","embeddable":true,"href":"https:\/\/www.ngdcare.nl\/no\/wp-json\/wp\/v2\/product_tag?post=12472"},{"taxonomy":"merken","embeddable":true,"href":"https:\/\/www.ngdcare.nl\/no\/wp-json\/wp\/v2\/merken?post=12472"}],"curies":[{"name":"wp","href":"https:\/\/api.w.org\/{rel}","templated":true}]}}