{"id":12496,"date":"2026-01-22T22:36:51","date_gmt":"2026-01-22T21:36:51","guid":{"rendered":"https:\/\/www.ngdcare.nl\/product\/ukategorisert\/nerve-reset\/"},"modified":"2026-04-09T14:15:08","modified_gmt":"2026-04-09T12:15:08","slug":"nerve-reset","status":"publish","type":"product","link":"https:\/\/www.ngdcare.nl\/no\/product\/veterinary-health\/aromaterapi-no\/nerve-reset\/","title":{"rendered":"Nerve-reset"},"content":{"rendered":"<p>Ikke all rastl\u00f8shet er frykt. Og ikke alle spenninger er stress. Noen ganger er nervesystemet rett og slett <span class=\"s2\"><b>&#8216;p\u00e5&#8217; for lenge eller for hardt<\/b><\/span>. Hos dyr ser man dette som plutselig oppr\u00f8rt, utilgjengelig, hyperreaktiv atferd eller tilbaketrekning. Hos personer som et fullt hode, sensorisk overbelastning eller f\u00f8lelsen av at du <i>ikke lenger kan skifte gir<\/i>. Barn er overstimulerte og ikke lenger tilgjengelige.     <\/p>\n<p><span class=\"s2\"><b>Nerve Reset <\/b><\/span>er utviklet for de \u00f8yeblikkene kroppen f\u00f8rst m\u00e5 <span class=\"s2\"><b>utlades<\/b><\/span>, slik at kroppen kan destimulere ved overbelastning av stimuli. Etter bruk av denne eteriske oljeblandingen er hvile eller prosessering mulig. <\/p>\n<p class=\"p4\">Denne diffusorblandingen st\u00f8tter det <span class=\"s2\"><b>autonome nervesystemet<\/b><\/span> og hjelper kroppen med \u00e5 g\u00e5 tilbake til en tilstand av ro og trygghet.<\/p>\n<ul>\n<li>Reduserer stimulusprosessering<\/li>\n<li>St\u00f8tter parasympatisk aktivering<\/li>\n<li>Hjelper mot hyperreaktivitet og sammenbruddslignende situasjoner<\/li>\n<li>Egnet for HSP, stimulussensitivitet og restitusjon etter travelhet<\/li>\n<\/ul>\n<p class=\"p4\">Hver olje i denne blandingen er valgt ut for <span class=\"s2\"><b>sin nevroregulatoriske effekt<\/b><\/span>:<\/p>\n<ul>\n<li class=\"p1\"><span class=\"s1\"><b>Cedarwood<\/b><\/span> \u2013 sikkerhet, inneslutning og inneslutning<\/li>\n<li class=\"p1\"><span class=\"s1\"><b>Romersk kamille<\/b><\/span> \u2013 sensorisk demping, beroligelse<\/li>\n<li class=\"p1\"><span class=\"s1\"><b>Copaiba<\/b><\/span> \u2013 st\u00f8tte for nevrobetennelse og stressresponser<\/li>\n<li class=\"p1\"><span class=\"s1\"><b>R\u00f8kelse<\/b><\/span> \u2013 integrering og regulering av nervesystemet<\/li>\n<li class=\"p1\"><span class=\"s1\"><b>Vetiver<\/b><\/span> \u2013 dyp parasympatisk aktivering, &#8216;landing i kroppen&#8217;<\/li>\n<li class=\"p1\"><span class=\"s1\"><b>Blue Tansy<\/b><\/span> \u2013 st\u00f8tte for overstimulering og indre rastl\u00f8shet<\/li>\n<\/ul>\n<h4 data-start=\"53\" data-end=\"78\">Tilgjengelige former<\/h4>\n<ul>\n<li data-start=\"81\" data-end=\"136\"><strong data-start=\"81\" data-end=\"97\">Rulle 10 ml<\/strong> \u2013 for <strong data-start=\"105\" data-end=\"134\">direkte, ekstern bruk<\/strong><\/li>\n<li data-start=\"139\" data-end=\"214\"><strong data-start=\"139\" data-end=\"152\">Diffuserolje 5 ml<\/strong> \u2013 Ren blanding egnet for <strong data-start=\"169\" data-end=\"181\">diffuser<\/strong><\/li>\n<\/ul>\n","protected":false},"excerpt":{"rendered":"<p class=\"p1\"><strong data-start=\"263\" data-end=\"285\">Nerve Reset<\/strong> er en eterisk oljeblanding som st\u00f8tter nervesystemet ved stress, spenning og overstimulering. Egnet som en st\u00f8ttende applikasjon innenfor en integrativ velv\u00e6re-tiln\u00e6rming.<\/p>\n","protected":false},"featured_media":12497,"comment_status":"open","ping_status":"closed","template":"","meta":{"wds_primary_product_brand":0,"wds_primary_product_cat":0,"wds_primary_merken":0},"product_brand":[],"product_cat":[2535,6390],"product_tag":[3106,2434,6604,3637,3391,3732,2429,7852,6603],"merken":[],"class_list":{"0":"post-12496","1":"product","2":"type-product","3":"status-publish","4":"has-post-thumbnail","6":"product_cat-aromaterapi-no","7":"product_cat-eteriske-oljer","8":"product_tag-aromaterapi-no","9":"product_tag-emosjonell-balanse","10":"product_tag-eteriske-oljer","11":"product_tag-jording","12":"product_tag-nervesystem","13":"product_tag-overstimulering-no","14":"product_tag-rekreasjon","15":"product_tag-stress-og-atferd","16":"product_tag-stressstotte","17":"infinite-scroll-item","18":"sales-flash-overlay","19":"woocommerce-text-align-center","20":"woocommerce-image-align-center","21":"do-quantity-buttons","23":"first","24":"instock","25":"taxable","26":"shipping-taxable","27":"purchasable","28":"product-type-variable"},"_links":{"self":[{"href":"https:\/\/www.ngdcare.nl\/no\/wp-json\/wp\/v2\/product\/12496","targetHints":{"allow":["GET"]}}],"collection":[{"href":"https:\/\/www.ngdcare.nl\/no\/wp-json\/wp\/v2\/product"}],"about":[{"href":"https:\/\/www.ngdcare.nl\/no\/wp-json\/wp\/v2\/types\/product"}],"replies":[{"embeddable":true,"href":"https:\/\/www.ngdcare.nl\/no\/wp-json\/wp\/v2\/comments?post=12496"}],"wp:featuredmedia":[{"embeddable":true,"href":"https:\/\/www.ngdcare.nl\/no\/wp-json\/wp\/v2\/media\/12497"}],"wp:attachment":[{"href":"https:\/\/www.ngdcare.nl\/no\/wp-json\/wp\/v2\/media?parent=12496"}],"wp:term":[{"taxonomy":"product_brand","embeddable":true,"href":"https:\/\/www.ngdcare.nl\/no\/wp-json\/wp\/v2\/product_brand?post=12496"},{"taxonomy":"product_cat","embeddable":true,"href":"https:\/\/www.ngdcare.nl\/no\/wp-json\/wp\/v2\/product_cat?post=12496"},{"taxonomy":"product_tag","embeddable":true,"href":"https:\/\/www.ngdcare.nl\/no\/wp-json\/wp\/v2\/product_tag?post=12496"},{"taxonomy":"merken","embeddable":true,"href":"https:\/\/www.ngdcare.nl\/no\/wp-json\/wp\/v2\/merken?post=12496"}],"curies":[{"name":"wp","href":"https:\/\/api.w.org\/{rel}","templated":true}]}}