{"id":12526,"date":"2026-01-22T23:14:23","date_gmt":"2026-01-22T22:14:23","guid":{"rendered":"https:\/\/www.ngdcare.nl\/product\/ukategorisert\/hormonbalanse-mann\/"},"modified":"2026-04-12T21:36:02","modified_gmt":"2026-04-12T19:36:02","slug":"hormonbalanse-mann","status":"publish","type":"product","link":"https:\/\/www.ngdcare.nl\/no\/product\/aromaterapi-no\/hormonbalanse-mann\/","title":{"rendered":"Hormonbalanse \u2013 Mann"},"content":{"rendered":"<p class=\"p1\">Hormonelle svingninger kan f\u00f8re til rastl\u00f8shet, fiksering, dominant atferd, overdreven markering eller vanskeligheter med \u00e5 bytte hos hannhunder. Denne atferden er sjelden \u00abpedagogisk\u00bb, men ofte et resultat av et <span class=\"s1\"><b>overaktivt hormon- og stresssystem<\/b><\/span>. <\/p>\n<p class=\"p1\"><span class=\"s1\"><b>Hormonell Balance \u2013 Male<\/b><\/span> er en n\u00f8ye formulert aromaterapirull som st\u00f8tter kroppen gjennom disse hormonelle fasene. Blandingen har en dypere effekt p\u00e5 <span class=\"s1\"><b>nervesystemet og den hormonelle stressresponsen<\/b><\/span>, og hjelper hannhunder til \u00e5 oppleve fred, fokus og begrensning igjen. <\/p>\n<p class=\"p1\">Sammensetningen er bevisst <span class=\"s1\"><b>ikke-aktiverende<\/b><\/span> og fri for stimulerende sitrusoljer. Dette gj\u00f8r rullen egnet for daglig bruk ved hormonell uro, uten \u00e5 dempe eller endre dyret. <\/p>\n<ul>\n<li class=\"p1\"><b>Cedarwood <\/b><span class=\"s1\"> \u2013 Grense, stabilitet<\/span><\/li>\n<li class=\"p1\"><span class=\"s1\"><b>Vetiver <\/b><\/span> \u2013 dyp parasympatisk aktivering<\/li>\n<li class=\"p1\"><span class=\"s1\"><b>Marjoram <\/b><\/span> \u2013 avslapning, overaktivering av hemming<\/li>\n<li class=\"p1\"><b>Lavendel <\/b><span class=\"s1\"> \u2013 hvile, avslapning<\/span><\/li>\n<li class=\"p1\"><b>R\u00f8kelse <\/b><span class=\"s1\">\u2013 nevrohormonell regulering<\/span><\/li>\n<\/ul>\n<h4><b>St\u00f8tter i<\/b><\/h4>\n<ul>\n<li class=\"p1\">Hyperseksualitet<\/li>\n<li class=\"p1\">Dominant eller impulsiv atferd<\/li>\n<li class=\"p1\">hormonell uro<\/li>\n<li class=\"p1\">D\u00e5rlig girskifting<\/li>\n<li class=\"p1\">Uro over tilstedev\u00e6relsen av jenter i brunst<\/li>\n<\/ul>\n","protected":false},"excerpt":{"rendered":"<p class=\"p1\">St\u00f8tter hannhunder med hormonell uro, hyperseksuell atferd og dominante eller d\u00e5rlige byttereaksjoner. <span class=\"s1\"><b>Hormonbalanse \u2013 Hannhunden<\/b><\/span> hjelper til med \u00e5 roe nervesystemet hos hannhunder og st\u00f8tter naturlig inneslutning, uten \u00e5 bed\u00f8ve eller undertrykke.<\/p>\n","protected":false},"featured_media":12529,"comment_status":"open","ping_status":"closed","template":"","meta":{"wds_primary_product_brand":0,"wds_primary_product_cat":0,"wds_primary_merken":0},"product_brand":[],"product_cat":[2535],"product_tag":[6674,6676,6670,6668,6672,7852],"merken":[],"class_list":{"0":"post-12526","1":"product","2":"type-product","3":"status-publish","4":"has-post-thumbnail","6":"product_cat-aromaterapi-no","7":"product_tag-aromaterapihund","8":"product_tag-atferdsstotte","9":"product_tag-dominant-hund","10":"product_tag-hormonbalanse-mann","11":"product_tag-hyperseksualitetshund","12":"product_tag-stress-og-atferd","13":"infinite-scroll-item","14":"sales-flash-overlay","15":"woocommerce-text-align-center","16":"woocommerce-image-align-center","17":"do-quantity-buttons","19":"first","20":"instock","21":"taxable","22":"shipping-taxable","23":"purchasable","24":"product-type-simple"},"_links":{"self":[{"href":"https:\/\/www.ngdcare.nl\/no\/wp-json\/wp\/v2\/product\/12526","targetHints":{"allow":["GET"]}}],"collection":[{"href":"https:\/\/www.ngdcare.nl\/no\/wp-json\/wp\/v2\/product"}],"about":[{"href":"https:\/\/www.ngdcare.nl\/no\/wp-json\/wp\/v2\/types\/product"}],"replies":[{"embeddable":true,"href":"https:\/\/www.ngdcare.nl\/no\/wp-json\/wp\/v2\/comments?post=12526"}],"wp:featuredmedia":[{"embeddable":true,"href":"https:\/\/www.ngdcare.nl\/no\/wp-json\/wp\/v2\/media\/12529"}],"wp:attachment":[{"href":"https:\/\/www.ngdcare.nl\/no\/wp-json\/wp\/v2\/media?parent=12526"}],"wp:term":[{"taxonomy":"product_brand","embeddable":true,"href":"https:\/\/www.ngdcare.nl\/no\/wp-json\/wp\/v2\/product_brand?post=12526"},{"taxonomy":"product_cat","embeddable":true,"href":"https:\/\/www.ngdcare.nl\/no\/wp-json\/wp\/v2\/product_cat?post=12526"},{"taxonomy":"product_tag","embeddable":true,"href":"https:\/\/www.ngdcare.nl\/no\/wp-json\/wp\/v2\/product_tag?post=12526"},{"taxonomy":"merken","embeddable":true,"href":"https:\/\/www.ngdcare.nl\/no\/wp-json\/wp\/v2\/merken?post=12526"}],"curies":[{"name":"wp","href":"https:\/\/api.w.org\/{rel}","templated":true}]}}