{"id":12556,"date":"2026-01-22T23:26:52","date_gmt":"2026-01-22T22:26:52","guid":{"rendered":"https:\/\/www.ngdcare.nl\/product\/ukategorisert\/hormonbalanse-kvinne\/"},"modified":"2026-04-12T21:35:03","modified_gmt":"2026-04-12T19:35:03","slug":"hormonbalanse-kvinne","status":"publish","type":"product","link":"https:\/\/www.ngdcare.nl\/no\/product\/aromaterapi-no\/hormonbalanse-kvinne\/","title":{"rendered":"Hormonbalanse \u2013 Kvinne"},"content":{"rendered":"<p>Brunst og falsk graviditet er naturlige prosesser, men kan ledsages av tydelige atferds- og velv\u00e6reendringer hos noen tisper. Tenk p\u00e5 usikkerhet, frykt, tilbaketrekningsatferd, slapphet eller f\u00f8lelsesmessig labilitet. <\/p>\n<p class=\"p1\"><span class=\"s1\"><b>Hormonell balanse \u2013 Kvinner <\/b><\/span>er utviklet for \u00e5 st\u00f8tte kroppen i disse hormonelle fasene p\u00e5 en <span class=\"s1\"><b>mild og regulerende m\u00e5te<\/b><\/span> . Aromaterapiblandingen retter seg mot <span class=\"s1\"><b>det hormonelle stresssystemet og emosjonell stabilitet<\/b><\/span>, uten \u00e5 bed\u00f8ve eller forstyrre naturlige prosesser. <\/p>\n<p class=\"p1\">Denne rullen er egnet for midlertidig bruk rundt hormonelle topper og kan ogs\u00e5 brukes for sensitive eller f\u00f8lelsesreaktive tisper.<\/p>\n<h4><b>Komposisjon<\/b><\/h4>\n<ul>\n<li><strong><span class=\"s1\">Clary Sage<\/span><\/strong> \u2013 hormonbalanse, regulering<\/li>\n<li class=\"p1\"><strong><span class=\"s1\">Geranium<\/span><\/strong> \u2013 endokrin og emosjonell stabilitet<\/li>\n<li class=\"p1\"><strong>Lavendel<\/strong> <span class=\"s1\">\u2013 fred, trygghet<\/span><\/li>\n<li class=\"p1\"><strong><span class=\"s1\">Romersk kamille <\/span><\/strong>\u2013 beroligende, emosjonell st\u00f8tte<\/li>\n<li class=\"p1\"><strong>R\u00f8kelse<\/strong> <span class=\"s1\"><span class=\"s1\">\u2013 integrasjon og regulering<\/span><\/span><\/li>\n<\/ul>\n<h4><b>St\u00f8tter i<\/b><\/h4>\n<ul>\n<li class=\"p1\">Varme<\/li>\n<li class=\"p1\">Falsk graviditet<\/li>\n<li class=\"p1\">Hormonelle svingninger<\/li>\n<li class=\"p1\">Emosjonell usikkerhet<\/li>\n<li class=\"p1\">Slapphet eller abstinensatferd<\/li>\n<\/ul>\n<p>&nbsp;<\/p>\n","protected":false},"excerpt":{"rendered":"<p class=\"p1\">Mild aromaterapi for \u00e5 st\u00f8tte tisper med hormonelle svingninger rundt brunst og falsk graviditet. <span class=\"s1\"><b>Hormonbalanse \u2013 Kvinner <\/b><\/span>hjelper til med \u00e5 balansere emosjonell ustabilitet, angst og slapphet.<\/p>\n","protected":false},"featured_media":12559,"comment_status":"open","ping_status":"closed","template":"","meta":{"wds_primary_product_brand":0,"wds_primary_product_cat":0,"wds_primary_merken":0},"product_brand":[],"product_cat":[2535],"product_tag":[6745,6746,6744,6741,6743,7852],"merken":[],"class_list":{"0":"post-12556","1":"product","2":"type-product","3":"status-publish","4":"has-post-thumbnail","6":"product_cat-aromaterapi-no","7":"product_tag-aromaterapi-bitch","8":"product_tag-emosjonell-stottehund","9":"product_tag-falsk-drektighetshund","10":"product_tag-hormonbalanse-bitch-bitch","11":"product_tag-hund-i-brunst","12":"product_tag-stress-og-atferd","13":"infinite-scroll-item","14":"sales-flash-overlay","15":"woocommerce-text-align-center","16":"woocommerce-image-align-center","17":"do-quantity-buttons","19":"first","20":"instock","21":"taxable","22":"shipping-taxable","23":"purchasable","24":"product-type-simple"},"_links":{"self":[{"href":"https:\/\/www.ngdcare.nl\/no\/wp-json\/wp\/v2\/product\/12556","targetHints":{"allow":["GET"]}}],"collection":[{"href":"https:\/\/www.ngdcare.nl\/no\/wp-json\/wp\/v2\/product"}],"about":[{"href":"https:\/\/www.ngdcare.nl\/no\/wp-json\/wp\/v2\/types\/product"}],"replies":[{"embeddable":true,"href":"https:\/\/www.ngdcare.nl\/no\/wp-json\/wp\/v2\/comments?post=12556"}],"wp:featuredmedia":[{"embeddable":true,"href":"https:\/\/www.ngdcare.nl\/no\/wp-json\/wp\/v2\/media\/12559"}],"wp:attachment":[{"href":"https:\/\/www.ngdcare.nl\/no\/wp-json\/wp\/v2\/media?parent=12556"}],"wp:term":[{"taxonomy":"product_brand","embeddable":true,"href":"https:\/\/www.ngdcare.nl\/no\/wp-json\/wp\/v2\/product_brand?post=12556"},{"taxonomy":"product_cat","embeddable":true,"href":"https:\/\/www.ngdcare.nl\/no\/wp-json\/wp\/v2\/product_cat?post=12556"},{"taxonomy":"product_tag","embeddable":true,"href":"https:\/\/www.ngdcare.nl\/no\/wp-json\/wp\/v2\/product_tag?post=12556"},{"taxonomy":"merken","embeddable":true,"href":"https:\/\/www.ngdcare.nl\/no\/wp-json\/wp\/v2\/merken?post=12556"}],"curies":[{"name":"wp","href":"https:\/\/api.w.org\/{rel}","templated":true}]}}