{"id":12648,"date":"2026-01-23T09:03:13","date_gmt":"2026-01-23T08:03:13","guid":{"rendered":"https:\/\/www.ngdcare.nl\/product\/ukategorisert\/loppe-og-flattbeskytter-mild\/"},"modified":"2026-01-26T21:11:36","modified_gmt":"2026-01-26T20:11:36","slug":"loppe-og-flattbeskytter-mild","status":"publish","type":"product","link":"https:\/\/www.ngdcare.nl\/no\/veterinary-health\/essentiele-olie-dier\/loppe-og-flattbeskytter-mild\/loppe-og-flattbeskytter-mild\/","title":{"rendered":"Loppe- og fl\u00e5ttbeskytter \u2013 Mild"},"content":{"rendered":"<p class=\"p1\"><span class=\"s1\"><b>Gentle Flea and Tick Guard <\/b><\/span>fra NGD Care er en ekstra mild, <span class=\"s1\"><b>kattevennlig naturlig insektavst\u00f8tende spray<\/b><\/span>, spesielt utviklet for katter, valper og andre dyr som er f\u00f8lsomme for dufter eller intensive formuleringer. Formelen bruker <span class=\"s1\"><b>lavendelhydrolat<\/b><\/span>, <span class=\"s1\"><b>sv\u00e6rt lave doser sedertre og pelargoni,<\/b><\/span> kombinert med <span class=\"s1\"><b>quassia-ekstrakt<\/b><\/span> og en mikromengde <span class=\"s1\"><b>neem<\/b><\/span>, noe som gj\u00f8r produktet effektivt mot lopper og milj\u00f8insekter uten den typiske belastningen som mange eteriske oljer for katter medf\u00f8rer. <\/p>\n<p class=\"p1\">Katter har en unik leveravgiftning (glukuronidasjon), som gj\u00f8r mange eteriske oljer uegnede i normale konsentrasjoner. Gentle Bug Guard\u2122 er derfor n\u00f8ye formulert med <span class=\"s1\"><b>kattevennlige mikrodoser<\/b><\/span> og hydrosoler som bidrar til naturlige insektforsvar, men som ikke overbelaster leveren eller nervesystemet. <\/p>\n<p class=\"p1\">Sprayen st\u00f8tter katter i perioder med \u00f8kt loppeaktivitet, i hjemmesituasjoner med andre dyr, eller hos katter med sensitiv hud som ikke t\u00e5ler kjemikalier godt. P\u00e5 grunn av de sterke luktprofilene til sedertre, pelargonium og quassia, <span class=\"s1\"><b>forstyrres orienteringsatferden til lopper og bitende insekter<\/b><\/span>, noe som gj\u00f8r katter mindre attraktive for parasitter. <\/p>\n<p class=\"p1\"><a href=\"https:\/\/www.ngdcare.nl\/sv\/product\/aromaterapi\/intensiv-lopp-och-fastingskydd\/\"><span class=\"s1\"><b>Intense Flea and Tick Guard <\/b><\/span><\/a>inneholder mer potente botaniske ekstrakter (inkludert nellik, PMD, palmarosa, sedertre), som er spesielt utviklet for bruk p\u00e5 <strong>hunder<\/strong> og <span class=\"s1\"><b>i milj\u00f8et<\/b><\/span>, men <span class=\"s1\"><b>ikke direkte p\u00e5 katter<\/b><\/span>. S\u00e5 bruk kun Intense-sprayen <span class=\"s1\"><b>i milj\u00f8et<\/b><\/span>, og fortsett \u00e5 p\u00e5f\u00f8re Gentle spray p\u00e5 katten.<\/p>\n","protected":false},"excerpt":{"rendered":"<p class=\"p1\"><strong>Gentle Flea and Tick Guard<\/strong> er en mild, trygg og naturlig insektspray for katter og unge sensitive dyr. Denne formelen inneholder lavendel hydrosol, sedertre, pelargonium i mikrodose, neem og quassia for \u00e5 forsiktig st\u00f8tte katter mot lopper og milj\u00f8insekter. Designet for sensitive katter og daglig bruk.  <\/p>\n","protected":false},"featured_media":12656,"comment_status":"open","ping_status":"closed","template":"","meta":{"wds_primary_product_brand":0,"wds_primary_product_cat":0,"wds_primary_merken":0},"product_brand":[],"product_cat":[88],"product_tag":[6761,6759,6764,6762,6767,6787,6770,6782,3001,6776,6772],"merken":[],"class_list":{"0":"post-12648","1":"product","2":"type-product","3":"status-publish","4":"has-post-thumbnail","6":"product_cat-essentiele-olie-dier","7":"product_tag-bug-guard","8":"product_tag-insektavstotende-middel","9":"product_tag-insektspray-katt","10":"product_tag-kattespray","11":"product_tag-loppekatten","12":"product_tag-lopper-og-flattspray-katt","13":"product_tag-naturlig-kattepleie","14":"product_tag-naturlige-forsvar","15":"product_tag-parasitter-no","16":"product_tag-quassia-katt","17":"product_tag-sederspraykatt","18":"infinite-scroll-item","19":"sales-flash-overlay","20":"woocommerce-text-align-center","21":"woocommerce-image-align-center","22":"do-quantity-buttons","24":"first","25":"instock","26":"taxable","27":"shipping-taxable","28":"purchasable","29":"product-type-simple"},"_links":{"self":[{"href":"https:\/\/www.ngdcare.nl\/no\/wp-json\/wp\/v2\/product\/12648","targetHints":{"allow":["GET"]}}],"collection":[{"href":"https:\/\/www.ngdcare.nl\/no\/wp-json\/wp\/v2\/product"}],"about":[{"href":"https:\/\/www.ngdcare.nl\/no\/wp-json\/wp\/v2\/types\/product"}],"replies":[{"embeddable":true,"href":"https:\/\/www.ngdcare.nl\/no\/wp-json\/wp\/v2\/comments?post=12648"}],"wp:featuredmedia":[{"embeddable":true,"href":"https:\/\/www.ngdcare.nl\/no\/wp-json\/wp\/v2\/media\/12656"}],"wp:attachment":[{"href":"https:\/\/www.ngdcare.nl\/no\/wp-json\/wp\/v2\/media?parent=12648"}],"wp:term":[{"taxonomy":"product_brand","embeddable":true,"href":"https:\/\/www.ngdcare.nl\/no\/wp-json\/wp\/v2\/product_brand?post=12648"},{"taxonomy":"product_cat","embeddable":true,"href":"https:\/\/www.ngdcare.nl\/no\/wp-json\/wp\/v2\/product_cat?post=12648"},{"taxonomy":"product_tag","embeddable":true,"href":"https:\/\/www.ngdcare.nl\/no\/wp-json\/wp\/v2\/product_tag?post=12648"},{"taxonomy":"merken","embeddable":true,"href":"https:\/\/www.ngdcare.nl\/no\/wp-json\/wp\/v2\/merken?post=12648"}],"curies":[{"name":"wp","href":"https:\/\/api.w.org\/{rel}","templated":true}]}}