{"id":12669,"date":"2026-01-23T09:13:52","date_gmt":"2026-01-23T08:13:52","guid":{"rendered":"https:\/\/www.ngdcare.nl\/product\/ukategorisert\/kloestotte\/"},"modified":"2026-04-09T14:03:12","modified_gmt":"2026-04-09T12:03:12","slug":"kloestotte","status":"publish","type":"product","link":"https:\/\/www.ngdcare.nl\/no\/product\/veterinary-health\/aromaterapi-no\/kloestotte\/","title":{"rendered":"Kl\u00f8est\u00f8tte"},"content":{"rendered":"<p data-start=\"966\" data-end=\"1279\">NGD Care <strong>Itch Support<\/strong> er en n\u00f8ye formulert, vannbasert spray som naturlig st\u00f8tter huden til hunder og katter ved kl\u00f8e og irritasjon. Formelen kombinerer <strong data-start=\"1153\" data-end=\"1201\">fire kraftige, men milde eteriske oljer<\/strong> med <strong data-start=\"1206\" data-end=\"1245\">kolloidalt havremel (Avena sativa)<\/strong> og <strong data-start=\"1249\" data-end=\"1278\">konsentrert aloe vera<\/strong>. Alle ingredienser med dokumentert st\u00f8ttende effekt, uten un\u00f8dvendige tilsetningsstoffer.  <\/p>\n<ul>\n<li data-start=\"2307\" data-end=\"2415\"><strong data-start=\"2307\" data-end=\"2344\">Lavendel <\/strong> \u2013 st\u00f8tter avslapning av huden og hjelper med stimulusoverf\u00f8ring<\/li>\n<li data-start=\"2418\" data-end=\"2519\"><strong data-start=\"2418\" data-end=\"2453\">Copaiba <\/strong> \u2013 st\u00f8tter naturlig regulering av inflammatoriske prosesser<\/li>\n<li data-start=\"2522\" data-end=\"2620\"><strong data-start=\"2522\" data-end=\"2555\">Blue Tansy <\/strong> \u2013 inneholder chamazulene, kjent for sine beroligende egenskaper<\/li>\n<li data-start=\"2623\" data-end=\"2685\"><strong data-start=\"2623\" data-end=\"2647\">Helichrysum <\/strong> \u2013 st\u00f8tter hudreparasjon og balanse<\/li>\n<li data-start=\"2716\" data-end=\"2828\"><strong data-start=\"2716\" data-end=\"2755\">Havrem <\/strong> \u2013 rikt p\u00e5 avenantramider, kjent for sine hudlindrende egenskaper<\/li>\n<li data-start=\"2831\" data-end=\"2923\"><strong data-start=\"2831\" data-end=\"2858\">Aloe vera<\/strong> \u2013 konsentrert st\u00f8tte for fuktighet og hudkomfort<\/li>\n<\/ul>\n<p data-start=\"1498\" data-end=\"1550\">Denne sprayen kan brukes til \u00e5 st\u00f8tte f\u00f8lgende:<\/p>\n<ul>\n<li data-start=\"1553\" data-end=\"1595\">Kl\u00f8e p\u00e5 grunn av allergier eller overf\u00f8lsomhet<\/li>\n<li data-start=\"1598\" data-end=\"1629\">R\u00f8dhet og irritert hud<\/li>\n<li data-start=\"1632\" data-end=\"1666\">Insektbitt eller kontaktreaksjoner<\/li>\n<li data-start=\"1669\" data-end=\"1700\">Sesongmessige hudplager<\/li>\n<li data-start=\"1703\" data-end=\"1740\">T\u00f8rr, stram eller sensitiv hud<\/li>\n<\/ul>\n<p data-start=\"1742\" data-end=\"1777\">Egnet for <strong>mennesker, hunder og katter<\/strong>. Itch-st\u00f8tten passer godt inn i <a href=\"https:\/\/www.ngdcare.nl\/product\/natuurdierenapotheek-2\/protocollen-dier\/huid-protocol\/\">hudprotokollen<\/a> v\u00e5r som symptomlindring. <\/p>\n","protected":false},"excerpt":{"rendered":"<p>En mild, men effektiv kl\u00f8espray for hunder og katter, utviklet fra eteriske oljer og planteekstrakter. Intense Itch Support Spray st\u00f8tter hudens naturlige restitusjon og hjelper til med \u00e5 lindre kl\u00f8e, r\u00f8dhet og hudirritasjon for\u00e5rsaket av allergier, insektbitt eller sensitiv hud. <\/p>\n","protected":false},"featured_media":12675,"comment_status":"open","ping_status":"closed","template":"","meta":{"wds_primary_product_brand":0,"wds_primary_product_cat":0,"wds_primary_merken":0},"product_brand":[],"product_cat":[2535,6390],"product_tag":[6862,6865,6864,6866,7855,6863,6858,6859,6860,2614,6861],"merken":[2756],"class_list":{"0":"post-12669","1":"product","2":"type-product","3":"status-publish","4":"has-post-thumbnail","6":"product_cat-aromaterapi-no","7":"product_cat-eteriske-oljer","8":"product_tag-allergihund","9":"product_tag-aloe-vera","10":"product_tag-avena-sativa","11":"product_tag-eteriske-oljer-for-dyr","12":"product_tag-hud-og-allergi","13":"product_tag-hudirritasjonskatt","14":"product_tag-kloende-hund","15":"product_tag-kloende-katt","16":"product_tag-naturlig-kloespray","17":"product_tag-ngd-omsorg","18":"product_tag-sensitiv-hud-hund","19":"merken-ngdcare","20":"infinite-scroll-item","21":"sales-flash-overlay","22":"woocommerce-text-align-center","23":"woocommerce-image-align-center","24":"do-quantity-buttons","26":"first","27":"instock","28":"taxable","29":"shipping-taxable","30":"purchasable","31":"product-type-simple"},"_links":{"self":[{"href":"https:\/\/www.ngdcare.nl\/no\/wp-json\/wp\/v2\/product\/12669","targetHints":{"allow":["GET"]}}],"collection":[{"href":"https:\/\/www.ngdcare.nl\/no\/wp-json\/wp\/v2\/product"}],"about":[{"href":"https:\/\/www.ngdcare.nl\/no\/wp-json\/wp\/v2\/types\/product"}],"replies":[{"embeddable":true,"href":"https:\/\/www.ngdcare.nl\/no\/wp-json\/wp\/v2\/comments?post=12669"}],"wp:featuredmedia":[{"embeddable":true,"href":"https:\/\/www.ngdcare.nl\/no\/wp-json\/wp\/v2\/media\/12675"}],"wp:attachment":[{"href":"https:\/\/www.ngdcare.nl\/no\/wp-json\/wp\/v2\/media?parent=12669"}],"wp:term":[{"taxonomy":"product_brand","embeddable":true,"href":"https:\/\/www.ngdcare.nl\/no\/wp-json\/wp\/v2\/product_brand?post=12669"},{"taxonomy":"product_cat","embeddable":true,"href":"https:\/\/www.ngdcare.nl\/no\/wp-json\/wp\/v2\/product_cat?post=12669"},{"taxonomy":"product_tag","embeddable":true,"href":"https:\/\/www.ngdcare.nl\/no\/wp-json\/wp\/v2\/product_tag?post=12669"},{"taxonomy":"merken","embeddable":true,"href":"https:\/\/www.ngdcare.nl\/no\/wp-json\/wp\/v2\/merken?post=12669"}],"curies":[{"name":"wp","href":"https:\/\/api.w.org\/{rel}","templated":true}]}}