{"id":12700,"date":"2026-01-23T09:26:46","date_gmt":"2026-01-23T08:26:46","guid":{"rendered":"https:\/\/www.ngdcare.nl\/product\/ukategorisert\/intens-loppe-og-flattbeskytter\/"},"modified":"2026-04-09T14:07:50","modified_gmt":"2026-04-09T12:07:50","slug":"intens-loppe-og-flattbeskytter","status":"publish","type":"product","link":"https:\/\/www.ngdcare.nl\/no\/product\/veterinary-health\/aromaterapi-no\/intens-loppe-og-flattbeskytter\/","title":{"rendered":"Loppe- og fl\u00e5ttbeskytter \u2013 Intens"},"content":{"rendered":"<p class=\"p1\"><span class=\"s1\"><b>Intense Flea and Tick Guard<\/b><\/span> fra NGD Care er en kraftig, helt naturlig insektspray for hunder og milj\u00f8et. Denne sprayen kombinerer <span class=\"s1\"><b>eteriske oljer<\/b><\/span> som nellik, palmarosa, sitroneukalyptus og sedertre med <span class=\"s1\"><b>neemolje<\/b><\/span> og <span class=\"s1\"><b>quassia-ekstrakt<\/b><\/span>, to av de best unders\u00f8kte botaniske midlene mot lopper, fl\u00e5tt og milj\u00f8parasitter. <\/p>\n<p class=\"p1\">Formelen er utviklet for hunder som trenger ekstra beskyttelse i loppe- og fl\u00e5ttsesongen, turer i skogen eller naturreservater, eller i n\u00e6rv\u00e6r av mygg, stallfluer og sandfluer. Takket v\u00e6re sine kraftige duftprofiler og botaniske komponenter bidrar Intense Bug Guard til varige naturlige forsvar, uten syntetiske insektmidler. <\/p>\n<p class=\"p1\">Intense Bug Guard er trygt for hunder, og ogs\u00e5 egnet for bruk i milj\u00f8et, som p\u00e5 puter, kurver, bil og gulv. Ogs\u00e5 i et hjem med katter er denne sprayen ansiktsspray, og det er <strong>faktisk kontraindisert \u00e5 bruke direkte p\u00e5 katter<\/strong> . <a href=\"https:\/\/www.ngdcare.nl\/no\/product\/aromaterapi-no\/loppe-og-flattbeskytter-mild\/\">Gentle Flea and Tick Guard<\/a> er utviklet for dette form\u00e5let.  <\/p>\n<p>Ingrediensene er <span class=\"s1\"><b>naturlig biologisk nedbrytbare<\/b><\/span> og brytes <span class=\"s1\"><b>raskt ned<\/b><\/span> av sollys, oksygen og mikroorganismer i milj\u00f8et. Dette holder dem  <span class=\"s1\"><b>forblir ikke lenge i jord, vann eller organismer, og denne sprayen har ikke like katastrofale effekter som vanlige insektmidler.  <\/b>Sprayen kan v\u00e6re skadelig for insekter i milj\u00f8et og vannet. Dette betyr at i de f\u00f8rste to timene etter spr\u00f8yting, b\u00f8r du ikke g\u00e5 ut i vannet og ikke spraye dyret ditt utend\u00f8rs i umiddelbar n\u00e6rhet av insekter. <\/span><\/p>\n","protected":false},"excerpt":{"rendered":"<p class=\"p1\"><strong>Intense Flea and Tick Guard<\/strong> er en kraftig, naturlig insektspray for hunder. Med en unik kombinasjon av botaniske oljer og ekstrakter som nellik, palmarosa, sitroneukalyptus, neem og quassia, tilbyr denne sprayen et bredt spekter av forsvar mot lopper, fl\u00e5tt, mygg og andre bitende insekter. Egnet for hunder og omgivelsene, ikke for katter.  <\/p>\n","protected":false},"featured_media":12701,"comment_status":"open","ping_status":"closed","template":"","meta":{"wds_primary_product_brand":0,"wds_primary_product_cat":0,"wds_primary_merken":0},"product_brand":[],"product_cat":[2535],"product_tag":[6761,6963,6959,6759,6958,6957,6956,6961,3001,6962,6960],"merken":[],"class_list":{"0":"post-12700","1":"product","2":"type-product","3":"status-publish","4":"has-post-thumbnail","6":"product_cat-aromaterapi-no","7":"product_tag-bug-guard","8":"product_tag-eteriske-oljer-2","9":"product_tag-fleas-dog","10":"product_tag-insektavstotende-middel","11":"product_tag-insektsprayhund","12":"product_tag-naturlig-flattspray","13":"product_tag-naturlig-loppespray","14":"product_tag-neemolje","15":"product_tag-parasitter-no","16":"product_tag-quassia-ekstrakt","17":"product_tag-tegnhund","18":"infinite-scroll-item","19":"sales-flash-overlay","20":"woocommerce-text-align-center","21":"woocommerce-image-align-center","22":"do-quantity-buttons","24":"first","25":"instock","26":"taxable","27":"shipping-taxable","28":"purchasable","29":"product-type-variable"},"_links":{"self":[{"href":"https:\/\/www.ngdcare.nl\/no\/wp-json\/wp\/v2\/product\/12700","targetHints":{"allow":["GET"]}}],"collection":[{"href":"https:\/\/www.ngdcare.nl\/no\/wp-json\/wp\/v2\/product"}],"about":[{"href":"https:\/\/www.ngdcare.nl\/no\/wp-json\/wp\/v2\/types\/product"}],"replies":[{"embeddable":true,"href":"https:\/\/www.ngdcare.nl\/no\/wp-json\/wp\/v2\/comments?post=12700"}],"wp:featuredmedia":[{"embeddable":true,"href":"https:\/\/www.ngdcare.nl\/no\/wp-json\/wp\/v2\/media\/12701"}],"wp:attachment":[{"href":"https:\/\/www.ngdcare.nl\/no\/wp-json\/wp\/v2\/media?parent=12700"}],"wp:term":[{"taxonomy":"product_brand","embeddable":true,"href":"https:\/\/www.ngdcare.nl\/no\/wp-json\/wp\/v2\/product_brand?post=12700"},{"taxonomy":"product_cat","embeddable":true,"href":"https:\/\/www.ngdcare.nl\/no\/wp-json\/wp\/v2\/product_cat?post=12700"},{"taxonomy":"product_tag","embeddable":true,"href":"https:\/\/www.ngdcare.nl\/no\/wp-json\/wp\/v2\/product_tag?post=12700"},{"taxonomy":"merken","embeddable":true,"href":"https:\/\/www.ngdcare.nl\/no\/wp-json\/wp\/v2\/merken?post=12700"}],"curies":[{"name":"wp","href":"https:\/\/api.w.org\/{rel}","templated":true}]}}