{"id":12786,"date":"2026-01-25T22:17:39","date_gmt":"2026-01-25T21:17:39","guid":{"rendered":"https:\/\/www.ngdcare.nl\/product\/ukategorisert\/sorgstotte\/"},"modified":"2026-01-26T20:57:12","modified_gmt":"2026-01-26T19:57:12","slug":"sorgstotte","status":"publish","type":"product","link":"https:\/\/www.ngdcare.nl\/no\/product\/aromaterapi-no\/sorgstotte\/","title":{"rendered":"Sorgst\u00f8tte"},"content":{"rendered":"<p data-start=\"375\" data-end=\"745\">Tap, forandring eller farvel kan ha en dyp innvirkning p\u00e5 dyr. Tenk p\u00e5 tapet av en venn, en flytting, endring i familiesammensetning eller langvarig frav\u00e6r av en p\u00e5litelig person. <br data-start=\"585\" data-end=\"588\"><strong data-start=\"588\" data-end=\"605\">Sorgst\u00f8tte<\/strong> er en n\u00f8ye sammensatt aromaterapiblanding som forsiktig st\u00f8tter dyr i <strong data-start=\"700\" data-end=\"744\">sorg, sorg og emosjonell dysregulering<\/strong>.<\/p>\n<p data-start=\"747\" data-end=\"889\">Denne blandingen har ikke en narkotisk effekt, men <strong data-start=\"785\" data-end=\"828\">er tr\u00f8stende, beroligende og stabiliserende<\/strong>, og hjelper dyr med \u00e5 bearbeide f\u00f8lelser i sitt eget tempo.<\/p>\n<h4 data-start=\"896\" data-end=\"927\"><strong data-start=\"900\" data-end=\"927\">Komposisjon<\/strong><\/h4>\n<ul>\n<li data-start=\"931\" data-end=\"1044\"><strong data-start=\"931\" data-end=\"960\">Vill oransje<\/strong> \u2013 Gir letthet og mykhet, st\u00f8tter dysterhet og f\u00f8lelsesmessig tyngde<\/li>\n<li data-start=\"1047\" data-end=\"1149\"><strong data-start=\"1047\" data-end=\"1073\">R\u00f8kelse<\/strong> \u2013 Hjelper med indre fred, bearbeiding og \u00e5 gi slipp p\u00e5 dyp sorg<\/li>\n<li data-start=\"1152\" data-end=\"1236\"><strong data-start=\"1152\" data-end=\"1165\">Patchouli<\/strong> \u2013 Forankring og stabilisering i emosjonell dysregulering og usikkerhet<\/li>\n<li data-start=\"1239\" data-end=\"1327\"><strong data-start=\"1239\" data-end=\"1251\">Lavendel<\/strong> \u2013 Beroliger nervesystemet, lindrer spenning og indre uro<\/li>\n<li data-start=\"1330\" data-end=\"1408\"><strong data-start=\"1330\" data-end=\"1347\">Myrra<\/strong> \u2013 St\u00f8tter dype sorgprosesser og emosjonell helbredelse<\/li>\n<li data-start=\"1411\" data-end=\"1509\"><strong data-start=\"1411\" data-end=\"1446\">Roman Chamomile<\/strong> \u2013 Forsiktig tr\u00f8stende, avslappende og trygg med intense f\u00f8lelser<\/li>\n<\/ul>\n<p>Sammen danner disse oljene en <strong data-start=\"1539\" data-end=\"1587\">varm, omsluttende og f\u00f8lelsesmessig st\u00f8ttende helhet<\/strong>.<\/p>\n<p data-start=\"1622\" data-end=\"1659\">Sorgst\u00f8tte kan brukes til:<\/p>\n<ul>\n<li data-start=\"1663\" data-end=\"1701\">Sorg etter tapet av et dyr eller menneske<\/li>\n<li data-start=\"1704\" data-end=\"1773\">Endringer i familien (skilsmisse, d\u00f8d, nytt familiemedlem)<\/li>\n<li data-start=\"1776\" data-end=\"1824\">Tilbaketrukket atferd eller emosjonell flating<\/li>\n<li data-start=\"1827\" data-end=\"1881\">Angst eller tristhet uten noen \u00e5penbar fysisk \u00e5rsak<\/li>\n<li data-start=\"1884\" data-end=\"1928\">Overgangsperioder med emosjonell belastning<\/li>\n<\/ul>\n","protected":false},"excerpt":{"rendered":"<p data-start=\"3010\" data-end=\"3145\">En mild aromaterapiblanding som st\u00f8tter hunder og katter i sorg, tap og emosjonell bearbeiding. Tr\u00f8stende, jordende og beroligende. <\/p>\n","protected":false},"featured_media":12788,"comment_status":"open","ping_status":"closed","template":"","meta":{"wds_primary_product_brand":0,"wds_primary_product_cat":0,"wds_primary_merken":0},"product_brand":[],"product_cat":[2535],"product_tag":[],"merken":[],"class_list":{"0":"post-12786","1":"product","2":"type-product","3":"status-publish","4":"has-post-thumbnail","6":"product_cat-aromaterapi-no","7":"infinite-scroll-item","8":"sales-flash-overlay","9":"woocommerce-text-align-center","10":"woocommerce-image-align-center","11":"do-quantity-buttons","13":"first","14":"instock","15":"taxable","16":"shipping-taxable","17":"purchasable","18":"product-type-variable"},"_links":{"self":[{"href":"https:\/\/www.ngdcare.nl\/no\/wp-json\/wp\/v2\/product\/12786","targetHints":{"allow":["GET"]}}],"collection":[{"href":"https:\/\/www.ngdcare.nl\/no\/wp-json\/wp\/v2\/product"}],"about":[{"href":"https:\/\/www.ngdcare.nl\/no\/wp-json\/wp\/v2\/types\/product"}],"replies":[{"embeddable":true,"href":"https:\/\/www.ngdcare.nl\/no\/wp-json\/wp\/v2\/comments?post=12786"}],"wp:featuredmedia":[{"embeddable":true,"href":"https:\/\/www.ngdcare.nl\/no\/wp-json\/wp\/v2\/media\/12788"}],"wp:attachment":[{"href":"https:\/\/www.ngdcare.nl\/no\/wp-json\/wp\/v2\/media?parent=12786"}],"wp:term":[{"taxonomy":"product_brand","embeddable":true,"href":"https:\/\/www.ngdcare.nl\/no\/wp-json\/wp\/v2\/product_brand?post=12786"},{"taxonomy":"product_cat","embeddable":true,"href":"https:\/\/www.ngdcare.nl\/no\/wp-json\/wp\/v2\/product_cat?post=12786"},{"taxonomy":"product_tag","embeddable":true,"href":"https:\/\/www.ngdcare.nl\/no\/wp-json\/wp\/v2\/product_tag?post=12786"},{"taxonomy":"merken","embeddable":true,"href":"https:\/\/www.ngdcare.nl\/no\/wp-json\/wp\/v2\/merken?post=12786"}],"curies":[{"name":"wp","href":"https:\/\/api.w.org\/{rel}","templated":true}]}}