{"id":15011,"date":"2026-02-10T14:18:57","date_gmt":"2026-02-10T13:18:57","guid":{"rendered":"https:\/\/www.ngdcare.nl\/product\/ukategorisert\/intracellulaer-mikrobeprotokoll\/"},"modified":"2026-05-02T15:48:48","modified_gmt":"2026-05-02T13:48:48","slug":"intracellulaer-mikrobeprotokoll","status":"publish","type":"product","link":"https:\/\/www.ngdcare.nl\/no\/product\/veterinary-health\/protokoller-no\/intracellulaer-mikrobeprotokoll\/","title":{"rendered":"Intracellul\u00e6r mikrobeprotokoll"},"content":{"rendered":"<p data-start=\"379\" data-end=\"631\"><strong data-start=\"637\" data-end=\"672\">Intracellul\u00e6r mikrobeprotokoll<\/strong> er utviklet for hunder og katter som ikke kommer seg tilstrekkelig etter infeksjoner eller fortsetter \u00e5 lide av kroniske, varierende eller uforklarlige plager. Noen mikroorganismer kan gjemme seg inne i kroppens celler, noe som gj\u00f8r det vanskelig for immunsystemet \u00e5 n\u00e5 dem. Dette kan f\u00f8re til langvarige eller tilbakevendende symptomer, selv etter at en infeksjon tilsynelatende er behandlet. Protokollen fokuserer ikke bare p\u00e5 mikroben, men spesielt p\u00e5 kroppen som har v\u00e6rt under press i lang tid.   <\/p>\n<p data-start=\"985\" data-end=\"1264\">Intracellul\u00e6re mikrober er mikroorganismer som legger seg (midlertidig eller langvarig) i kroppens celler. Eksempler inkluderer Borrelia, Ehrlichia, Anaplasma, Bartonella, Leishmania, Babesia, Toxoplasma og post-infekti\u00f8s restbelastning etter virusinfeksjoner. <\/p>\n<p data-start=\"1266\" data-end=\"1391\">Denne byrden kan f\u00f8re til kronisk immunaktivering, lavgradig betennelse og forstyrrelser i energistyringen.<\/p>\n<h4 data-start=\"1398\" data-end=\"1431\">Hvorfor en trinnvis tiln\u00e6rming?<\/h4>\n<p data-start=\"1432\" data-end=\"1617\">Ved langvarig intracellul\u00e6r belastning er kroppen ofte kontinuerlig \u00abp\u00e5\u00bb. Uten f\u00f8rst \u00e5 skape fred og stabilitet kan ytterligere st\u00f8tte f\u00f8re til dysregulering eller tilbakefall. <\/p>\n<p data-start=\"1619\" data-end=\"1789\">Derfor fungerer NGD Care Intracellular Microbe Protocol med en <strong data-start=\"1689\" data-end=\"1733\">n\u00f8ye konstruert, trinnvis tiln\u00e6rming <\/strong>som st\u00f8tter kroppen steg for steg i rehabiliteringen. Totalt varer denne protokollen i 20 uker. <\/p>\n<h4 data-start=\"1796\" data-end=\"1845\">Strukturen til den intracellul\u00e6re mikrobeprotokollen<\/h4>\n<p><strong>Fase 1 \u2013 Immun- og betennelsesstabilisering<\/strong> (4 uker)<\/p>\n<ul>\n<li>I denne fasen blir kroppen roet ned og forberedt p\u00e5 neste steg.<\/li>\n<li>St\u00f8tte med:\n<ul>\n<li><strong data-start=\"2017\" data-end=\"2033\">Laktoferrin<\/strong> \u2013 St\u00f8tter immunbalansen og makrofagfunksjonen og hjelper til med \u00e5 regulere overdrevne inflammatoriske responser.<\/li>\n<li><strong data-start=\"2085\" data-end=\"2129\">Myco Immune Complex (Mushroom Mix 1)<\/strong> \u2013 Virker immunmodulerende og hjelper til med \u00e5 balansere immunsystemet uten \u00e5 overstimulere.<\/li>\n<li><strong data-start=\"2153\" data-end=\"2172\">PEA-kompleks (PEA &amp; Boswellia)<\/strong> \u2013 St\u00f8tter nervesystemet og har en betennelsesdempende effekt p\u00e5 kronisk immun- og stressbelastning.<\/li>\n<\/ul>\n<\/li>\n<\/ul>\n<p><span style=\"font-size: inherit;\"><strong>Fase 2 \u2013 Kontrollert st\u00f8tte for mikrobiell belastning<\/strong> (8 uker)<\/span><\/p>\n<ul>\n<li data-start=\"2323\" data-end=\"2441\">N\u00e5r kroppen er stabil, st\u00f8ttes den p\u00e5 en kontrollert m\u00e5te for \u00e5 redusere intracellul\u00e6rt stress.<\/li>\n<li>St\u00f8tte med:\n<ul>\n<li data-start=\"2468\" data-end=\"2545\"><strong data-start=\"2468\" data-end=\"2487\">Para Reset (NAC &amp; Berberin)<\/strong> \u2013 St\u00f8tter produksjonen av glutation og hjelper til med \u00e5 forstyrre beskyttende strukturer rundt mikrober.<\/li>\n<li data-start=\"2468\" data-end=\"2545\"><strong style=\"font-size: inherit;\" data-start=\"2548\" data-end=\"2584\">Eteriske oljer Microbe Guard<\/strong>\n<ul>\n<li data-start=\"2468\" data-end=\"2545\">St\u00f8tte kroppens mikrobielle balanse gjennom to forskjellige virkningsmekanismer:\n<ul>\n<li data-start=\"2591\" data-end=\"2627\">Oralt: <span class=\"s1\">systemisk st\u00f8tte for mikrobiell ubalanse.<\/span><\/li>\n<li data-start=\"2591\" data-end=\"2627\">Diffuser: for hud- og luftveisst\u00f8tte, uten \u00e5 belaste leveren og ford\u00f8yelsessystemet.<\/li>\n<\/ul>\n<\/li>\n<\/ul>\n<\/li>\n<li><strong data-start=\"2768\" data-end=\"2821\">Laktoferrin <\/strong>\u2013 Fortsetter \u00e5 st\u00f8tte immunreguleringen og hjelper til med \u00e5 kontrollere inflammatoriske responser.<\/li>\n<li><strong data-start=\"2768\" data-end=\"2821\">Myco-immunst\u00f8tte \u2013 <\/strong>Bidrar fortsatt til en balansert immunrespons i denne fasen.<\/li>\n<li><strong data-start=\"2768\" data-end=\"2821\">PEA-kompleks <\/strong>\u2013 Fortsetter \u00e5 st\u00f8tte inflammasjonshemming og stressregulering for \u00e5 forhindre tilbakefall.<\/li>\n<li>Valgfritt: <a href=\"https:\/\/www.natuurlijkgezondedieren.nl\/ozontherapie\/\"><strong>Ozonterapi<\/strong><\/a> eller (i samr\u00e5d med veterin\u00e6r) konvensjonell medisin, alltid innebygd i protokollen.<\/li>\n<\/ul>\n<\/li>\n<\/ul>\n<p><strong>Fase 3 \u2013 Restitusjon og motstandskraft<\/strong> (8 uker)<\/p>\n<ul>\n<li data-start=\"3012\" data-end=\"3092\">Den siste fasen fokuserer p\u00e5 \u00e5 gjenopprette energi, motstandskraft og vitalitet.<\/li>\n<li data-start=\"3012\" data-end=\"3092\">St\u00f8tte med:\n<ul>\n<li data-start=\"3119\" data-end=\"3159\"><strong data-start=\"3119\" data-end=\"3157\">Langtidsst\u00f8tte <\/strong>(NAD\u207a \/ Resveratrol \/ Ergothionein) \u2013 St\u00f8tter mitokondriefunksjon og cellul\u00e6r energiproduksjon under langvarig belastning.<\/li>\n<li data-start=\"3162\" data-end=\"3178\"><strong data-start=\"3162\" data-end=\"3176\">Glutathion <\/strong>\u2013 Viktig kroppens egen antioksidant som hjelper til med \u00e5 redusere oksidativt stress og rydde opp rester.<\/li>\n<li data-start=\"3181\" data-end=\"3197\"><strong data-start=\"3181\" data-end=\"3197\">Koenzym Q10 <\/strong>\u2013 St\u00f8tter energiproduksjon i muskler og organer og bidrar til gjenoppretting av vitalitet og motstandskraft.<\/li>\n<\/ul>\n<\/li>\n<\/ul>\n<h4>Hvem passer denne protokollen for?<\/h4>\n<ul>\n<li>Dyr med kroniske eller varierende plager<\/li>\n<li>Dyr som ikke blir tilstrekkelig friske etter infeksjoner<\/li>\n<li>Importhunder med uforklarlige symptomer<\/li>\n<li>Dyr med diagnose av intracellul\u00e6re bakterier eller protozoer<\/li>\n<li>Dyr med diagnosen kronisk virusinfeksjon<\/li>\n<\/ul>\n<p><strong>Pakken inneholder tilskudd som er tilstrekkelig for 20 uker for hunder p\u00e5 10-30 kg. Totalt f\u00e5r du 3x lactoferrin, 3x myco-immunst\u00f8tte, 3x PEA-kompleks, 2x para-reset, 1x mikrobe-guard intern, 1x mikrobe-guard diffuser, 2x sustain-st\u00f8tte, 2x glutation, 2x koenzym Q10.   <\/strong><\/p>\n","protected":false},"excerpt":{"rendered":"<p data-start=\"540\" data-end=\"879\"><strong data-start=\"544\" data-end=\"588\">NGD Care Intracellular Microbe Protocol<\/strong> er en integrativ gjenopprettingsprotokoll for hunder og katter med kroniske intracellul\u00e6re mikrobielle infeksjoner. Protokollen st\u00f8tter immunsystemet, reduserer lavgradig betennelse og hjelper kroppen med \u00e5 komme seg p\u00e5 celle- og mitokondrieniv\u00e5. <\/p>\n","protected":false},"featured_media":19119,"comment_status":"open","ping_status":"closed","template":"","meta":{"wds_primary_product_brand":0,"wds_primary_product_cat":0,"wds_primary_merken":0},"product_brand":[],"product_cat":[2948],"product_tag":[7329,7332,7330,7327,7328,7334,7333,7326,7337,7331,7335,7336,3001],"merken":[],"class_list":{"0":"post-15011","1":"product","2":"type-product","3":"status-publish","4":"has-post-thumbnail","6":"product_cat-protokoller-no","7":"product_tag-anaplasma","8":"product_tag-babesia","9":"product_tag-bartonella","10":"product_tag-borrelia","11":"product_tag-ehrlichia","12":"product_tag-gjenopprettingsprotokoll","13":"product_tag-immunprotokoll","14":"product_tag-intracellulaere-infeksjoner","15":"product_tag-kroniske-plager-hund","16":"product_tag-leishmania","17":"product_tag-mitokondriell-gjenoppretting","18":"product_tag-ozonterapi","19":"product_tag-parasitter-no","20":"infinite-scroll-item","21":"sales-flash-overlay","22":"woocommerce-text-align-center","23":"woocommerce-image-align-center","24":"do-quantity-buttons","26":"first","27":"instock","28":"sale","29":"taxable","30":"shipping-taxable","31":"purchasable","32":"product-type-simple"},"_links":{"self":[{"href":"https:\/\/www.ngdcare.nl\/no\/wp-json\/wp\/v2\/product\/15011","targetHints":{"allow":["GET"]}}],"collection":[{"href":"https:\/\/www.ngdcare.nl\/no\/wp-json\/wp\/v2\/product"}],"about":[{"href":"https:\/\/www.ngdcare.nl\/no\/wp-json\/wp\/v2\/types\/product"}],"replies":[{"embeddable":true,"href":"https:\/\/www.ngdcare.nl\/no\/wp-json\/wp\/v2\/comments?post=15011"}],"wp:featuredmedia":[{"embeddable":true,"href":"https:\/\/www.ngdcare.nl\/no\/wp-json\/wp\/v2\/media\/19119"}],"wp:attachment":[{"href":"https:\/\/www.ngdcare.nl\/no\/wp-json\/wp\/v2\/media?parent=15011"}],"wp:term":[{"taxonomy":"product_brand","embeddable":true,"href":"https:\/\/www.ngdcare.nl\/no\/wp-json\/wp\/v2\/product_brand?post=15011"},{"taxonomy":"product_cat","embeddable":true,"href":"https:\/\/www.ngdcare.nl\/no\/wp-json\/wp\/v2\/product_cat?post=15011"},{"taxonomy":"product_tag","embeddable":true,"href":"https:\/\/www.ngdcare.nl\/no\/wp-json\/wp\/v2\/product_tag?post=15011"},{"taxonomy":"merken","embeddable":true,"href":"https:\/\/www.ngdcare.nl\/no\/wp-json\/wp\/v2\/merken?post=15011"}],"curies":[{"name":"wp","href":"https:\/\/api.w.org\/{rel}","templated":true}]}}