{"id":17387,"date":"2026-03-29T14:07:28","date_gmt":"2026-03-29T12:07:28","guid":{"rendered":"https:\/\/www.ngdcare.nl\/product\/ukategorisert\/essensiell-olje-indre-justering-chakra-1-4-og-7\/"},"modified":"2026-03-29T14:07:28","modified_gmt":"2026-03-29T12:07:28","slug":"essensiell-olje-indre-justering-chakra-1-4-og-7","status":"publish","type":"product","link":"https:\/\/www.ngdcare.nl\/no\/product\/veterinary-health\/aromaterapi-no\/essensiell-olje-indre-justering-chakra-1-4-og-7\/","title":{"rendered":"Essensiell olje Indre justering \u2013 Chakra 1, 4 og 7"},"content":{"rendered":"<p style=\"font-weight: 400;\"><strong>Indre justering<\/strong> er en kombinasjon av essensielle oljer for chakraene 1, 4 og 7\u2014de tre energisentrene som kombineres for \u00e5 gi legemliggj\u00f8ring, kj\u00e6rlig forbindelse og \u00e5ndelig tilpasning. Denne oljen hjelper deg \u00e5 komme hjem til deg selv, \u00e5pner hjertet ditt og gir sinnsro. <\/p>\n<p style=\"font-weight: 400;\" data-start=\"1030\" data-end=\"1079\">Spesielt formulert med eteriske oljer som:<\/p>\n<ul>\n<li data-start=\"1082\" data-end=\"1113\">Beskytt mot overstimulering<\/li>\n<li data-start=\"1116\" data-end=\"1147\">hjelpe deg \u00e5 slippe taket og slappe av<\/li>\n<li data-start=\"1150\" data-end=\"1199\">Gjenopprette forbindelsen mellom kropp og sjel<\/li>\n<\/ul>\n<p style=\"font-weight: 400;\" data-start=\"1201\" data-end=\"1295\">Denne oljen er spesielt egnet for <strong data-start=\"1240\" data-end=\"1274\">sv\u00e6rt sensitive personer og dyr<\/strong>, for eksempel:<\/p>\n<ul>\n<li data-start=\"1298\" data-end=\"1327\">rastl\u00f8shet, stress, dissosiasjon<\/li>\n<li data-start=\"1330\" data-end=\"1347\">Sorg eller tap<\/li>\n<li data-start=\"1350\" data-end=\"1373\">\u00c5ndelig forvirring<\/li>\n<li data-start=\"1376\" data-end=\"1402\">Emosjonell overbelastning<\/li>\n<li data-start=\"1405\" data-end=\"1440\">Behov for forankring eller inspirasjon<\/li>\n<\/ul>\n<p data-start=\"1442\" data-end=\"1587\"><strong>Komposisjon. Inner Alignment inneholder 100 % rene, naturlige eteriske oljer fra: <\/strong><\/p>\n<ul>\n<li><strong>Vetiver<\/strong> \u2013 dyp forankring, stabilitet, mot rastl\u00f8shet og stress<\/li>\n<li><strong data-start=\"1720\" data-end=\"1733\">Cedarwood<\/strong> \u2013 styrker sikkerhet og trygghet<\/li>\n<li><strong data-start=\"1777\" data-end=\"1792\">Ylang Ylang<\/strong> \u2013 \u00e5pner hjertet og slapper av i f\u00f8lelsene<\/li>\n<li><strong data-start=\"1834\" data-end=\"1846\">Lavendel<\/strong> \u2013 beroligende, roer nervesystemet og hjerterytmen, bro mellom hjerte og hode<\/li>\n<li><strong data-start=\"1905\" data-end=\"1919\">Sandeltre<\/strong> \u2013 fremmer indre stillhet, dyp forankring og \u00e5ndelig tilknytning<\/li>\n<li><strong data-start=\"1978\" data-end=\"2004\">R\u00f8kelse<\/strong> \u2013 \u00e5pner kronechakraet og styrker sjelbevisstheten<\/li>\n<li data-start=\"1222\" data-end=\"1287\"><strong data-start=\"1222\" data-end=\"1257\">Bergamott<\/strong> \u2013 letthet, glede<\/li>\n<li class=\"p1\"><strong>Myrra<\/strong> \u2013 Hjelper til med \u00e5 frigj\u00f8re gammel smerte, dyp feminin kraft<\/li>\n<\/ul>\n<p><span class=\"s2\">Denne kombinasjonen st\u00f8tter <\/span><b>kroppsorientert avslapning<\/b><span class=\"s2\"> (chakra 1), <\/span><b>emosjonell regulering<\/b><span class=\"s2\"> (chakra 4) samt <\/span><b>mental frigj\u00f8ring og tillit<\/b><span class=\"s2\"> (chakra 7).<\/span><\/p>\n<p>Oljen kan tilsettes i en diffuser for \u00e5 gjenopprette balansen mellom mennesker og dyr etter en travel og f\u00f8lelsesmessig dag. Oljen kombineres veldig godt med blomsteressensen Inner Alignment. <\/p>\n","protected":false},"excerpt":{"rendered":"<div>\n<p>En beroligende oljeblanding som forbinder kropp, hjerte og sjel. Med sedertre, vetiver, lavendel, ylang ylang, sandeltre og r\u00f8kelse. St\u00f8tter chakraene 1, 4 og 7 for dyp legemliggj\u00f8ring, hjerte\u00e5pning og \u00e5ndelig forbindelse.  <\/p>\n<\/div>\n","protected":false},"featured_media":0,"comment_status":"open","ping_status":"closed","template":"","meta":{"wds_primary_product_brand":0,"wds_primary_product_cat":0,"wds_primary_merken":0},"product_brand":[],"product_cat":[2535,6390],"product_tag":[3636,7663,7662,7664,3634,3637,3639,2614],"merken":[],"class_list":{"0":"post-17387","1":"product","2":"type-product","3":"status-publish","5":"product_cat-aromaterapi-no","6":"product_cat-eteriske-oljer","7":"product_tag-andelig-forbindelse","8":"product_tag-chakraolje","9":"product_tag-eterisk-oljerull","10":"product_tag-hjertechakra","11":"product_tag-indre-justering","12":"product_tag-jording","13":"product_tag-kronechakra-no","14":"product_tag-ngd-omsorg","15":"infinite-scroll-item","16":"sales-flash-overlay","17":"woocommerce-text-align-center","18":"woocommerce-image-align-center","19":"do-quantity-buttons","21":"first","22":"instock","23":"featured","24":"taxable","25":"shipping-taxable","26":"purchasable","27":"product-type-simple"},"_links":{"self":[{"href":"https:\/\/www.ngdcare.nl\/no\/wp-json\/wp\/v2\/product\/17387","targetHints":{"allow":["GET"]}}],"collection":[{"href":"https:\/\/www.ngdcare.nl\/no\/wp-json\/wp\/v2\/product"}],"about":[{"href":"https:\/\/www.ngdcare.nl\/no\/wp-json\/wp\/v2\/types\/product"}],"replies":[{"embeddable":true,"href":"https:\/\/www.ngdcare.nl\/no\/wp-json\/wp\/v2\/comments?post=17387"}],"wp:attachment":[{"href":"https:\/\/www.ngdcare.nl\/no\/wp-json\/wp\/v2\/media?parent=17387"}],"wp:term":[{"taxonomy":"product_brand","embeddable":true,"href":"https:\/\/www.ngdcare.nl\/no\/wp-json\/wp\/v2\/product_brand?post=17387"},{"taxonomy":"product_cat","embeddable":true,"href":"https:\/\/www.ngdcare.nl\/no\/wp-json\/wp\/v2\/product_cat?post=17387"},{"taxonomy":"product_tag","embeddable":true,"href":"https:\/\/www.ngdcare.nl\/no\/wp-json\/wp\/v2\/product_tag?post=17387"},{"taxonomy":"merken","embeddable":true,"href":"https:\/\/www.ngdcare.nl\/no\/wp-json\/wp\/v2\/merken?post=17387"}],"curies":[{"name":"wp","href":"https:\/\/api.w.org\/{rel}","templated":true}]}}