{"id":19403,"date":"2026-05-07T22:44:34","date_gmt":"2026-05-07T20:44:34","guid":{"rendered":"https:\/\/www.ngdcare.nl\/product\/ukategorisert\/shilait\/"},"modified":"2026-05-07T22:44:34","modified_gmt":"2026-05-07T20:44:34","slug":"shilait","status":"publish","type":"product","link":"https:\/\/www.ngdcare.nl\/no\/product\/veterinary-health\/ortomolekylaere-kosttilskudd\/shilait\/","title":{"rendered":"Shilait"},"content":{"rendered":"<p class=\"font-claude-response-body break-words whitespace-normal leading-[1.7]\">Shilajit er ikke et vanlig tilskudd, men et fytokompleks: en biologisk rik matrise av hundrevis av forbindelser, dannet gjennom \u00e5rtusenvis av omdanning av plantemateriale av mikroorganismer i h\u00f8ye fjellsprekker. De to mest klinisk relevante fraksjonene er fulvinsyre (60 til 80 % av ekstraktet) og dibenzo-alfa-pyroner (DBP-er). <\/p>\n<p class=\"font-claude-response-body break-words whitespace-normal leading-[1.7]\">Fulvicsyre har lav molekylvekt som gj\u00f8r at den kan passere gjennom celleveggene uten anstrengelse. Det fungerer som en antioksidant via elektrondonasjon, som en mineraltransport\u00f8r for jern, sink og magnesium, som en NF-kB-hemmer for kronisk betennelse og som en stimulator for Akkermansia muciniphila for tarmbarrieren. DBP-er er unike forbindelser som ikke finnes noe annet sted i naturen og st\u00f8tter direkte mitokondrienes elektrontransportkjede, i synergi med CoQ10.  <\/p>\n<p class=\"font-claude-response-body break-words whitespace-normal leading-[1.7]\">Klinisk relevant: En randomisert kontrollert studie viste at \u00e5tte uker med shilajit signifikant \u00f8kte serummark\u00f8ren for kollagen type I-syntese. Hos hunder med leddgikt viste en 120-dagers observasjonsstudie reduksjon i smerte og betennelse. En gjennomgang fra 2025 bekreftet dens sikkerhet og betennelsesdempende effekt hos mennesker.  <\/p>\n<p class=\"font-claude-response-body break-words whitespace-normal leading-[1.7]\">Shilajit er f\u00f8rstevalget for mennesker i fase 2 av NGD Care Bowel Protocol. For dyr er tarmbarrierest\u00f8tte (fulvinsyre og humussyrer) den foretrukne varianten. Begge fungerer gjennom de samme fulvicsyre-mekanismene. Kan ogs\u00e5 brukes i Old Age Protocol, Joint Protocol og som et separat tilskudd for kronisk betennelse og tretthet.   <\/p>\n<p>Les v\u00e5r omfattende blogg om <a href=\"https:\/\/www.ngdcare.nl\/no\/blogg\/shilait\/\">Shilait<\/a> her.<\/p>\n","protected":false},"excerpt":{"rendered":"<p>Shilajit er et h\u00f8yfjells fytokompleks med en unik kombinasjon av fulvinsyre, dibenzo-alfa-pyroner og mineraler i ionisk form. Den st\u00f8tter mitokondriell energiproduksjon, hemmer kronisk betennelse, forbedrer mineralopptaket og hjelper til med \u00e5 gjenopprette tarmbarrieren via stimulering av Akkermansia muciniphila. F\u00f8rstevalg for personer i fase 2 av NGD Care Bowel Protocol.  <\/p>\n","protected":false},"featured_media":0,"comment_status":"closed","ping_status":"closed","template":"","meta":{"wds_primary_product_brand":0,"wds_primary_product_cat":0,"wds_primary_merken":0},"product_brand":[],"product_cat":[1815,8560],"product_tag":[],"merken":[],"class_list":{"0":"post-19403","1":"product","2":"type-product","3":"status-publish","5":"product_cat-ortomolekylaere-kosttilskudd","6":"product_cat-veterinary-health","7":"infinite-scroll-item","8":"sales-flash-overlay","9":"woocommerce-text-align-center","10":"woocommerce-image-align-center","11":"do-quantity-buttons","13":"first","14":"instock","15":"taxable","16":"shipping-taxable","17":"purchasable","18":"product-type-simple"},"_links":{"self":[{"href":"https:\/\/www.ngdcare.nl\/no\/wp-json\/wp\/v2\/product\/19403","targetHints":{"allow":["GET"]}}],"collection":[{"href":"https:\/\/www.ngdcare.nl\/no\/wp-json\/wp\/v2\/product"}],"about":[{"href":"https:\/\/www.ngdcare.nl\/no\/wp-json\/wp\/v2\/types\/product"}],"replies":[{"embeddable":true,"href":"https:\/\/www.ngdcare.nl\/no\/wp-json\/wp\/v2\/comments?post=19403"}],"wp:attachment":[{"href":"https:\/\/www.ngdcare.nl\/no\/wp-json\/wp\/v2\/media?parent=19403"}],"wp:term":[{"taxonomy":"product_brand","embeddable":true,"href":"https:\/\/www.ngdcare.nl\/no\/wp-json\/wp\/v2\/product_brand?post=19403"},{"taxonomy":"product_cat","embeddable":true,"href":"https:\/\/www.ngdcare.nl\/no\/wp-json\/wp\/v2\/product_cat?post=19403"},{"taxonomy":"product_tag","embeddable":true,"href":"https:\/\/www.ngdcare.nl\/no\/wp-json\/wp\/v2\/product_tag?post=19403"},{"taxonomy":"merken","embeddable":true,"href":"https:\/\/www.ngdcare.nl\/no\/wp-json\/wp\/v2\/merken?post=19403"}],"curies":[{"name":"wp","href":"https:\/\/api.w.org\/{rel}","templated":true}]}}