{"id":6372,"date":"2024-01-22T22:07:19","date_gmt":"2024-01-22T22:07:19","guid":{"rendered":"https:\/\/www.ngdcare.nl\/product\/ukategorisert\/vannkefir-fermentert-probiotika\/"},"modified":"2026-04-09T21:27:04","modified_gmt":"2026-04-09T19:27:04","slug":"vannkefir-fermentert-probiotika","status":"publish","type":"product","link":"https:\/\/www.ngdcare.nl\/no\/product\/veterinary-health\/ortomolekylaere-kosttilskudd\/vannkefir-fermentert-probiotika\/","title":{"rendered":"Fermenterte probiotika"},"content":{"rendered":"<p style=\"font-weight: 400;\"><strong>NGD Care \u2013 Fermented Probiotics<\/strong> er en fryset\u00f8rket fermentert vannkefir. Denne formelen inneholder <strong>mer enn 50 forskjellige stammer av naturlige bakterier og gj\u00e6r,<\/strong> inkludert ulike arter av <em>Lactobacillus<\/em>, <em>Saccharomyces<\/em>, <em>Candida<\/em>, <em>Kluyveromyces<\/em> og <em>Acetobacter<\/em>. Dette gj\u00f8r det til et bredtvirkende probiotikakompleks som st\u00f8tter mikrobiomet p\u00e5 flere niv\u00e5er.  <\/p>\n<p style=\"font-weight: 400;\">Vannkefir er ideelt egnet for dyr med tarmproblemer, forstyrrelser i tarmfloraen, eller etter behandling av medisiner som antibiotika, loppemedisin eller ormekur. Det bidrar til \u00e5 gjenopprette den mikrobielle balansen og styrker barrierefunksjonen i tarmveggen. I tillegg har det en positiv innvirkning p\u00e5 immunforsvaret, energibalansen og dyrets generelle velv\u00e6re.  <\/p>\n<p style=\"font-weight: 400;\">I motsetning til isolerte probiotiske produkter tilbyr vannkefir et fullt fermentert produkt, som gir en naturlig symbiose mellom bakterier og gj\u00e6r. Denne synergien er avgj\u00f8rende for kolonisering, mangfold og funksjon av tarmmikrobiomet. <\/p>\n","protected":false},"excerpt":{"rendered":"<p>Denne fryset\u00f8rkede fermenterte vanndrikken inneholder mer enn 50 stammer av bakterier og gj\u00e6r. St\u00f8tter tarmflora, ford\u00f8yelse og immunforsvar hos hunder og katter. Ideell etter antibiotika eller ormekur.  <\/p>\n","protected":false},"featured_media":17830,"comment_status":"open","ping_status":"closed","template":"","meta":{"wds_primary_product_brand":0,"wds_primary_product_cat":16,"wds_primary_merken":0},"product_brand":[],"product_cat":[1811,1813,1815],"product_tag":[1821,1840,1831,1817,1823,1829,1819,1825,1842,1836,1844,1838,1827,1833,1834],"merken":[],"class_list":{"0":"post-6372","1":"product","2":"type-product","3":"status-publish","4":"has-post-thumbnail","6":"product_cat-fordoyelse","7":"product_cat-immunsystem-no","8":"product_cat-ortomolekylaere-kosttilskudd","9":"product_tag-dyr","10":"product_tag-gjaering","11":"product_tag-holistisk","12":"product_tag-hund-no","13":"product_tag-hundene","14":"product_tag-immunsystem-no","15":"product_tag-katt","16":"product_tag-katter","17":"product_tag-kefir-no","18":"product_tag-mikrobiom-no","19":"product_tag-ngd-care-kosttilskudd","20":"product_tag-probiotika-no","21":"product_tag-supplement-no","22":"product_tag-tarmhelse","23":"product_tag-vann-kefir","24":"infinite-scroll-item","25":"sales-flash-overlay","26":"woocommerce-text-align-center","27":"woocommerce-image-align-center","28":"do-quantity-buttons","30":"first","31":"instock","32":"taxable","33":"shipping-taxable","34":"purchasable","35":"product-type-simple"},"_links":{"self":[{"href":"https:\/\/www.ngdcare.nl\/no\/wp-json\/wp\/v2\/product\/6372","targetHints":{"allow":["GET"]}}],"collection":[{"href":"https:\/\/www.ngdcare.nl\/no\/wp-json\/wp\/v2\/product"}],"about":[{"href":"https:\/\/www.ngdcare.nl\/no\/wp-json\/wp\/v2\/types\/product"}],"replies":[{"embeddable":true,"href":"https:\/\/www.ngdcare.nl\/no\/wp-json\/wp\/v2\/comments?post=6372"}],"wp:featuredmedia":[{"embeddable":true,"href":"https:\/\/www.ngdcare.nl\/no\/wp-json\/wp\/v2\/media\/17830"}],"wp:attachment":[{"href":"https:\/\/www.ngdcare.nl\/no\/wp-json\/wp\/v2\/media?parent=6372"}],"wp:term":[{"taxonomy":"product_brand","embeddable":true,"href":"https:\/\/www.ngdcare.nl\/no\/wp-json\/wp\/v2\/product_brand?post=6372"},{"taxonomy":"product_cat","embeddable":true,"href":"https:\/\/www.ngdcare.nl\/no\/wp-json\/wp\/v2\/product_cat?post=6372"},{"taxonomy":"product_tag","embeddable":true,"href":"https:\/\/www.ngdcare.nl\/no\/wp-json\/wp\/v2\/product_tag?post=6372"},{"taxonomy":"merken","embeddable":true,"href":"https:\/\/www.ngdcare.nl\/no\/wp-json\/wp\/v2\/merken?post=6372"}],"curies":[{"name":"wp","href":"https:\/\/api.w.org\/{rel}","templated":true}]}}