{"id":6387,"date":"2024-01-22T21:13:11","date_gmt":"2024-01-22T21:13:11","guid":{"rendered":"https:\/\/www.ngdcare.nl\/product\/ukategorisert\/liposomal-fulvic-og-huminsyre-liposomal-tarmbarrierestotte\/"},"modified":"2026-04-09T22:45:30","modified_gmt":"2026-04-09T20:45:30","slug":"liposomal-fulvic-og-huminsyre-liposomal-tarmbarrierestotte","status":"publish","type":"product","link":"https:\/\/www.ngdcare.nl\/no\/product\/naturlig-kjaeledyrapotek\/liposomal-no\/liposomal-fulvic-og-huminsyre-liposomal-tarmbarrierestotte\/","title":{"rendered":"Liposomal Fulvic og huminsyre \u2013 Liposomal tarmbarrierest\u00f8tte"},"content":{"rendered":"<p style=\"font-weight: 400;\"><strong>NGD Cares<\/strong><strong> liposomale tarmbarrierest\u00f8tte<\/strong> inneholder en kombinasjon av <strong>fulvinsyre og humussyre<\/strong>, begge i liposomal form for optimal opptak. Dette unike tilskuddet st\u00f8tter gjenopprettelsen av tarmbarrieren, fremmer avgiftning og bidrar til bedre opptak av n\u00e6ringsstoffer og sporstoffer. <\/p>\n<p style=\"font-weight: 400;\">Fulvicsyre er et lavmolekyl\u00e6rt stoff som kan binde mineraler, vitaminer, sporstoffer og til og med giftstoffer og transportere dem til kroppens celler. Den er kjent for sin evne til \u00e5 binde og fjerne tungmetaller, mykotoksiner og patogener fra kroppen. Fulvicsyre har ogs\u00e5 en antioksidant effekt og kan bidra til en sunn tarmflora.  <\/p>\n<p style=\"font-weight: 400;\">Huminsyre er allerede naturlig bundet til metaller og fungerer som en kilde til essensielle sporstoffer. Den st\u00f8tter rekonstruksjonen av tarmveggen (tette forbindelser), stimulerer slimhinnelaget og bidrar til gjenoppretting av lekk tarm. <\/p>\n<p style=\"font-weight: 400;\">Denne kombinasjonen kan forbedre b\u00e5de absorpsjon og beskyttelse av n\u00e6ringsstoffer i tarmen, samtidig som den fjerner skadelige stoffer.<\/p>\n","protected":false},"excerpt":{"rendered":"<div>\n<p class=\"p3\">Liposomal fulvin- og huminsyreformel for \u00e5 st\u00f8tte tarmveggen, avgiftning og n\u00e6ringsopptak. Passer for hunder og katter. <\/p>\n<\/div>\n","protected":false},"featured_media":17915,"comment_status":"open","ping_status":"closed","template":"","meta":[],"product_brand":[],"product_cat":[1811,1815,1990],"product_tag":[2030,1821,2031,2028,2027,2026,1823,1825,2032,2029,1992,1836,1844,2008,1833],"merken":[],"class_list":{"0":"post-6387","1":"product","2":"type-product","3":"status-publish","4":"has-post-thumbnail","6":"product_cat-fordoyelse","7":"product_cat-ortomolekylaere-kosttilskudd","8":"product_cat-liposomal-no","9":"product_tag-av-gifte","10":"product_tag-dyr","11":"product_tag-dyretilskudd","12":"product_tag-fulvinsyre","13":"product_tag-humine-no","14":"product_tag-huminsyre","15":"product_tag-hundene","16":"product_tag-katter","17":"product_tag-kosttilskudd","18":"product_tag-lekk-tarm","19":"product_tag-liposomal-no","20":"product_tag-mikrobiom-no","21":"product_tag-ngd-care-kosttilskudd","22":"product_tag-tarmer","23":"product_tag-tarmhelse","24":"infinite-scroll-item","25":"sales-flash-overlay","26":"woocommerce-text-align-center","27":"woocommerce-image-align-center","28":"do-quantity-buttons","30":"first","31":"instock","32":"taxable","33":"shipping-taxable","34":"purchasable","35":"product-type-simple"},"_links":{"self":[{"href":"https:\/\/www.ngdcare.nl\/no\/wp-json\/wp\/v2\/product\/6387","targetHints":{"allow":["GET"]}}],"collection":[{"href":"https:\/\/www.ngdcare.nl\/no\/wp-json\/wp\/v2\/product"}],"about":[{"href":"https:\/\/www.ngdcare.nl\/no\/wp-json\/wp\/v2\/types\/product"}],"replies":[{"embeddable":true,"href":"https:\/\/www.ngdcare.nl\/no\/wp-json\/wp\/v2\/comments?post=6387"}],"wp:featuredmedia":[{"embeddable":true,"href":"https:\/\/www.ngdcare.nl\/no\/wp-json\/wp\/v2\/media\/17915"}],"wp:attachment":[{"href":"https:\/\/www.ngdcare.nl\/no\/wp-json\/wp\/v2\/media?parent=6387"}],"wp:term":[{"taxonomy":"product_brand","embeddable":true,"href":"https:\/\/www.ngdcare.nl\/no\/wp-json\/wp\/v2\/product_brand?post=6387"},{"taxonomy":"product_cat","embeddable":true,"href":"https:\/\/www.ngdcare.nl\/no\/wp-json\/wp\/v2\/product_cat?post=6387"},{"taxonomy":"product_tag","embeddable":true,"href":"https:\/\/www.ngdcare.nl\/no\/wp-json\/wp\/v2\/product_tag?post=6387"},{"taxonomy":"merken","embeddable":true,"href":"https:\/\/www.ngdcare.nl\/no\/wp-json\/wp\/v2\/merken?post=6387"}],"curies":[{"name":"wp","href":"https:\/\/api.w.org\/{rel}","templated":true}]}}