{"id":6418,"date":"2023-11-10T16:08:23","date_gmt":"2023-11-10T16:08:23","guid":{"rendered":"https:\/\/www.ngdcare.nl\/product\/ukategorisert\/liposomal-ashwagandha-og-rhodiola-liposomalt-adaptogenkompleks\/"},"modified":"2026-04-07T17:17:19","modified_gmt":"2026-04-07T15:17:19","slug":"liposomal-ashwagandha-og-rhodiola-liposomalt-adaptogenkompleks","status":"publish","type":"product","link":"https:\/\/www.ngdcare.nl\/no\/product\/veterinary-health\/ortomolekylaere-kosttilskudd\/liposomal-ashwagandha-og-rhodiola-liposomalt-adaptogenkompleks\/","title":{"rendered":"Liposomal Ashwagandha og Rhodiola \u2013 Liposomalt adaptogenkompleks"},"content":{"rendered":"<p style=\"font-weight: 400;\"><strong>Liposomal Adaptogen Complex<\/strong> av <strong>NGD Care<\/strong> kombinerer to av de best unders\u00f8kte adaptogene urtene: <strong>Ashwagandha (Withania somnifera)<\/strong> og <strong>Rhodiola (Rhodiola rosea),<\/strong> innlemmet i en liposomal matrise for optimal biotilgjengelighet. Takket v\u00e6re denne formuleringen forbedres absorpsjonen gjennom tarmen og cellemembranene betraktelig, selv hos dyr med ford\u00f8yelsesproblemer eller kronisk stress. <\/p>\n<p style=\"font-weight: 400;\">Adaptogener er naturlige stoffer som hjelper kroppen \u00e5 h\u00e5ndtere fysisk og emosjonelt stress ved \u00e5 gjenopprette homeostase. Denne kombinasjonen har en regulatorisk effekt: den reduserer stress n\u00e5r nervesystemet er overaktivt, men stimulerer energi og motstandskraft n\u00e5r det er utmattet. <\/p>\n<p style=\"font-weight: 400;\">Ashwagandha er kjent for sine angstdempende, avslappende og immunstyrkende effekter, mens Rhodiola er spesielt effektiv for mental og fysisk tretthet, prestasjonsreduksjon og restitusjon etter sykdom eller trening. Sammen st\u00f8tter de hormonsystemet (HPA-aksen), hemmer oksidativt stress og bidrar til cellefornyelse og stressmotstandsdyktighet. <\/p>\n","protected":false},"excerpt":{"rendered":"<div>\n<p class=\"p3\">Kraftige liposomale adaptogener Ashwagandha og Rhodiola for hunder og katter. St\u00f8tter stress, tretthet og restitusjon. H\u00f8y absorpsjon p\u00e5 grunn av liposomal formulering.  <\/p>\n<\/div>\n","protected":false},"featured_media":17984,"comment_status":"open","ping_status":"closed","template":"","meta":{"wds_primary_product_brand":0,"wds_primary_product_cat":187,"wds_primary_merken":0},"product_brand":[],"product_cat":[1811,1815,1990,2208],"product_tag":[2217,2424,2435,1821,2434,2012,2432,1831,2428,1817,2430,1829,1819,1992,2222,2427,1844,2005,2426,2429,2433,2425,2431],"merken":[],"class_list":{"0":"post-6418","1":"product","2":"type-product","3":"status-publish","4":"has-post-thumbnail","6":"product_cat-fordoyelse","7":"product_cat-ortomolekylaere-kosttilskudd","8":"product_cat-liposomal-no","9":"product_cat-oppforsel","10":"product_tag-adaptogen-no","11":"product_tag-ashwagandha-no","12":"product_tag-binyrene","13":"product_tag-dyr","14":"product_tag-emosjonell-balanse","15":"product_tag-energi","16":"product_tag-fokus-og-konsentrasjon","17":"product_tag-holistisk","18":"product_tag-hormonell-balanse","19":"product_tag-hund-no","20":"product_tag-hvile","21":"product_tag-immunsystem-no","22":"product_tag-katt","23":"product_tag-liposomal-no","24":"product_tag-livskraft","25":"product_tag-naturlig-tilskudd","26":"product_tag-ngd-care-kosttilskudd","27":"product_tag-oppforsel","28":"product_tag-reduksjon-av-stress","29":"product_tag-rekreasjon","30":"product_tag-reparasjon","31":"product_tag-rhodiola-no","32":"product_tag-sovn-fordoyelse","33":"infinite-scroll-item","34":"sales-flash-overlay","35":"woocommerce-text-align-center","36":"woocommerce-image-align-center","37":"do-quantity-buttons","39":"first","40":"instock","41":"taxable","42":"shipping-taxable","43":"purchasable","44":"product-type-simple"},"_links":{"self":[{"href":"https:\/\/www.ngdcare.nl\/no\/wp-json\/wp\/v2\/product\/6418","targetHints":{"allow":["GET"]}}],"collection":[{"href":"https:\/\/www.ngdcare.nl\/no\/wp-json\/wp\/v2\/product"}],"about":[{"href":"https:\/\/www.ngdcare.nl\/no\/wp-json\/wp\/v2\/types\/product"}],"replies":[{"embeddable":true,"href":"https:\/\/www.ngdcare.nl\/no\/wp-json\/wp\/v2\/comments?post=6418"}],"wp:featuredmedia":[{"embeddable":true,"href":"https:\/\/www.ngdcare.nl\/no\/wp-json\/wp\/v2\/media\/17984"}],"wp:attachment":[{"href":"https:\/\/www.ngdcare.nl\/no\/wp-json\/wp\/v2\/media?parent=6418"}],"wp:term":[{"taxonomy":"product_brand","embeddable":true,"href":"https:\/\/www.ngdcare.nl\/no\/wp-json\/wp\/v2\/product_brand?post=6418"},{"taxonomy":"product_cat","embeddable":true,"href":"https:\/\/www.ngdcare.nl\/no\/wp-json\/wp\/v2\/product_cat?post=6418"},{"taxonomy":"product_tag","embeddable":true,"href":"https:\/\/www.ngdcare.nl\/no\/wp-json\/wp\/v2\/product_tag?post=6418"},{"taxonomy":"merken","embeddable":true,"href":"https:\/\/www.ngdcare.nl\/no\/wp-json\/wp\/v2\/merken?post=6418"}],"curies":[{"name":"wp","href":"https:\/\/api.w.org\/{rel}","templated":true}]}}